{"id":736247,"date":"2025-08-27T23:04:12","date_gmt":"2025-08-27T20:04:12","guid":{"rendered":"https:\/\/roveyayinevi.com.tr\/index.php\/urun\/rowleynin-muthis-korku-hikayeleri-ciltli\/"},"modified":"2026-04-16T02:44:55","modified_gmt":"2026-04-15T23:44:55","slug":"rowleynin-muthis-korku-hikayeleri-ciltli","status":"publish","type":"product","link":"https:\/\/roveyayinevi.com.tr\/index.php\/urun\/rowleynin-muthis-korku-hikayeleri-ciltli\/","title":{"rendered":"Rowley\u2019nin M\u00fcthi\u015f Korku Hikayeleri (Ciltli)"},"content":{"rendered":"<p>El fenerini al, yorgan\u0131n\u0131n alt\u0131na gir ve Rowley Jefferson\u2019\u0131nson derece \u015fa\u015f\u0131rtmacal\u0131, s\u00fcrprizli ve gizem dolu hayald\u00fcnyas\u0131na h\u0131zl\u0131 bir dal\u0131\u015f yapmaya haz\u0131rlan! \u00c2deta bir korku t\u00fcneline benzeyen bu kitapta; hayaletler, vampirler, zombiler ve daha pek \u00e7oklar\u0131yla bulu\u015facaks\u0131n. Rowley\u2019nin korku hik\u00e2yeleri seni kahkahalara bo\u011fabilir ama dikkat et, gece \u0131\u015f\u0131klar a\u00e7\u0131k uyumak zorunda kalabilirsin!<\/p>\n","protected":false},"excerpt":{"rendered":"<p>El fenerini al, yorgan\u0131n\u0131n alt\u0131na gir ve Rowley Jefferson\u2019\u0131nson derece \u015fa\u015f\u0131rtmacal\u0131, s\u00fcrprizli ve gizem dolu hayald\u00fcnyas\u0131na h\u0131zl\u0131 bir dal\u0131\u015f yapmaya haz\u0131rlan! \u00c2deta bir korku t\u00fcneline benzeyen<span class=\"excerpt-hellip\"> [\u2026]<\/span><\/p>\n","protected":false},"featured_media":0,"template":"","meta":{"_monsterinsights_skip_tracking":false,"_monsterinsights_sitenote_active":false,"_monsterinsights_sitenote_note":"","_monsterinsights_sitenote_category":0},"product_brand":[],"product_cat":[12275,12274],"product_tag":[],"class_list":{"0":"post-736247","1":"product","2":"type-product","3":"status-publish","5":"product_cat-6-12-yas-kitaplari","6":"product_cat-cocuk-ve-genclik-kitaplari","7":"pa_cilt-ciltli","8":"pa_tur-kitap","9":"pa_yayinevi-epsilon-yayinlari","10":"pa_yazar-jeff-kinney","12":"first","13":"instock","14":"sale","15":"shipping-taxable","16":"purchasable","17":"product-type-simple"},"_links":{"self":[{"href":"https:\/\/roveyayinevi.com.tr\/index.php\/wp-json\/wp\/v2\/product\/736247","targetHints":{"allow":["GET"]}}],"collection":[{"href":"https:\/\/roveyayinevi.com.tr\/index.php\/wp-json\/wp\/v2\/product"}],"about":[{"href":"https:\/\/roveyayinevi.com.tr\/index.php\/wp-json\/wp\/v2\/types\/product"}],"wp:attachment":[{"href":"https:\/\/roveyayinevi.com.tr\/index.php\/wp-json\/wp\/v2\/media?parent=736247"}],"wp:term":[{"taxonomy":"product_brand","embeddable":true,"href":"https:\/\/roveyayinevi.com.tr\/index.php\/wp-json\/wp\/v2\/product_brand?post=736247"},{"taxonomy":"product_cat","embeddable":true,"href":"https:\/\/roveyayinevi.com.tr\/index.php\/wp-json\/wp\/v2\/product_cat?post=736247"},{"taxonomy":"product_tag","embeddable":true,"href":"https:\/\/roveyayinevi.com.tr\/index.php\/wp-json\/wp\/v2\/product_tag?post=736247"}],"curies":[{"name":"wp","href":"https:\/\/api.w.org\/{rel}","templated":true}]}}