{"id":736246,"date":"2025-08-27T23:04:11","date_gmt":"2025-08-27T20:04:11","guid":{"rendered":"https:\/\/roveyayinevi.com.tr\/index.php\/urun\/saftirik-16-tam-isabet\/"},"modified":"2026-04-16T02:44:54","modified_gmt":"2026-04-15T23:44:54","slug":"saftirik-16-tam-isabet","status":"publish","type":"product","link":"https:\/\/roveyayinevi.com.tr\/index.php\/urun\/saftirik-16-tam-isabet\/","title":{"rendered":"Saftirik 16 &#8211; Tam \u0130sabet!"},"content":{"rendered":"<p>Okulda yap\u0131lan spor se\u00e7melerinde b\u00fcy\u00fck h\u00fcsrana u\u011frayan Greg, spor kariyerinin hen\u00fcz ba\u015flamadan bitti\u011fini d\u00fc\u015f\u00fcn\u00fcyor.Fakat annesinin \u0131srarlar\u0131na dayanamay\u0131p spora bir \u015fans daha vermeye karar veriyor ve basketbola yaz\u0131l\u0131yor. Se\u00e7meleri k\u00f6t\u00fc ge\u00e7en Greg, art\u0131k bir tak\u0131ma girme \u015fans\u0131n\u0131n olmad\u0131\u011f\u0131n\u0131 d\u00fc\u015f\u00fcnse de kasaban\u0131n en k\u00f6t\u00fc tak\u0131m\u0131nda forma giymeye hak kazan\u0131yor. Greg ve tak\u0131m arkada\u015flar\u0131n\u0131n bu sezon boyunca tek ma\u00e7 kazanmas\u0131 dahi olas\u0131 de\u011fil gibi. Ama s\u00f6z konusu spor olunca her \u015fey m\u00fcmk\u00fcn. Bakal\u0131m, topu bir kere eline ge\u00e7iren Greg bu \u015fans\u0131 nas\u0131l de\u011ferlendirecek?<\/p>\n","protected":false},"excerpt":{"rendered":"<p>Okulda yap\u0131lan spor se\u00e7melerinde b\u00fcy\u00fck h\u00fcsrana u\u011frayan Greg, spor kariyerinin hen\u00fcz ba\u015flamadan bitti\u011fini d\u00fc\u015f\u00fcn\u00fcyor.Fakat annesinin \u0131srarlar\u0131na dayanamay\u0131p spora bir \u015fans daha vermeye karar veriyor ve basketbola<span class=\"excerpt-hellip\"> [\u2026]<\/span><\/p>\n","protected":false},"featured_media":0,"template":"","meta":{"_monsterinsights_skip_tracking":false,"_monsterinsights_sitenote_active":false,"_monsterinsights_sitenote_note":"","_monsterinsights_sitenote_category":0},"product_brand":[],"product_cat":[12275,12274],"product_tag":[],"class_list":{"0":"post-736246","1":"product","2":"type-product","3":"status-publish","5":"product_cat-6-12-yas-kitaplari","6":"product_cat-cocuk-ve-genclik-kitaplari","7":"pa_cilt-ciltli","8":"pa_tur-kitap","9":"pa_yayinevi-epsilon-yayinlari","10":"pa_yazar-jeff-kinney","12":"first","13":"instock","14":"sale","15":"shipping-taxable","16":"purchasable","17":"product-type-simple"},"_links":{"self":[{"href":"https:\/\/roveyayinevi.com.tr\/index.php\/wp-json\/wp\/v2\/product\/736246","targetHints":{"allow":["GET"]}}],"collection":[{"href":"https:\/\/roveyayinevi.com.tr\/index.php\/wp-json\/wp\/v2\/product"}],"about":[{"href":"https:\/\/roveyayinevi.com.tr\/index.php\/wp-json\/wp\/v2\/types\/product"}],"wp:attachment":[{"href":"https:\/\/roveyayinevi.com.tr\/index.php\/wp-json\/wp\/v2\/media?parent=736246"}],"wp:term":[{"taxonomy":"product_brand","embeddable":true,"href":"https:\/\/roveyayinevi.com.tr\/index.php\/wp-json\/wp\/v2\/product_brand?post=736246"},{"taxonomy":"product_cat","embeddable":true,"href":"https:\/\/roveyayinevi.com.tr\/index.php\/wp-json\/wp\/v2\/product_cat?post=736246"},{"taxonomy":"product_tag","embeddable":true,"href":"https:\/\/roveyayinevi.com.tr\/index.php\/wp-json\/wp\/v2\/product_tag?post=736246"}],"curies":[{"name":"wp","href":"https:\/\/api.w.org\/{rel}","templated":true}]}}