{"id":736244,"date":"2025-08-27T23:04:09","date_gmt":"2025-08-27T20:04:09","guid":{"rendered":"https:\/\/roveyayinevi.com.tr\/index.php\/urun\/kurtun-etkinlik-kitabi\/"},"modified":"2026-04-16T02:44:54","modified_gmt":"2026-04-15T23:44:54","slug":"kurtun-etkinlik-kitabi","status":"publish","type":"product","link":"https:\/\/roveyayinevi.com.tr\/index.php\/urun\/kurtun-etkinlik-kitabi\/","title":{"rendered":"Kurt&#8217;un Etkinlik Kitab\u0131"},"content":{"rendered":"<p>B\u00fcy\u00fck k\u00fc\u00e7\u00fck b\u00fct\u00fcn okurlar\u0131n sevdi\u011fi sevimli karakter Kurt bu kez \u00e7ocuklar i\u00e7in \u00f6zel olarak haz\u0131rlanm\u0131\u015f bir etkinlik kitab\u0131yla kar\u015f\u0131m\u0131za \u00e7\u0131k\u0131yor. Kurt\u2019un Etkinlik Kitab\u0131 k\u0131sa hik\u00e2yeler, oyunlar, bilmeceler, boyamalar ve \u00e7\u0131kartmalar i\u00e7eriyor. Kurt\u2019un maceralar\u0131 devam edecek. <\/p>\n","protected":false},"excerpt":{"rendered":"<p>B\u00fcy\u00fck k\u00fc\u00e7\u00fck b\u00fct\u00fcn okurlar\u0131n sevdi\u011fi sevimli karakter Kurt bu kez \u00e7ocuklar i\u00e7in \u00f6zel olarak haz\u0131rlanm\u0131\u015f bir etkinlik kitab\u0131yla kar\u015f\u0131m\u0131za \u00e7\u0131k\u0131yor. Kurt\u2019un Etkinlik Kitab\u0131 k\u0131sa hik\u00e2yeler, oyunlar,<span class=\"excerpt-hellip\"> [\u2026]<\/span><\/p>\n","protected":false},"featured_media":0,"template":"","meta":{"_monsterinsights_skip_tracking":false,"_monsterinsights_sitenote_active":false,"_monsterinsights_sitenote_note":"","_monsterinsights_sitenote_category":0},"product_brand":[],"product_cat":[12275,12274],"product_tag":[],"class_list":{"0":"post-736244","1":"product","2":"type-product","3":"status-publish","5":"product_cat-6-12-yas-kitaplari","6":"product_cat-cocuk-ve-genclik-kitaplari","7":"pa_cilt-ciltsiz","8":"pa_tur-kitap","9":"pa_yayinevi-yapi-kredi-yayinlari","10":"pa_yazar-orianne-lallemand","12":"first","13":"instock","14":"sale","15":"shipping-taxable","16":"purchasable","17":"product-type-simple"},"_links":{"self":[{"href":"https:\/\/roveyayinevi.com.tr\/index.php\/wp-json\/wp\/v2\/product\/736244","targetHints":{"allow":["GET"]}}],"collection":[{"href":"https:\/\/roveyayinevi.com.tr\/index.php\/wp-json\/wp\/v2\/product"}],"about":[{"href":"https:\/\/roveyayinevi.com.tr\/index.php\/wp-json\/wp\/v2\/types\/product"}],"wp:attachment":[{"href":"https:\/\/roveyayinevi.com.tr\/index.php\/wp-json\/wp\/v2\/media?parent=736244"}],"wp:term":[{"taxonomy":"product_brand","embeddable":true,"href":"https:\/\/roveyayinevi.com.tr\/index.php\/wp-json\/wp\/v2\/product_brand?post=736244"},{"taxonomy":"product_cat","embeddable":true,"href":"https:\/\/roveyayinevi.com.tr\/index.php\/wp-json\/wp\/v2\/product_cat?post=736244"},{"taxonomy":"product_tag","embeddable":true,"href":"https:\/\/roveyayinevi.com.tr\/index.php\/wp-json\/wp\/v2\/product_tag?post=736244"}],"curies":[{"name":"wp","href":"https:\/\/api.w.org\/{rel}","templated":true}]}}