{"id":736243,"date":"2025-08-27T23:04:08","date_gmt":"2025-08-27T20:04:08","guid":{"rendered":"https:\/\/roveyayinevi.com.tr\/index.php\/urun\/sanat-dunyamiz-sayi-186\/"},"modified":"2026-04-16T02:44:54","modified_gmt":"2026-04-15T23:44:54","slug":"sanat-dunyamiz-sayi-186","status":"publish","type":"product","link":"https:\/\/roveyayinevi.com.tr\/index.php\/urun\/sanat-dunyamiz-sayi-186\/","title":{"rendered":"Sanat D\u00fcnyam\u0131z Say\u0131 186"},"content":{"rendered":"<p>Sanat D\u00fcnyam\u0131z\u201d  dergisinin 186. say\u0131s\u0131 \u00e7\u0131kt\u0131!   Sanat D\u00fcnyam\u0131z dergisinin 186. say\u0131s\u0131 yay\u0131mland\u0131. Dergi, yeni y\u0131l\u0131n bu ilk say\u0131s\u0131nda son d\u00f6nem a\u00e7\u0131lan sergilerden, sanat\u00e7\u0131 s\u00f6yle\u015filerine, tiyatro oyunu de\u011ferlendirmelerinden ba\u011f\u0131ms\u0131z inisiyatiflerin \u00e7al\u0131\u015fmalar\u0131na uzanan geni\u015f bir \u00e7er\u00e7eveden yaz\u0131lar\u0131 okurlara sunuyor.   Derginin kapa\u011f\u0131nda Pera M\u00fczesi\u2019nde 6 Mart\u2019a dek izlenebilecek \u201c\u0130stanbul\u2019dan Bizans\u2019a: Yeniden Ke\u015ffin Yollar\u0131, 1800\u20131955\u201d sergisi yer al\u0131yor. Ali Kayaalp sergiden yola \u00e7\u0131karak Bizans\u2019\u0131n k\u00fclt\u00fcrel yans\u0131malar\u0131n\u0131 inceliyor. Necla R\u00fczgar\u2019\u0131n Almanya\u2019da Kassel\u2019de a\u00e7\u0131lan kapsaml\u0131 ki\u015fisel sergisi \u00fczerinden son d\u00f6nem \u00e7al\u0131\u015fmalar\u0131n\u0131 anlatt\u0131\u011f\u0131 Rana Kelleci\u2019nin ger\u00e7ekle\u015ftirdi\u011fi geni\u015f bir s\u00f6yle\u015fi de dergide. Ece Balc\u0131o\u011flu Me\u015fher\u2019deki \u201cBen \u2013 Sen \u2013 Onlar\u201d sergisini de\u011ferlendirirken, Alper Turan ise Saint-Joseph Lisesi\u2019nde yer alan ve okulu sanatsal ara\u015ft\u0131rman\u0131n merkezine koyan \u201cFevkalade Bir Makinenin Kalbi\u201d sergisine dair bir ele\u015ftiri kaleme al\u0131yor. Elif Kam\u0131\u015fl\u0131, Ursula K. Le Guin metinleri aras\u0131nda gezindi\u011fi denemesinde, Deniz Bilgin ve G\u00fcne\u015f Terkol\u2019un \u201cKalbi Ku\u015f Gibi\u201d, Komet\u2019in \u201cResim Sergisi\u201d ve G\u00fc\u00e7l\u00fc \u00d6ztekin\u2019le Sinan Logie\u2019nin \u201cG\u00f6ky\u00fcz\u00fc ekte \/ Ses de, bulu\u015fal\u0131m\u201d sergilerine u\u011fruyor. Deniz K\u0131rkal\u0131, G\u00f6z G\u00f6ze projesini Irmak Canevi ile konu\u015furken, Nursa\u00e7 Sorgun \u00e7evrimi\u00e7i proje \u201cNaz\u00eereler Kitab\u0131\u201d \u00fczerine yaz\u0131yor.   S\u00fcreyyya Evren bu say\u0131da d\u00f6rd\u00fcnc\u00fcs\u00fcne yer verilen yaz\u0131 dizisi Sarmal Senaryolar\u2019da Ma\u00e7ka Sanat Galerisi\u2019ndeki \u201cAn\/Moment\u201d sergisi, Didem Erk\u2019in \u201cMavi bir Ballad\u201d sergisi ve Tufan Baltalar\u2019\u0131n \u201cKay\u0131t D\u0131\u015f\u0131\u201d sergilerinden bahsediyor.   Sanat\u00e7\u0131 Huo Rf her say\u0131 iki sanat\u00e7\u0131n\u0131n bir kavram \u00fczerine s\u00f6yle\u015fisine yer verdi\u011fi Hisler \/ Kar\u015f\u0131la\u015fmalar \/ Kesi\u015fmeler s\u00f6yle\u015fi serisini bu say\u0131da \u201cI\u015f\u0131k\u201d kavram\u0131n\u0131 Ecem Y\u00fcksel ve Nancy Atakan\u2019la s\u00f6yle\u015fi yaparak sonland\u0131r\u0131yor.   T\u00fcrkiye tiyatrosuna yeni eserler kazand\u0131rma amac\u0131yla BKM, DasDas, ENKA Sanat, \u0130KSV ve Zorlu PSM\u2019nin bir araya gelerek olu\u015fturdu\u011fu \u201cOrtak Yap\u0131m\u201d projesinin ilk oyunu Beni Sak\u0131n Yumruklardan +\u0130z b\u00f6l\u00fcm\u00fcnde okurlar\u0131 bekliyor.   Bu b\u00f6l\u00fcmde ayr\u0131ca Anne Imhof\u2019un Paris sergisi, Furkan \u00d6ztekin\u2019in \u201cEn Hassas Yerde\u201d ve Hakan \u00c7\u0131nar\u2019\u0131n \u201cOtoportre\u201d adl\u0131 ki\u015fisel sergilerine dair de\u011ferlendirmeler okunabilir. <\/p>\n","protected":false},"excerpt":{"rendered":"<p>Sanat D\u00fcnyam\u0131z\u201d dergisinin 186. say\u0131s\u0131 \u00e7\u0131kt\u0131! Sanat D\u00fcnyam\u0131z dergisinin 186. say\u0131s\u0131 yay\u0131mland\u0131. Dergi, yeni y\u0131l\u0131n bu ilk say\u0131s\u0131nda son d\u00f6nem a\u00e7\u0131lan sergilerden, sanat\u00e7\u0131 s\u00f6yle\u015filerine, tiyatro oyunu<span class=\"excerpt-hellip\"> [\u2026]<\/span><\/p>\n","protected":false},"featured_media":0,"template":"","meta":{"_monsterinsights_skip_tracking":false,"_monsterinsights_sitenote_active":false,"_monsterinsights_sitenote_note":"","_monsterinsights_sitenote_category":0},"product_brand":[],"product_cat":[22066,13527],"product_tag":[],"class_list":{"0":"post-736243","1":"product","2":"type-product","3":"status-publish","5":"product_cat-sanat-sureli-yayinlar","6":"product_cat-sureli-yayinlar","7":"pa_cilt-ciltsiz","8":"pa_tur-dergi","9":"pa_yayinevi-yapi-kredi-yayinlari-kultur","10":"pa_yazar-yapi-kredi-kolektif","12":"first","13":"instock","14":"sale","15":"shipping-taxable","16":"purchasable","17":"product-type-simple"},"_links":{"self":[{"href":"https:\/\/roveyayinevi.com.tr\/index.php\/wp-json\/wp\/v2\/product\/736243","targetHints":{"allow":["GET"]}}],"collection":[{"href":"https:\/\/roveyayinevi.com.tr\/index.php\/wp-json\/wp\/v2\/product"}],"about":[{"href":"https:\/\/roveyayinevi.com.tr\/index.php\/wp-json\/wp\/v2\/types\/product"}],"wp:attachment":[{"href":"https:\/\/roveyayinevi.com.tr\/index.php\/wp-json\/wp\/v2\/media?parent=736243"}],"wp:term":[{"taxonomy":"product_brand","embeddable":true,"href":"https:\/\/roveyayinevi.com.tr\/index.php\/wp-json\/wp\/v2\/product_brand?post=736243"},{"taxonomy":"product_cat","embeddable":true,"href":"https:\/\/roveyayinevi.com.tr\/index.php\/wp-json\/wp\/v2\/product_cat?post=736243"},{"taxonomy":"product_tag","embeddable":true,"href":"https:\/\/roveyayinevi.com.tr\/index.php\/wp-json\/wp\/v2\/product_tag?post=736243"}],"curies":[{"name":"wp","href":"https:\/\/api.w.org\/{rel}","templated":true}]}}