{"id":736240,"date":"2025-08-27T23:04:06","date_gmt":"2025-08-27T20:04:06","guid":{"rendered":"https:\/\/roveyayinevi.com.tr\/index.php\/urun\/modern-sanat\/"},"modified":"2026-04-16T02:44:54","modified_gmt":"2026-04-15T23:44:54","slug":"modern-sanat","status":"publish","type":"product","link":"https:\/\/roveyayinevi.com.tr\/index.php\/urun\/modern-sanat\/","title":{"rendered":"Modern Sanat"},"content":{"rendered":"<p>K\u0131sa, renkli; zekice yaz\u0131lm\u0131\u015f, temel bilgilerin yer ald\u0131\u011f\u0131 muhte\u015fem kitaplar! hep kitap\u2019tan, sanat tarihine daha yak\u0131ndan \u015fahit olmak, t\u00fcm temel bilgileri \u00f6\u011frenmek isteyen okurlar i\u00e7in e\u015fsiz bir dizi: \u201cSanat\u0131n Olmazsa Olmazlar\u0131!\u201d Anla\u015f\u0131l\u0131r, sade, birbirinden g\u00fczel eserlerle bezeli, uzmanlar taraf\u0131ndan yaz\u0131lm\u0131\u015f bu kitaplarla sanat art\u0131k daha yak\u0131n\u0131n\u0131zda!Modern Sanat modern sanat\u0131n g\u00f6z korkutucu dilini \u00e7\u00f6z\u00fcmleyerek Avrupa ve Amerika\u2019daki geli\u015fimini a\u015fama a\u015fama g\u00f6zler \u00f6n\u00fcne seriyor. Son bir bu\u00e7uk y\u00fczy\u0131l\u0131n Bat\u0131 sanat\u0131n\u0131 anlamak isteyen herkes i\u00e7in e\u015fsiz bir rehber i\u015flevi g\u00f6r\u00fcyor.Haz\u0131r olun, sanat\u0131n en dinamik ve heyecanl\u0131 d\u00f6nemlerinden birini \u00f6\u011frenmek \u00fczeresiniz!<\/p>\n","protected":false},"excerpt":{"rendered":"<p>K\u0131sa, renkli; zekice yaz\u0131lm\u0131\u015f, temel bilgilerin yer ald\u0131\u011f\u0131 muhte\u015fem kitaplar! hep kitap\u2019tan, sanat tarihine daha yak\u0131ndan \u015fahit olmak, t\u00fcm temel bilgileri \u00f6\u011frenmek isteyen okurlar i\u00e7in e\u015fsiz<span class=\"excerpt-hellip\"> [\u2026]<\/span><\/p>\n","protected":false},"featured_media":0,"template":"","meta":{"_monsterinsights_skip_tracking":false,"_monsterinsights_sitenote_active":false,"_monsterinsights_sitenote_note":"","_monsterinsights_sitenote_category":0},"product_brand":[],"product_cat":[44608,12408],"product_tag":[],"class_list":{"0":"post-736240","1":"product","2":"type-product","3":"status-publish","5":"product_cat-diger-sanat","6":"product_cat-sanat","7":"pa_cilt-ciltsiz","8":"pa_tur-kitap","9":"pa_yayinevi-hep-kitap","10":"pa_yazar-amy-dempsey","12":"first","13":"instock","14":"sale","15":"shipping-taxable","16":"purchasable","17":"product-type-simple"},"_links":{"self":[{"href":"https:\/\/roveyayinevi.com.tr\/index.php\/wp-json\/wp\/v2\/product\/736240","targetHints":{"allow":["GET"]}}],"collection":[{"href":"https:\/\/roveyayinevi.com.tr\/index.php\/wp-json\/wp\/v2\/product"}],"about":[{"href":"https:\/\/roveyayinevi.com.tr\/index.php\/wp-json\/wp\/v2\/types\/product"}],"wp:attachment":[{"href":"https:\/\/roveyayinevi.com.tr\/index.php\/wp-json\/wp\/v2\/media?parent=736240"}],"wp:term":[{"taxonomy":"product_brand","embeddable":true,"href":"https:\/\/roveyayinevi.com.tr\/index.php\/wp-json\/wp\/v2\/product_brand?post=736240"},{"taxonomy":"product_cat","embeddable":true,"href":"https:\/\/roveyayinevi.com.tr\/index.php\/wp-json\/wp\/v2\/product_cat?post=736240"},{"taxonomy":"product_tag","embeddable":true,"href":"https:\/\/roveyayinevi.com.tr\/index.php\/wp-json\/wp\/v2\/product_tag?post=736240"}],"curies":[{"name":"wp","href":"https:\/\/api.w.org\/{rel}","templated":true}]}}