{"id":736237,"date":"2025-08-27T23:04:02","date_gmt":"2025-08-27T20:04:02","guid":{"rendered":"https:\/\/roveyayinevi.com.tr\/index.php\/urun\/duygular-ve-dusunceler\/"},"modified":"2026-04-16T02:44:54","modified_gmt":"2026-04-15T23:44:54","slug":"duygular-ve-dusunceler","status":"publish","type":"product","link":"https:\/\/roveyayinevi.com.tr\/index.php\/urun\/duygular-ve-dusunceler\/","title":{"rendered":"Duygular ve D\u00fc\u015f\u00fcnceler"},"content":{"rendered":"<p>Kitabullah, yerlerin, g\u00f6klerin ve \u00f6telerin yeg\u00e2ne hakikat s\u00f6zc\u00fcs\u00fcd\u00fcr. O ne kutlu ve vef\u00e2k\u00e2r a\u015fkt\u0131r ki; sen onun yakas\u0131n\u0131 b\u0131rakt\u0131\u011f\u0131n halde o, senin yakan\u0131 b\u0131rakmaz ve seni y\u00e2d ele atmaz!&#8230; Bizim kutlu mesle\u011fimiz ve asl\u00e2 vazge\u00e7emeyece\u011fimiz kuts\u00ee i\u015fimiz, m\u00fcmk\u00fcn olan her anda, her makam ve mak\u00e2nda Kur\u2019\u00e2n-\u0131 Hak\u00eem\u2019in y\u00fcce buyruklar\u0131ndan ders almak ve ders vermekten ibarettir <\/p>\n","protected":false},"excerpt":{"rendered":"<p>Kitabullah, yerlerin, g\u00f6klerin ve \u00f6telerin yeg\u00e2ne hakikat s\u00f6zc\u00fcs\u00fcd\u00fcr. O ne kutlu ve vef\u00e2k\u00e2r a\u015fkt\u0131r ki; sen onun yakas\u0131n\u0131 b\u0131rakt\u0131\u011f\u0131n halde o, senin yakan\u0131 b\u0131rakmaz ve seni<span class=\"excerpt-hellip\"> [\u2026]<\/span><\/p>\n","protected":false},"featured_media":0,"template":"","meta":{"_monsterinsights_skip_tracking":false,"_monsterinsights_sitenote_active":false,"_monsterinsights_sitenote_note":"","_monsterinsights_sitenote_category":0},"product_brand":[],"product_cat":[20351,12388],"product_tag":[],"class_list":{"0":"post-736237","1":"product","2":"type-product","3":"status-publish","5":"product_cat-dusunce","6":"product_cat-felsefe","7":"pa_cilt-ciltsiz","8":"pa_tur-kitap","9":"pa_yayinevi-altinordu-yayinlari","10":"pa_yazar-musa-ozdag","12":"first","13":"instock","14":"sale","15":"shipping-taxable","16":"purchasable","17":"product-type-simple"},"_links":{"self":[{"href":"https:\/\/roveyayinevi.com.tr\/index.php\/wp-json\/wp\/v2\/product\/736237","targetHints":{"allow":["GET"]}}],"collection":[{"href":"https:\/\/roveyayinevi.com.tr\/index.php\/wp-json\/wp\/v2\/product"}],"about":[{"href":"https:\/\/roveyayinevi.com.tr\/index.php\/wp-json\/wp\/v2\/types\/product"}],"wp:attachment":[{"href":"https:\/\/roveyayinevi.com.tr\/index.php\/wp-json\/wp\/v2\/media?parent=736237"}],"wp:term":[{"taxonomy":"product_brand","embeddable":true,"href":"https:\/\/roveyayinevi.com.tr\/index.php\/wp-json\/wp\/v2\/product_brand?post=736237"},{"taxonomy":"product_cat","embeddable":true,"href":"https:\/\/roveyayinevi.com.tr\/index.php\/wp-json\/wp\/v2\/product_cat?post=736237"},{"taxonomy":"product_tag","embeddable":true,"href":"https:\/\/roveyayinevi.com.tr\/index.php\/wp-json\/wp\/v2\/product_tag?post=736237"}],"curies":[{"name":"wp","href":"https:\/\/api.w.org\/{rel}","templated":true}]}}