{"id":736236,"date":"2025-08-27T23:04:01","date_gmt":"2025-08-27T20:04:01","guid":{"rendered":"https:\/\/roveyayinevi.com.tr\/index.php\/urun\/kapidaki-kadin\/"},"modified":"2026-04-16T02:44:54","modified_gmt":"2026-04-15T23:44:54","slug":"kapidaki-kadin","status":"publish","type":"product","link":"https:\/\/roveyayinevi.com.tr\/index.php\/urun\/kapidaki-kadin\/","title":{"rendered":"Kap\u0131daki Kad\u0131n"},"content":{"rendered":"<p>&#8220;Ac\u0131 da, sevin\u00e7 de, a\u015fk da davetsiz gelir.&#8221; Ferda \u0130zbudak Ak\u0131nc\u0131&#8217;n\u0131n Kap\u0131daki Kad\u0131n adl\u0131 roman\u0131, bir kaza sonucu hayat\u0131n\u0131 kaybetmenin e\u015fi\u011fine gelen bir adam\u0131n zihninin dehlizlerinde gezindiren s\u00fcr\u00fckleyici bir metin.  Yak\u0131n tarihimizin en \u00f6nemli k\u0131r\u0131lma noktalar\u0131ndan biri olan 80 d\u00f6neminin yaratt\u0131\u011f\u0131 travman\u0131n g\u00f6lgesinde ya\u015fanan saplant\u0131 derecesinde tutkulu ama platonik bir a\u015fk sarmal\u0131n\u0131 oda\u011f\u0131na alan kitap, ayn\u0131  zamanda on bin y\u0131ll\u0131k dostumuz bu\u011fday\u0131n her ge\u00e7en g\u00fcn daha da yabanc\u0131la\u015ft\u0131\u011f\u0131m\u0131z hik\u00e2yesine e\u011filiyor.   Yazar\u0131n yer yer bilin\u00e7 ak\u0131\u015f\u0131 tekni\u011fini de kulland\u0131\u011f\u0131 eseri, zaman i\u00e7inde \u00e7ok de\u011fi\u015fik y\u00f6nlere akan bir hayat\u0131 ve onunla kesi\u015fen di\u011fer hayatlar\u0131, toplumun y\u0131llar i\u00e7inde ge\u00e7irdi\u011fi de\u011fi\u015fimleri g\u00f6z \u00f6n\u00fcnde tutarak betimliyor.   Birbirine paralel iki kurguyla ilerleyen Kap\u0131daki Kad\u0131n, bir araba kazas\u0131 ile a\u00e7\u0131l\u0131yor. Soyut adl\u0131 karakter hastanede ya\u015fam m\u00fccadelesi verirken, belle\u011fi de orman, deniz ve \u00e7\u00f6l arketipleriyle neler oldu\u011funu hat\u0131rlamak \u00fczere ge\u00e7mi\u015fe do\u011fru bir yolculu\u011fa \u00e7\u0131kar\u0131yor okurlar\u0131. Hayal ile ger\u00e7e\u011fin i\u00e7 i\u00e7e ge\u00e7ti\u011fi bu yolculukta, haf\u0131zas\u0131ndaki bo\u015fluklar\u0131 doldurmaya \u00e7al\u0131\u015fan kahraman\u0131m\u0131z\u0131n ge\u00e7mi\u015f an\u0131lar\u0131nda; k\u00f6kleri elli y\u0131l \u00f6ncesine dayanan toplumsal bir travman\u0131n izlerine, tutkulu bir a\u015fka, yitip giden ya\u015famlara ve bu\u011fday\u0131n \u015fark\u0131s\u0131na rastl\u0131yoruz. Soyut, aray\u0131\u015flarla, hesapla\u015fmalarla hayat\u0131n anlam\u0131n\u0131 sorgularken, hastanede onun ba\u015f\u0131nda bekleyen eski e\u015fi ve merak i\u00e7indeki daha pek \u00e7oklar\u0131 ise her g\u00fcn g\u00f6rd\u00fckleri Kap\u0131daki Kad\u0131n&#8217;\u0131n kimli\u011fini \u00e7\u00f6zmeye \u00e7al\u0131\u015f\u0131yor&#8230; Ferda \u0130zbudak Ak\u0131nc\u0131 bu \u00e7okkatmanl\u0131 kitab\u0131yla, ak\u0131p giden ya\u015fam\u0131n, hik\u00e2yelerini geride kalanlara anlatmay\u0131 s\u00fcrd\u00fcrd\u00fc\u011f\u00fcn\u00fc bir kez daha hat\u0131rlat\u0131yor. Herkes bekliyor. \u0130pek d\u00f6\u015feklerde tuhaf bir s\u00fck\u00fbnetle miskin oturan ejderhalar dillerini \u00e7\u0131karm\u0131\u015f, \u00e7ekik g\u00f6zlerinde donuk bak\u0131\u015flar\u0131yla Soyut&#8217;a bak\u0131yor.<\/p>\n","protected":false},"excerpt":{"rendered":"<p>&#8220;Ac\u0131 da, sevin\u00e7 de, a\u015fk da davetsiz gelir.&#8221; Ferda \u0130zbudak Ak\u0131nc\u0131&#8217;n\u0131n Kap\u0131daki Kad\u0131n adl\u0131 roman\u0131, bir kaza sonucu hayat\u0131n\u0131 kaybetmenin e\u015fi\u011fine gelen bir adam\u0131n zihninin dehlizlerinde<span class=\"excerpt-hellip\"> [\u2026]<\/span><\/p>\n","protected":false},"featured_media":0,"template":"","meta":{"_monsterinsights_skip_tracking":false,"_monsterinsights_sitenote_active":false,"_monsterinsights_sitenote_note":"","_monsterinsights_sitenote_category":0},"product_brand":[],"product_cat":[12291,12711],"product_tag":[],"class_list":{"0":"post-736236","1":"product","2":"type-product","3":"status-publish","5":"product_cat-edebiyat","6":"product_cat-roman-oyku","7":"pa_cilt-ciltsiz","8":"pa_tur-kitap","9":"pa_yayinevi-delidolu","10":"pa_yazar-ferda-izbudak-akinci","12":"first","13":"instock","14":"sale","15":"shipping-taxable","16":"purchasable","17":"product-type-simple"},"_links":{"self":[{"href":"https:\/\/roveyayinevi.com.tr\/index.php\/wp-json\/wp\/v2\/product\/736236","targetHints":{"allow":["GET"]}}],"collection":[{"href":"https:\/\/roveyayinevi.com.tr\/index.php\/wp-json\/wp\/v2\/product"}],"about":[{"href":"https:\/\/roveyayinevi.com.tr\/index.php\/wp-json\/wp\/v2\/types\/product"}],"wp:attachment":[{"href":"https:\/\/roveyayinevi.com.tr\/index.php\/wp-json\/wp\/v2\/media?parent=736236"}],"wp:term":[{"taxonomy":"product_brand","embeddable":true,"href":"https:\/\/roveyayinevi.com.tr\/index.php\/wp-json\/wp\/v2\/product_brand?post=736236"},{"taxonomy":"product_cat","embeddable":true,"href":"https:\/\/roveyayinevi.com.tr\/index.php\/wp-json\/wp\/v2\/product_cat?post=736236"},{"taxonomy":"product_tag","embeddable":true,"href":"https:\/\/roveyayinevi.com.tr\/index.php\/wp-json\/wp\/v2\/product_tag?post=736236"}],"curies":[{"name":"wp","href":"https:\/\/api.w.org\/{rel}","templated":true}]}}