{"id":736234,"date":"2025-08-27T23:03:58","date_gmt":"2025-08-27T20:03:58","guid":{"rendered":"https:\/\/roveyayinevi.com.tr\/index.php\/urun\/kizil-veba-bez-ciltli\/"},"modified":"2026-04-16T02:44:54","modified_gmt":"2026-04-15T23:44:54","slug":"kizil-veba-bez-ciltli","status":"publish","type":"product","link":"https:\/\/roveyayinevi.com.tr\/index.php\/urun\/kizil-veba-bez-ciltli\/","title":{"rendered":"K\u0131z\u0131l Veba (Bez Ciltli)"},"content":{"rendered":"<p>2013\u2019te d\u00fcnya \u00fczerinden insanlar\u0131 silip s\u00fcp\u00fcren y\u0131k\u0131c\u0131 bir veba salg\u0131n\u0131 patlak verir. 60 y\u0131l sonra, hayata tutunmay\u0131 ba\u015farm\u0131\u015f bir avu\u00e7 insandan biri olan Profes\u00f6r James Howard Smith torunlar\u0131na \u201con bin y\u0131ll\u0131k k\u00fclt\u00fcr ve uygarl\u0131\u011f\u0131n g\u00f6z a\u00e7\u0131p kapay\u0131ncaya kadar nas\u0131l k\u00f6p\u00fck gibi kaybolup gitti\u011fini\u201d anlat\u0131r, salg\u0131ndan \u00f6nceki d\u00fcnyay\u0131 hat\u0131rlayan belki de son ki\u015fi olabilece\u011fi endi\u015fesiyle t\u00fcm bildiklerini onlara aktarmaya \u00e7al\u0131\u015f\u0131r.   \u0130nsanl\u0131\u011f\u0131n do\u011fa kar\u015f\u0131s\u0131nda ne kadar aciz oldu\u011funu ve ka\u00e7\u0131n\u0131lmaz ilkelle\u015fmeyi \u00e7arp\u0131c\u0131 bir dille ortaya koyan edebi deha Jack London taraf\u0131ndan 1910 y\u0131l\u0131nda kaleme al\u0131nm\u0131\u015f bu apokaliptik eseri B\u00fclent O. Do\u011fan\u2019\u0131n \u00f6zenli \u00e7evirisiyle sunuyoruz. <\/p>\n","protected":false},"excerpt":{"rendered":"<p>2013\u2019te d\u00fcnya \u00fczerinden insanlar\u0131 silip s\u00fcp\u00fcren y\u0131k\u0131c\u0131 bir veba salg\u0131n\u0131 patlak verir. 60 y\u0131l sonra, hayata tutunmay\u0131 ba\u015farm\u0131\u015f bir avu\u00e7 insandan biri olan Profes\u00f6r James Howard<span class=\"excerpt-hellip\"> [\u2026]<\/span><\/p>\n","protected":false},"featured_media":0,"template":"","meta":{"_monsterinsights_skip_tracking":false,"_monsterinsights_sitenote_active":false,"_monsterinsights_sitenote_note":"","_monsterinsights_sitenote_category":0},"product_brand":[],"product_cat":[12291,12711],"product_tag":[],"class_list":{"0":"post-736234","1":"product","2":"type-product","3":"status-publish","5":"product_cat-edebiyat","6":"product_cat-roman-oyku","7":"pa_cilt-ciltli","8":"pa_tur-kitap","9":"pa_yayinevi-koridor-yayincilik","10":"pa_yazar-jack-london","12":"first","13":"instock","14":"sale","15":"shipping-taxable","16":"purchasable","17":"product-type-simple"},"_links":{"self":[{"href":"https:\/\/roveyayinevi.com.tr\/index.php\/wp-json\/wp\/v2\/product\/736234","targetHints":{"allow":["GET"]}}],"collection":[{"href":"https:\/\/roveyayinevi.com.tr\/index.php\/wp-json\/wp\/v2\/product"}],"about":[{"href":"https:\/\/roveyayinevi.com.tr\/index.php\/wp-json\/wp\/v2\/types\/product"}],"wp:attachment":[{"href":"https:\/\/roveyayinevi.com.tr\/index.php\/wp-json\/wp\/v2\/media?parent=736234"}],"wp:term":[{"taxonomy":"product_brand","embeddable":true,"href":"https:\/\/roveyayinevi.com.tr\/index.php\/wp-json\/wp\/v2\/product_brand?post=736234"},{"taxonomy":"product_cat","embeddable":true,"href":"https:\/\/roveyayinevi.com.tr\/index.php\/wp-json\/wp\/v2\/product_cat?post=736234"},{"taxonomy":"product_tag","embeddable":true,"href":"https:\/\/roveyayinevi.com.tr\/index.php\/wp-json\/wp\/v2\/product_tag?post=736234"}],"curies":[{"name":"wp","href":"https:\/\/api.w.org\/{rel}","templated":true}]}}