{"id":736233,"date":"2025-08-27T23:03:56","date_gmt":"2025-08-27T20:03:56","guid":{"rendered":"https:\/\/roveyayinevi.com.tr\/index.php\/urun\/coskun-sabah-anilar\/"},"modified":"2026-04-16T02:44:54","modified_gmt":"2026-04-15T23:44:54","slug":"coskun-sabah-anilar","status":"publish","type":"product","link":"https:\/\/roveyayinevi.com.tr\/index.php\/urun\/coskun-sabah-anilar\/","title":{"rendered":"Co\u015fkun Sabah An\u0131lar"},"content":{"rendered":"<p>Anadolu\u2019nun m\u00fczi\u011fi ve do\u011fdu\u011fu topraklar\u0131n na\u011fmeleriyle yeti\u015fip daha k\u00fc\u00e7\u00fck ya\u015ftan itibaren uda g\u00f6n\u00fcl veren Co\u015fkun Sabah, \u201cYapamazs\u0131n!\u201d diyenlere inat, klasik bir T\u00fcrk m\u00fczi\u011fi \u00e7alg\u0131s\u0131yla tek ba\u015f\u0131na sahne almaya ba\u015flad\u0131\u011f\u0131nda, sadece kendi hayat hik\u00e2yesinin de\u011fil, T\u00fcrkiye\u2019nin m\u00fczik tarihinin de k\u0131r\u0131lma noktalar\u0131ndan birinin ba\u015frollerinden oldu.   Alb\u00fcmleri sat\u0131\u015f rekorlar\u0131 k\u0131ran, konserleri t\u0131kl\u0131m t\u0131kl\u0131m dolan, udunun tellerinde halk\u0131n nabz\u0131n\u0131 tutan, saz\u0131n\u0131n virt\u00fc\u00f6z\u00fc Co\u015fkun Sabah\u2019\u0131n hi\u00e7 de kolayl\u0131kla katetmedi\u011fi ya\u015fam yolunun sat\u0131r aralar\u0131 \u00fcz\u00fcnt\u00fcler, sevin\u00e7ler ve g\u00f6rkemli sanat hayat\u0131, Didem Abidin ve Selahaddin Abidin\u2019in kaleminden An\u0131lar \u015eimdi G\u00f6z\u00fcmde Canland\u0131lar\u2019da okurla bulu\u015fuyor.<\/p>\n","protected":false},"excerpt":{"rendered":"<p>Anadolu\u2019nun m\u00fczi\u011fi ve do\u011fdu\u011fu topraklar\u0131n na\u011fmeleriyle yeti\u015fip daha k\u00fc\u00e7\u00fck ya\u015ftan itibaren uda g\u00f6n\u00fcl veren Co\u015fkun Sabah, \u201cYapamazs\u0131n!\u201d diyenlere inat, klasik bir T\u00fcrk m\u00fczi\u011fi \u00e7alg\u0131s\u0131yla tek ba\u015f\u0131na<span class=\"excerpt-hellip\"> [\u2026]<\/span><\/p>\n","protected":false},"featured_media":0,"template":"","meta":{"_monsterinsights_skip_tracking":false,"_monsterinsights_sitenote_active":false,"_monsterinsights_sitenote_note":"","_monsterinsights_sitenote_category":0},"product_brand":[],"product_cat":[14009,12291],"product_tag":[],"class_list":{"0":"post-736233","1":"product","2":"type-product","3":"status-publish","5":"product_cat-biyografi-otobiyografi-edebiyat","6":"product_cat-edebiyat","7":"pa_cilt-ciltsiz","8":"pa_tur-kitap","9":"pa_yayinevi-mona-kitap","10":"pa_yazar-didem-abidin-selahaddin-abidin","12":"first","13":"instock","14":"sale","15":"shipping-taxable","16":"purchasable","17":"product-type-simple"},"_links":{"self":[{"href":"https:\/\/roveyayinevi.com.tr\/index.php\/wp-json\/wp\/v2\/product\/736233","targetHints":{"allow":["GET"]}}],"collection":[{"href":"https:\/\/roveyayinevi.com.tr\/index.php\/wp-json\/wp\/v2\/product"}],"about":[{"href":"https:\/\/roveyayinevi.com.tr\/index.php\/wp-json\/wp\/v2\/types\/product"}],"wp:attachment":[{"href":"https:\/\/roveyayinevi.com.tr\/index.php\/wp-json\/wp\/v2\/media?parent=736233"}],"wp:term":[{"taxonomy":"product_brand","embeddable":true,"href":"https:\/\/roveyayinevi.com.tr\/index.php\/wp-json\/wp\/v2\/product_brand?post=736233"},{"taxonomy":"product_cat","embeddable":true,"href":"https:\/\/roveyayinevi.com.tr\/index.php\/wp-json\/wp\/v2\/product_cat?post=736233"},{"taxonomy":"product_tag","embeddable":true,"href":"https:\/\/roveyayinevi.com.tr\/index.php\/wp-json\/wp\/v2\/product_tag?post=736233"}],"curies":[{"name":"wp","href":"https:\/\/api.w.org\/{rel}","templated":true}]}}