{"id":736232,"date":"2025-08-27T23:03:55","date_gmt":"2025-08-27T20:03:55","guid":{"rendered":"https:\/\/roveyayinevi.com.tr\/index.php\/urun\/kucuk-bir-mesele\/"},"modified":"2026-04-16T02:44:54","modified_gmt":"2026-04-15T23:44:54","slug":"kucuk-bir-mesele","status":"publish","type":"product","link":"https:\/\/roveyayinevi.com.tr\/index.php\/urun\/kucuk-bir-mesele\/","title":{"rendered":"K\u00fc\u00e7\u00fck Bir Mesele"},"content":{"rendered":"<p>Hayat, ba\u015f\u0131m\u0131za gelen \u00f6yk\u00fclerin ta kendisi! Kafede, \u00fcniversitede, evde, takside, plajda ba\u015f\u0131m\u0131za geliverenleri, ince ayr\u0131nt\u0131lar ve sahici karakterlerle resmeden, ya\u015fam\u0131n t\u00fcrl\u00fc sokaklar\u0131na girip \u00e7\u0131kan \u00f6yk\u00fcler\u2026 Edebiyat\u0131m\u0131z\u0131n \u00f6d\u00fcll\u00fc yazarlar\u0131ndan Neslihan \u00d6ndero\u011flu, gen\u00e7lerin d\u00fcnyas\u0131ndan yans\u0131yan \u00f6yk\u00fcler anlat\u0131yor. ON8 Blog\u2019daki sevilen k\u00f6\u015fesi Cin At\u0131\u2019nda biriktirdi\u011fi \u00f6yk\u00fclere yenilerini de ekleyen yazar, gen\u00e7 duygular\u0131, gen\u00e7likte ya\u015fananlar\u0131 \u00f6zg\u00fcn \u00fcslubuyla okura f\u0131s\u0131ld\u0131yor. Tatile \u00e7\u0131kanlar, kendi yolunu \u00e7izenler, kalbi k\u0131r\u0131klar, eve d\u00f6nenler, \u00e2\u015f\u0131klar, se\u00e7medi\u011fi bir hayat\u0131 ya\u015famak zorunda kalanlar, macera pe\u015finde ko\u015fanlar, hayal k\u0131r\u0131kl\u0131\u011f\u0131yla tan\u0131\u015fanlar, aile i\u015finde \u00e7al\u0131\u015fanlar, umut edenler, d\u00fcnyay\u0131 \u00f6nemseyenler, kendi i\u00e7ine d\u00f6n\u00fckler, terk edilenler, bekleyenler, hayalperestler, kabullenenler, inat edenler&#8230; Ya\u015fam\u0131n t\u00fcrl\u00fc sokaklar\u0131na girip \u00e7\u0131kan 27 \u00f6yk\u00fc.<\/p>\n","protected":false},"excerpt":{"rendered":"<p>Hayat, ba\u015f\u0131m\u0131za gelen \u00f6yk\u00fclerin ta kendisi! Kafede, \u00fcniversitede, evde, takside, plajda ba\u015f\u0131m\u0131za geliverenleri, ince ayr\u0131nt\u0131lar ve sahici karakterlerle resmeden, ya\u015fam\u0131n t\u00fcrl\u00fc sokaklar\u0131na girip \u00e7\u0131kan \u00f6yk\u00fcler\u2026 Edebiyat\u0131m\u0131z\u0131n<span class=\"excerpt-hellip\"> [\u2026]<\/span><\/p>\n","protected":false},"featured_media":0,"template":"","meta":{"_monsterinsights_skip_tracking":false,"_monsterinsights_sitenote_active":false,"_monsterinsights_sitenote_note":"","_monsterinsights_sitenote_category":0},"product_brand":[],"product_cat":[12291,12711],"product_tag":[],"class_list":{"0":"post-736232","1":"product","2":"type-product","3":"status-publish","5":"product_cat-edebiyat","6":"product_cat-roman-oyku","7":"pa_cilt-ciltsiz","8":"pa_tur-kitap","9":"pa_yayinevi-on8-kitap","10":"pa_yazar-neslihan-onderoglu","12":"first","13":"instock","14":"sale","15":"shipping-taxable","16":"purchasable","17":"product-type-simple"},"_links":{"self":[{"href":"https:\/\/roveyayinevi.com.tr\/index.php\/wp-json\/wp\/v2\/product\/736232","targetHints":{"allow":["GET"]}}],"collection":[{"href":"https:\/\/roveyayinevi.com.tr\/index.php\/wp-json\/wp\/v2\/product"}],"about":[{"href":"https:\/\/roveyayinevi.com.tr\/index.php\/wp-json\/wp\/v2\/types\/product"}],"wp:attachment":[{"href":"https:\/\/roveyayinevi.com.tr\/index.php\/wp-json\/wp\/v2\/media?parent=736232"}],"wp:term":[{"taxonomy":"product_brand","embeddable":true,"href":"https:\/\/roveyayinevi.com.tr\/index.php\/wp-json\/wp\/v2\/product_brand?post=736232"},{"taxonomy":"product_cat","embeddable":true,"href":"https:\/\/roveyayinevi.com.tr\/index.php\/wp-json\/wp\/v2\/product_cat?post=736232"},{"taxonomy":"product_tag","embeddable":true,"href":"https:\/\/roveyayinevi.com.tr\/index.php\/wp-json\/wp\/v2\/product_tag?post=736232"}],"curies":[{"name":"wp","href":"https:\/\/api.w.org\/{rel}","templated":true}]}}