{"id":736230,"date":"2025-08-27T23:03:52","date_gmt":"2025-08-27T20:03:52","guid":{"rendered":"https:\/\/roveyayinevi.com.tr\/index.php\/urun\/beyaz-sessizlik\/"},"modified":"2026-04-16T02:44:54","modified_gmt":"2026-04-15T23:44:54","slug":"beyaz-sessizlik","status":"publish","type":"product","link":"https:\/\/roveyayinevi.com.tr\/index.php\/urun\/beyaz-sessizlik\/","title":{"rendered":"Beyaz Sessizlik"},"content":{"rendered":"<p>H\u00fczn\u00fcme kar ya\u011f\u0131yor, sessizden, inceden&#8230; Ku\u015f susuyor, g\u00f6k susuyor, da\u011f susuyor kar ya\u011farken. Kar konu\u015fmuyor inerken, ses \u00e7\u0131km\u0131yor, iniyor. Sevincime kar ya\u011f\u0131yor. Dost\u00e7a sar\u0131l\u0131\u015f\u0131ma, karde\u015f\u00e7e kucaklay\u0131\u015f\u0131ma kar ya\u011f\u0131yor. Donuyor sevgiler, \u00fc\u015f\u00fcyor hasretler. Derdime kar ya\u011f\u0131yor. U\u011fulduyor kula\u011f\u0131m. Yine s\u0131rtlan\u0131yorum ya\u015fl\u0131 d\u00fcnyay\u0131. D\u00fcnyaya kar ya\u011f\u0131yor. Derdim bitmiyor karla, so\u011fuyor yaln\u0131zca. A\u015fk\u0131ma kar ya\u011f\u0131yor. Nerede ba\u015flay\u0131p bitti\u011fini bile kestiremiyorum. \u0130nce bir s\u0131z\u0131, so\u011fuk bir b\u0131\u00e7ak gibi etime bat\u0131yor kar kristalleri. \u00d6fkeme kar ya\u011f\u0131yor. Bitmiyor \u00f6fkem, t\u00fckenmiyor. Her tane de\u011fiyor, eriyor, lapa lapa karlara en \u00e7ok \u00f6fkem direniyor. Sevgime kar ya\u011f\u0131yor. K\u0131rg\u0131nl\u0131klar\u0131m da so\u011fuk zaten. Cemreler t\u00fcmden g\u00f6\u011fe \u00e7ekilmi\u015f. Y\u00fcre\u011fime kar ya\u011f\u0131yor, yine \u00fc\u015f\u00fcyorum. Korkular\u0131ma kar ya\u011f\u0131yor. Karanl\u0131\u011f\u0131m\u0131 a\u011fart\u0131yor biraz, iyi oluyor. \u00d6c\u00fclerime, ecinnilerime, i\u011fnecilerime kar ya\u011f\u0131yor. <\/p>\n","protected":false},"excerpt":{"rendered":"<p>H\u00fczn\u00fcme kar ya\u011f\u0131yor, sessizden, inceden&#8230; Ku\u015f susuyor, g\u00f6k susuyor, da\u011f susuyor kar ya\u011farken. Kar konu\u015fmuyor inerken, ses \u00e7\u0131km\u0131yor, iniyor. Sevincime kar ya\u011f\u0131yor. Dost\u00e7a sar\u0131l\u0131\u015f\u0131ma, karde\u015f\u00e7e kucaklay\u0131\u015f\u0131ma<span class=\"excerpt-hellip\"> [\u2026]<\/span><\/p>\n","protected":false},"featured_media":0,"template":"","meta":{"_monsterinsights_skip_tracking":false,"_monsterinsights_sitenote_active":false,"_monsterinsights_sitenote_note":"","_monsterinsights_sitenote_category":0},"product_brand":[],"product_cat":[12777,12291],"product_tag":[],"class_list":{"0":"post-736230","1":"product","2":"type-product","3":"status-publish","5":"product_cat-deneme","6":"product_cat-edebiyat","7":"pa_cilt-ciltsiz","8":"pa_tur-kitap","9":"pa_yayinevi-cinaralti-yayinlari","10":"pa_yazar-fahri-erdinc","12":"first","13":"instock","14":"sale","15":"shipping-taxable","16":"purchasable","17":"product-type-simple"},"_links":{"self":[{"href":"https:\/\/roveyayinevi.com.tr\/index.php\/wp-json\/wp\/v2\/product\/736230","targetHints":{"allow":["GET"]}}],"collection":[{"href":"https:\/\/roveyayinevi.com.tr\/index.php\/wp-json\/wp\/v2\/product"}],"about":[{"href":"https:\/\/roveyayinevi.com.tr\/index.php\/wp-json\/wp\/v2\/types\/product"}],"wp:attachment":[{"href":"https:\/\/roveyayinevi.com.tr\/index.php\/wp-json\/wp\/v2\/media?parent=736230"}],"wp:term":[{"taxonomy":"product_brand","embeddable":true,"href":"https:\/\/roveyayinevi.com.tr\/index.php\/wp-json\/wp\/v2\/product_brand?post=736230"},{"taxonomy":"product_cat","embeddable":true,"href":"https:\/\/roveyayinevi.com.tr\/index.php\/wp-json\/wp\/v2\/product_cat?post=736230"},{"taxonomy":"product_tag","embeddable":true,"href":"https:\/\/roveyayinevi.com.tr\/index.php\/wp-json\/wp\/v2\/product_tag?post=736230"}],"curies":[{"name":"wp","href":"https:\/\/api.w.org\/{rel}","templated":true}]}}