{"id":736228,"date":"2025-08-27T23:02:59","date_gmt":"2025-08-27T20:02:59","guid":{"rendered":"https:\/\/roveyayinevi.com.tr\/index.php\/urun\/en-yakin-ask\/"},"modified":"2026-04-16T02:44:54","modified_gmt":"2026-04-15T23:44:54","slug":"en-yakin-ask","status":"publish","type":"product","link":"https:\/\/roveyayinevi.com.tr\/index.php\/urun\/en-yakin-ask\/","title":{"rendered":"En Yak\u0131n A\u015fk"},"content":{"rendered":"<p>Kimimizin elinde un, kimimizin ya\u011f, kimimizin m\u00fcrekkep lekesi. Lakin y\u0131kan\u0131nca ge\u00e7meyen hi\u00e7bir \u015feye el s\u00fcrmedik. Susunca anla\u015f\u0131lmayan hi\u00e7bir \u015fey s\u00f6ylemedik. Tabiri caiz olmayan hi\u00e7bir \u015feyden bahsetmedik. Besmeleyle ba\u015flay\u0131p, hamdeleyle bitirdik. G\u00fczel olan\u0131 sevdik. En g\u00fczelin yaratt\u0131\u011f\u0131 g\u00f6nl\u00fcm\u00fcze, \u00e7irkinlik libas\u0131n\u0131 hi\u00e7 giydirmedik. Kini, kibri ve hasedi yolumuza yolda\u015f etmedik. Merhameti bolca \u00fcle\u015fip, fazlas\u0131n\u0131 muhtac\u0131na b\u0131rakt\u0131k. Sevdik korkmad\u0131k, sevildik \u015f\u00fckrettik, aldand\u0131k, vehmettik, a\u011flad\u0131k sabrettik. \u201cHer h\u00fcz\u00fcn ge\u00e7er, d\u00fcn d\u00fcnyada kal\u0131r.\u201d dedik. Bu g\u00fcn\u00fcm\u00fcz\u00fc soranlara; umutlardan, yar\u0131nlardan bahsettik. Yanmay\u0131 sevdik belki ama ba\u015fkas\u0131n\u0131n k\u00f6z\u00fcne el s\u00fcrmedik. Ve\u2026 \u0130\u015fte b\u00f6ylece ba\u015flad\u0131: \u201cYa\u015famakla \u00f6lmek aras\u0131ndaki en yak\u0131n a\u015fk hik\u00e2yemiz.\u201d<\/p>\n","protected":false},"excerpt":{"rendered":"<p>Kimimizin elinde un, kimimizin ya\u011f, kimimizin m\u00fcrekkep lekesi. Lakin y\u0131kan\u0131nca ge\u00e7meyen hi\u00e7bir \u015feye el s\u00fcrmedik. Susunca anla\u015f\u0131lmayan hi\u00e7bir \u015fey s\u00f6ylemedik. Tabiri caiz olmayan hi\u00e7bir \u015feyden bahsetmedik.<span class=\"excerpt-hellip\"> [\u2026]<\/span><\/p>\n","protected":false},"featured_media":0,"template":"","meta":{"_monsterinsights_skip_tracking":false,"_monsterinsights_sitenote_active":false,"_monsterinsights_sitenote_note":"","_monsterinsights_sitenote_category":0},"product_brand":[],"product_cat":[12777,12291],"product_tag":[],"class_list":{"0":"post-736228","1":"product","2":"type-product","3":"status-publish","5":"product_cat-deneme","6":"product_cat-edebiyat","7":"pa_cilt-ciltsiz","8":"pa_tur-kitap","9":"pa_yayinevi-cinaralti-yayinlari","10":"pa_yazar-mehmet-fatih","12":"first","13":"instock","14":"sale","15":"shipping-taxable","16":"purchasable","17":"product-type-simple"},"_links":{"self":[{"href":"https:\/\/roveyayinevi.com.tr\/index.php\/wp-json\/wp\/v2\/product\/736228","targetHints":{"allow":["GET"]}}],"collection":[{"href":"https:\/\/roveyayinevi.com.tr\/index.php\/wp-json\/wp\/v2\/product"}],"about":[{"href":"https:\/\/roveyayinevi.com.tr\/index.php\/wp-json\/wp\/v2\/types\/product"}],"wp:attachment":[{"href":"https:\/\/roveyayinevi.com.tr\/index.php\/wp-json\/wp\/v2\/media?parent=736228"}],"wp:term":[{"taxonomy":"product_brand","embeddable":true,"href":"https:\/\/roveyayinevi.com.tr\/index.php\/wp-json\/wp\/v2\/product_brand?post=736228"},{"taxonomy":"product_cat","embeddable":true,"href":"https:\/\/roveyayinevi.com.tr\/index.php\/wp-json\/wp\/v2\/product_cat?post=736228"},{"taxonomy":"product_tag","embeddable":true,"href":"https:\/\/roveyayinevi.com.tr\/index.php\/wp-json\/wp\/v2\/product_tag?post=736228"}],"curies":[{"name":"wp","href":"https:\/\/api.w.org\/{rel}","templated":true}]}}