{"id":736226,"date":"2025-08-27T23:02:57","date_gmt":"2025-08-27T20:02:57","guid":{"rendered":"https:\/\/roveyayinevi.com.tr\/index.php\/urun\/mavi-col-yusuf-ile-zuleyha\/"},"modified":"2026-04-16T02:44:53","modified_gmt":"2026-04-15T23:44:53","slug":"mavi-col-yusuf-ile-zuleyha","status":"publish","type":"product","link":"https:\/\/roveyayinevi.com.tr\/index.php\/urun\/mavi-col-yusuf-ile-zuleyha\/","title":{"rendered":"Mavi \u00c7\u00f6l &#8211; Yusuf \u0130le Z\u00fcleyha"},"content":{"rendered":"<p>A\u015fk\u0131n elleri dokundu kad\u0131n\u0131n kaderine. Kad\u0131n sars\u0131ld\u0131. G\u00f6\u011fs\u00fcnde kor bir ate\u015f. T\u00fcm k\u00e2inat\u0131 ku\u015fatt\u0131. Matem \u00e7ad\u0131r\u0131 a\u015fkla sars\u0131ld\u0131. \u201cBen bir \u00e7\u00f6l k\u0131z\u0131y\u0131m.\u201d dedi. Sevdi\u011fi adam \u00f6n\u00fcnden savrulup ge\u00e7ti. Adam\u0131n a\u015fk\u0131 \u00f6mr\u00fcnden ge\u00e7ip gitmedi. Kad\u0131n onun ard\u0131ndan y\u00fcr\u00fcd\u00fc matem \u00e7ad\u0131r\u0131na. Kula\u011f\u0131na ilk anlat\u0131c\u0131n\u0131n sesi ili\u015fti. Bu, sevdas\u0131na hayran oldu\u011fu Ai\u015fe\u2019nin sesiydi. As\u0131rlar \u00f6ncesinden ona yeti\u015fti. \u00d6lesiye a\u015fk dolu, \u00f6lesiye \u015fefkatliydi. Dizlerine koydu ba\u015f\u0131n\u0131. Ai\u015fe\u2019nin ellerinde sa\u00e7lar\u0131 tel tel \u00e7\u00f6z\u00fcld\u00fc. Sakinle\u015fiverdi. Ai\u015fe, onun sa\u00e7lar\u0131n\u0131 ok\u015fayarak anlatmaya koyuldu: \u201cEy Yusuf! Sa\u00e7lar\u0131n ne kadar g\u00fczel!\u201d dedi kad\u0131n. Yusuf; \u201cCesedimden ilk d\u00f6k\u00fclecek \u015fey odur!\u201d dedi. Kad\u0131n; \u201cEy Yusuf! G\u00f6zlerin ne kadar g\u00fczel!\u201d dedi. Yusuf; \u201cCesedimden ilk \u00f6nce yere akacak odur!\u201d dedi. Kad\u0131n; \u201cEy Yusuf! Y\u00fcz\u00fcn ne kadar g\u00fczel!\u2019 dedi. Yusuf; \u201cO, toprak i\u00e7indir. Toprak, onu yiyecektir!\u201d dedi. Kad\u0131n\u0131n \u00f6n\u00fcndeki a\u015fk bahsi defterinin kapa\u011f\u0131, kad\u0131n \u015fifa bulsun diye kald\u0131r\u0131ld\u0131: K\u0131ssa-i Yusuf! Kad\u0131n, Yusuf \u2019un a\u015fk\u0131na dald\u0131. A\u015fka bismillah\u2026 Hepsi bu! <\/p>\n","protected":false},"excerpt":{"rendered":"<p>A\u015fk\u0131n elleri dokundu kad\u0131n\u0131n kaderine. Kad\u0131n sars\u0131ld\u0131. G\u00f6\u011fs\u00fcnde kor bir ate\u015f. T\u00fcm k\u00e2inat\u0131 ku\u015fatt\u0131. Matem \u00e7ad\u0131r\u0131 a\u015fkla sars\u0131ld\u0131. \u201cBen bir \u00e7\u00f6l k\u0131z\u0131y\u0131m.\u201d dedi. Sevdi\u011fi adam \u00f6n\u00fcnden<span class=\"excerpt-hellip\"> [\u2026]<\/span><\/p>\n","protected":false},"featured_media":0,"template":"","meta":{"_monsterinsights_skip_tracking":false,"_monsterinsights_sitenote_active":false,"_monsterinsights_sitenote_note":"","_monsterinsights_sitenote_category":0},"product_brand":[],"product_cat":[12291,12711],"product_tag":[],"class_list":{"0":"post-736226","1":"product","2":"type-product","3":"status-publish","5":"product_cat-edebiyat","6":"product_cat-roman-oyku","7":"pa_cilt-ciltsiz","8":"pa_tur-kitap","9":"pa_yayinevi-cinaralti-yayinlari","10":"pa_yazar-eda-bildek","12":"first","13":"instock","14":"sale","15":"shipping-taxable","16":"purchasable","17":"product-type-simple"},"_links":{"self":[{"href":"https:\/\/roveyayinevi.com.tr\/index.php\/wp-json\/wp\/v2\/product\/736226","targetHints":{"allow":["GET"]}}],"collection":[{"href":"https:\/\/roveyayinevi.com.tr\/index.php\/wp-json\/wp\/v2\/product"}],"about":[{"href":"https:\/\/roveyayinevi.com.tr\/index.php\/wp-json\/wp\/v2\/types\/product"}],"wp:attachment":[{"href":"https:\/\/roveyayinevi.com.tr\/index.php\/wp-json\/wp\/v2\/media?parent=736226"}],"wp:term":[{"taxonomy":"product_brand","embeddable":true,"href":"https:\/\/roveyayinevi.com.tr\/index.php\/wp-json\/wp\/v2\/product_brand?post=736226"},{"taxonomy":"product_cat","embeddable":true,"href":"https:\/\/roveyayinevi.com.tr\/index.php\/wp-json\/wp\/v2\/product_cat?post=736226"},{"taxonomy":"product_tag","embeddable":true,"href":"https:\/\/roveyayinevi.com.tr\/index.php\/wp-json\/wp\/v2\/product_tag?post=736226"}],"curies":[{"name":"wp","href":"https:\/\/api.w.org\/{rel}","templated":true}]}}