{"id":736225,"date":"2025-08-27T23:02:55","date_gmt":"2025-08-27T20:02:55","guid":{"rendered":"https:\/\/roveyayinevi.com.tr\/index.php\/urun\/ey-ask\/"},"modified":"2026-04-16T02:44:53","modified_gmt":"2026-04-15T23:44:53","slug":"ey-ask","status":"publish","type":"product","link":"https:\/\/roveyayinevi.com.tr\/index.php\/urun\/ey-ask\/","title":{"rendered":"Ey A\u015fk"},"content":{"rendered":"<p>\u201cSiz yitik c\u00fcmlelerin nas\u0131l bir k\u0131y\u0131m ger\u00e7ekle\u015ftirdi\u011fini bilir misiniz? Bilir misiniz her \u015feyin tamam oldu\u011funu sanan y\u0131\u011f\u0131nla insan\u0131n aras\u0131nda mutluluk pozlar\u0131 ile dimdik dururken a\u011f\u0131r ve h\u00fcz\u00fcnl\u00fc yazg\u0131s\u0131n\u0131 sol g\u00f6\u011fs\u00fcnde ta\u015f\u0131man\u0131n k\u00fclfetini? Sahi; \u00e7arpan m\u0131d\u0131r yoksa \u00e7arp\u0131lan m\u0131 hakikatin kendisi?\u201d Her harfi kalbimi ac\u0131tsa da sevda \u00fczerine risaleler yazmakt\u0131r niyetim. Harflerin izini s\u00fcr\u00fcp kelama d\u00f6kmek. Nedir sevda dedikleri? Tarifi yap\u0131labilir mi sevdan\u0131n sahi? *****  \u201c\u015eimdi s\u00f6z\u00fcn d\u00fc\u011f\u00fcm oldu\u011fu noktada bir ilmek daha at\u0131yorum harflerle. Bir nakka\u015f gibi k\u00e2\u011f\u0131da nak\u015fediyorum sevday\u0131. \u00c7i\u00e7eklerin bile yapay\u0131n\u0131n var oldu\u011fu g\u00fcn\u00fcm\u00fczde, sevmenin hakikati alt\u0131nda do\u011fmak ve s\u0131ms\u0131k\u0131 tutunmak i\u00e7in g\u00f6nle, sevda diyorum.\u201d Sevda; ke\u015ffedilmeyi bekleyen hazine mi? Sevda; insan\u0131n bir \u00f6teki kendisi mi? Yoksa; i\u00e7inde y\u00fckselen ad\u0131n\u0131 koyamad\u0131\u011f\u0131 duygular\u0131n ayak sesleri mi? Sahi, sevdan\u0131n tarifi yap\u0131labilir mi? <\/p>\n","protected":false},"excerpt":{"rendered":"<p>\u201cSiz yitik c\u00fcmlelerin nas\u0131l bir k\u0131y\u0131m ger\u00e7ekle\u015ftirdi\u011fini bilir misiniz? Bilir misiniz her \u015feyin tamam oldu\u011funu sanan y\u0131\u011f\u0131nla insan\u0131n aras\u0131nda mutluluk pozlar\u0131 ile dimdik dururken a\u011f\u0131r ve<span class=\"excerpt-hellip\"> [\u2026]<\/span><\/p>\n","protected":false},"featured_media":0,"template":"","meta":{"_monsterinsights_skip_tracking":false,"_monsterinsights_sitenote_active":false,"_monsterinsights_sitenote_note":"","_monsterinsights_sitenote_category":0},"product_brand":[],"product_cat":[12777,12291],"product_tag":[],"class_list":{"0":"post-736225","1":"product","2":"type-product","3":"status-publish","5":"product_cat-deneme","6":"product_cat-edebiyat","7":"pa_cilt-ciltsiz","8":"pa_tur-kitap","9":"pa_yayinevi-cinaralti-yayinlari","10":"pa_yazar-nagihan-cankesen","12":"first","13":"instock","14":"sale","15":"shipping-taxable","16":"purchasable","17":"product-type-simple"},"_links":{"self":[{"href":"https:\/\/roveyayinevi.com.tr\/index.php\/wp-json\/wp\/v2\/product\/736225","targetHints":{"allow":["GET"]}}],"collection":[{"href":"https:\/\/roveyayinevi.com.tr\/index.php\/wp-json\/wp\/v2\/product"}],"about":[{"href":"https:\/\/roveyayinevi.com.tr\/index.php\/wp-json\/wp\/v2\/types\/product"}],"wp:attachment":[{"href":"https:\/\/roveyayinevi.com.tr\/index.php\/wp-json\/wp\/v2\/media?parent=736225"}],"wp:term":[{"taxonomy":"product_brand","embeddable":true,"href":"https:\/\/roveyayinevi.com.tr\/index.php\/wp-json\/wp\/v2\/product_brand?post=736225"},{"taxonomy":"product_cat","embeddable":true,"href":"https:\/\/roveyayinevi.com.tr\/index.php\/wp-json\/wp\/v2\/product_cat?post=736225"},{"taxonomy":"product_tag","embeddable":true,"href":"https:\/\/roveyayinevi.com.tr\/index.php\/wp-json\/wp\/v2\/product_tag?post=736225"}],"curies":[{"name":"wp","href":"https:\/\/api.w.org\/{rel}","templated":true}]}}