{"id":736224,"date":"2025-08-27T23:02:54","date_gmt":"2025-08-27T20:02:54","guid":{"rendered":"https:\/\/roveyayinevi.com.tr\/index.php\/urun\/beyaz-oruntu\/"},"modified":"2026-04-16T02:44:53","modified_gmt":"2026-04-15T23:44:53","slug":"beyaz-oruntu","status":"publish","type":"product","link":"https:\/\/roveyayinevi.com.tr\/index.php\/urun\/beyaz-oruntu\/","title":{"rendered":"Beyaz \u00d6r\u00fcnt\u00fc"},"content":{"rendered":"<p>\u015eiir dilinde sadele\u015fme son derece \u00f6nemsizdir \u00e7\u00fcnk\u00fc s\u00f6ylenmek istenenin tam anlam\u0131yla ifade edilebilmesi i\u00e7in yo\u011fun yahut s\u00fcsl\u00fc bir dil kullanmak gayet tabiidir hatta \u015fiir yeni bir t\u00fcretmedir ve okur baz\u0131 bo\u015fluklar\u0131 bizzat doldurmal\u0131d\u0131r. (t\u00fcretmelidir) Bu \u015fekilde dil, \u015fiir ve dolay\u0131s\u0131yla d\u00fc\u015f\u00fcnce tarz\u0131 mesafe katedebilir.   Son olarak \u015funu da belirtmeliyim ki ayn\u0131 hissiyat m\u00fctemadiyen tekerr\u00fcr etti\u011fi i\u00e7in eserime \u201cBeyaz \u00d6r\u00fcnt\u00fc\u201d ad\u0131n\u0131 verdim. Nihayet, Yakup Kadri\u2019ye atfen \u201chi\u00e7 dalgalanmayan ve hi\u00e7 ses vermeyen karanl\u0131k ve \u0131ss\u0131z\u201d bu bo\u015flu\u011fa ilk ve son ta\u015f at\u0131\u015f\u0131md\u0131r. <\/p>\n","protected":false},"excerpt":{"rendered":"<p>\u015eiir dilinde sadele\u015fme son derece \u00f6nemsizdir \u00e7\u00fcnk\u00fc s\u00f6ylenmek istenenin tam anlam\u0131yla ifade edilebilmesi i\u00e7in yo\u011fun yahut s\u00fcsl\u00fc bir dil kullanmak gayet tabiidir hatta \u015fiir yeni bir<span class=\"excerpt-hellip\"> [\u2026]<\/span><\/p>\n","protected":false},"featured_media":0,"template":"","meta":{"_monsterinsights_skip_tracking":false,"_monsterinsights_sitenote_active":false,"_monsterinsights_sitenote_note":"","_monsterinsights_sitenote_category":0},"product_brand":[],"product_cat":[12291,12509],"product_tag":[],"class_list":{"0":"post-736224","1":"product","2":"type-product","3":"status-publish","5":"product_cat-edebiyat","6":"product_cat-siir","7":"pa_cilt-ciltsiz","8":"pa_tur-kitap","9":"pa_yayinevi-gulnar-yayinlari","10":"pa_yazar-cem-deniz","12":"first","13":"instock","14":"sale","15":"shipping-taxable","16":"purchasable","17":"product-type-simple"},"_links":{"self":[{"href":"https:\/\/roveyayinevi.com.tr\/index.php\/wp-json\/wp\/v2\/product\/736224","targetHints":{"allow":["GET"]}}],"collection":[{"href":"https:\/\/roveyayinevi.com.tr\/index.php\/wp-json\/wp\/v2\/product"}],"about":[{"href":"https:\/\/roveyayinevi.com.tr\/index.php\/wp-json\/wp\/v2\/types\/product"}],"wp:attachment":[{"href":"https:\/\/roveyayinevi.com.tr\/index.php\/wp-json\/wp\/v2\/media?parent=736224"}],"wp:term":[{"taxonomy":"product_brand","embeddable":true,"href":"https:\/\/roveyayinevi.com.tr\/index.php\/wp-json\/wp\/v2\/product_brand?post=736224"},{"taxonomy":"product_cat","embeddable":true,"href":"https:\/\/roveyayinevi.com.tr\/index.php\/wp-json\/wp\/v2\/product_cat?post=736224"},{"taxonomy":"product_tag","embeddable":true,"href":"https:\/\/roveyayinevi.com.tr\/index.php\/wp-json\/wp\/v2\/product_tag?post=736224"}],"curies":[{"name":"wp","href":"https:\/\/api.w.org\/{rel}","templated":true}]}}