{"id":736219,"date":"2025-08-27T23:02:49","date_gmt":"2025-08-27T20:02:49","guid":{"rendered":"https:\/\/roveyayinevi.com.tr\/index.php\/urun\/40-itiraf-hikayeleri\/"},"modified":"2025-11-21T07:28:02","modified_gmt":"2025-11-21T04:28:02","slug":"40-itiraf-hikayeleri","status":"publish","type":"product","link":"https:\/\/roveyayinevi.com.tr\/index.php\/urun\/40-itiraf-hikayeleri\/","title":{"rendered":"40+ \u0130tiraf Hikayeleri"},"content":{"rendered":"<p>\u201cAlt\u0131mda ak\u0131p giden yol ve arkamda b\u0131rak\u0131p gitti\u011fim y\u0131llar bir s\u00fcr\u00fc g\u00fcnah ve hata sakl\u0131yordu. Bizi insan yapan \u015feyin i\u00e7imizdeki iyilik olmad\u0131\u011f\u0131n\u0131 fark edeli \u00e7ok uzun seneler olmu\u015ftu. Bizi insan yapan \u015fey, i\u00e7imizdeki \u015feytandan ba\u015fkas\u0131 de\u011fildi. O bizi y\u00f6nlendiriyor ve asla akl\u0131m\u0131za gelmeyece\u011fini sand\u0131\u011f\u0131m\u0131z ilhamlar veriyordu. O bizden ibaretti ve biz de ondan ibaret ya\u015f\u0131yorduk. \u0130yi insan olmak bir yan\u0131lsamayd\u0131 sadece ve nedense buna kendimizi inand\u0131rmak i\u00e7in \u00e7abal\u0131yorduk.\u201d Neden bilmiyorum ama dudaklar\u0131mdan \u015fu s\u00f6zler d\u00f6k\u00fcl\u00fcnce ben bile \u015fa\u015f\u0131rd\u0131m: \u201c\u0130nsanlar\u0131n g\u00fcnahlar\u0131n\u0131 yazmak isterdim.\u201d \u201cBenden ba\u015flayabilirsin hocam&#8230;\u201d dedi \u201cSana daha \u00f6nce anlatmad\u0131\u011f\u0131m baz\u0131 g\u00fcnahlar\u0131m\u0131 \u00e7\u0131karabilirim ama bir \u015fartla, ismimi yay\u0131mlamayacaks\u0131n.\u201d \u0130li\u015fki uzman\u0131, yazar Adil Y\u0131ld\u0131r\u0131m, kaleme ald\u0131\u011f\u0131 bu son kitab\u0131nda, insan do\u011fas\u0131n\u0131n \u201ciyi g\u00f6r\u00fcn\u00fcm\u00fcn\u00fcn\u2019\u2019 ard\u0131ndaki karanl\u0131k odaya ad\u0131m at\u0131yor. Herkesin kendine itiraf edemedi\u011fi sakl\u0131 s\u0131rlar\u0131, ya\u015fanm\u0131\u015fl\u0131klar\u0131, y\u00fckleri ve zaferleri vard\u0131r. Ya\u015fananlar, kaderin d\u00f6ng\u00fcs\u00fcyle \u201ctuhaf\u2019\u2019 \u015fekilde uyumlanarak, hayat yolculu\u011funu \u015fekillendirir. \u015eimdi herkesin kendisiyle \u201cy\u00fczle\u015fme\u2019\u2019 zaman\u0131.   Bu kitapta aktar\u0131lan hayat hik\u00e2yeleri, 40 ya\u015f\u0131n\u0131 ge\u00e7mi\u015f insanlar\u0131n itiraflar\u0131d\u0131r. <\/p>\n","protected":false},"excerpt":{"rendered":"<p>\u201cAlt\u0131mda ak\u0131p giden yol ve arkamda b\u0131rak\u0131p gitti\u011fim y\u0131llar bir s\u00fcr\u00fc g\u00fcnah ve hata sakl\u0131yordu. Bizi insan yapan \u015feyin i\u00e7imizdeki iyilik olmad\u0131\u011f\u0131n\u0131 fark edeli \u00e7ok uzun<span class=\"excerpt-hellip\"> [\u2026]<\/span><\/p>\n","protected":false},"featured_media":0,"template":"","meta":{"_monsterinsights_skip_tracking":false,"_monsterinsights_sitenote_active":false,"_monsterinsights_sitenote_note":"","_monsterinsights_sitenote_category":0},"product_brand":[],"product_cat":[12364,12376],"product_tag":[],"class_list":{"0":"post-736219","1":"product","2":"type-product","3":"status-publish","5":"product_cat-genel-konular","6":"product_cat-kisisel-gelisim","7":"pa_cilt-ciltsiz","8":"pa_tur-kitap","9":"pa_yayinevi-kara-karga-yayinlari","10":"pa_yazar-adil-yildirim","12":"first","13":"instock","14":"sale","15":"shipping-taxable","16":"purchasable","17":"product-type-simple"},"_links":{"self":[{"href":"https:\/\/roveyayinevi.com.tr\/index.php\/wp-json\/wp\/v2\/product\/736219","targetHints":{"allow":["GET"]}}],"collection":[{"href":"https:\/\/roveyayinevi.com.tr\/index.php\/wp-json\/wp\/v2\/product"}],"about":[{"href":"https:\/\/roveyayinevi.com.tr\/index.php\/wp-json\/wp\/v2\/types\/product"}],"wp:attachment":[{"href":"https:\/\/roveyayinevi.com.tr\/index.php\/wp-json\/wp\/v2\/media?parent=736219"}],"wp:term":[{"taxonomy":"product_brand","embeddable":true,"href":"https:\/\/roveyayinevi.com.tr\/index.php\/wp-json\/wp\/v2\/product_brand?post=736219"},{"taxonomy":"product_cat","embeddable":true,"href":"https:\/\/roveyayinevi.com.tr\/index.php\/wp-json\/wp\/v2\/product_cat?post=736219"},{"taxonomy":"product_tag","embeddable":true,"href":"https:\/\/roveyayinevi.com.tr\/index.php\/wp-json\/wp\/v2\/product_tag?post=736219"}],"curies":[{"name":"wp","href":"https:\/\/api.w.org\/{rel}","templated":true}]}}