{"id":736216,"date":"2025-08-27T23:02:46","date_gmt":"2025-08-27T20:02:46","guid":{"rendered":"https:\/\/roveyayinevi.com.tr\/index.php\/urun\/icimizden-dogan-guc\/"},"modified":"2026-04-08T02:53:45","modified_gmt":"2026-04-07T23:53:45","slug":"icimizden-dogan-guc","status":"publish","type":"product","link":"https:\/\/roveyayinevi.com.tr\/index.php\/urun\/icimizden-dogan-guc\/","title":{"rendered":"\u0130\u00e7imizden Do\u011fan G\u00fc\u00e7"},"content":{"rendered":"<p>Sevginin b\u00fct\u00fcn sorular\u0131n cevab\u0131 oldu\u011funu anlad\u0131\u011f\u0131m\u0131zda bilge oluruz.   Hayat\u0131m\u0131zda \u015f\u00fckran duyarak hat\u0131rlamad\u0131\u011f\u0131m\u0131z her dakika yeterince incelemedi\u011fimiz bir dakikad\u0131r. E\u011fer onu incelemi\u015f olsayd\u0131k, alt\u0131nda yatan, kimi filozof ve teologlar\u0131n \u201cb\u00fcy\u00fck ilahi plan\u201d dedikleri muhte\u015fem ve gizli d\u00fczeni g\u00f6rebilirdik. \u0130li\u015fkilerimizdeki \u00e7atlaklar, i\u015fimizi alt\u00fcst eden bir aksilik ya da olumsuz k\u0131s\u0131rd\u00f6ng\u00fcler bize hep hayatta daha iyisini yapmam\u0131z gerekti\u011fini anlat\u0131r gibi gelir, oysa neye kar\u015f\u0131 koyarsak o g\u00fc\u00e7lenir. Dengesizlik sand\u0131\u011f\u0131m\u0131z \u015fey bir yan\u0131lsamad\u0131r, her \u015fey ba\u015ftan beri m\u00fckemmel bir d\u00fczene g\u00f6re i\u015fler. Duyulara ait hi\u00e7bir \u015fey ruhu tatmin edemez. Ruhu tatmin edebilecek yeg\u00e2ne \u015feyler; \u015f\u00fck\u00fcr ve kalpten gelen sevgidir. \u00d6zlem duyduklar\u0131m\u0131z de\u011ferlerimize y\u00f6n verir, de\u011ferlerimiz kaderimizi belirler, de\u011ferlerimiz de\u011fi\u015ftik\u00e7e kaderimiz de de\u011fi\u015fir. D\u00fcnyaca \u00fcnl\u00fc motivasyon konu\u015fmac\u0131s\u0131 Dr. John Demartini kusursuz anlat\u0131m\u0131yla bu kez mutluluk ve \u015f\u00fck\u00fcr dolu yeni bir ya\u015fam\u0131n kap\u0131lar\u0131n\u0131 aral\u0131yor. Pe\u015finde ko\u015ftuklar\u0131n\u0131zla de\u011fil elinizdekilerle mutlu olman\u0131n basit ve d\u00fcr\u00fcst ilkelerini a\u00e7\u0131kl\u0131yor. Al\u0131\u015ft\u0131rmalar, olumlamalar ve g\u00fcnl\u00fck tutma metotlar\u0131yla birlikte bu kitap sorunlarla bo\u011fu\u015fan herkesin zihnine \u00e7ok daha ho\u015fnut olmay\u0131 sa\u011flayacak yepyeni bir bak\u0131\u015f a\u00e7\u0131s\u0131 kazand\u0131r\u0131yor. <\/p>\n","protected":false},"excerpt":{"rendered":"<p>Sevginin b\u00fct\u00fcn sorular\u0131n cevab\u0131 oldu\u011funu anlad\u0131\u011f\u0131m\u0131zda bilge oluruz. Hayat\u0131m\u0131zda \u015f\u00fckran duyarak hat\u0131rlamad\u0131\u011f\u0131m\u0131z her dakika yeterince incelemedi\u011fimiz bir dakikad\u0131r. E\u011fer onu incelemi\u015f olsayd\u0131k, alt\u0131nda yatan, kimi filozof<span class=\"excerpt-hellip\"> [\u2026]<\/span><\/p>\n","protected":false},"featured_media":0,"template":"","meta":{"_monsterinsights_skip_tracking":false,"_monsterinsights_sitenote_active":false,"_monsterinsights_sitenote_note":"","_monsterinsights_sitenote_category":0},"product_brand":[],"product_cat":[12364,12376],"product_tag":[],"class_list":{"0":"post-736216","1":"product","2":"type-product","3":"status-publish","5":"product_cat-genel-konular","6":"product_cat-kisisel-gelisim","7":"pa_cilt-ciltsiz","8":"pa_tur-kitap","9":"pa_yayinevi-destek-yayinlari","10":"pa_yazar-john-demartini","12":"first","13":"instock","14":"sale","15":"shipping-taxable","16":"purchasable","17":"product-type-simple"},"_links":{"self":[{"href":"https:\/\/roveyayinevi.com.tr\/index.php\/wp-json\/wp\/v2\/product\/736216","targetHints":{"allow":["GET"]}}],"collection":[{"href":"https:\/\/roveyayinevi.com.tr\/index.php\/wp-json\/wp\/v2\/product"}],"about":[{"href":"https:\/\/roveyayinevi.com.tr\/index.php\/wp-json\/wp\/v2\/types\/product"}],"wp:attachment":[{"href":"https:\/\/roveyayinevi.com.tr\/index.php\/wp-json\/wp\/v2\/media?parent=736216"}],"wp:term":[{"taxonomy":"product_brand","embeddable":true,"href":"https:\/\/roveyayinevi.com.tr\/index.php\/wp-json\/wp\/v2\/product_brand?post=736216"},{"taxonomy":"product_cat","embeddable":true,"href":"https:\/\/roveyayinevi.com.tr\/index.php\/wp-json\/wp\/v2\/product_cat?post=736216"},{"taxonomy":"product_tag","embeddable":true,"href":"https:\/\/roveyayinevi.com.tr\/index.php\/wp-json\/wp\/v2\/product_tag?post=736216"}],"curies":[{"name":"wp","href":"https:\/\/api.w.org\/{rel}","templated":true}]}}