{"id":736215,"date":"2025-08-27T23:02:45","date_gmt":"2025-08-27T20:02:45","guid":{"rendered":"https:\/\/roveyayinevi.com.tr\/index.php\/urun\/kendine-iyi-bak-2\/"},"modified":"2026-04-16T02:44:53","modified_gmt":"2026-04-15T23:44:53","slug":"kendine-iyi-bak-2","status":"publish","type":"product","link":"https:\/\/roveyayinevi.com.tr\/index.php\/urun\/kendine-iyi-bak-2\/","title":{"rendered":"Kendine \u0130yi Bak"},"content":{"rendered":"<p>Bendeki b\u00fct\u00fcn foto\u011fraflar\u0131n\u0131 sildim. Yani, neredeyse hepsini. Geriye sadece bu kald\u0131. \u015eurada, \u00f6ndesin. Tuileries Bah\u00e7esi\u2019ndeyiz, 8 Aral\u0131k 2013, saat 17.36. Bana do\u011fru d\u00f6nm\u00fc\u015fs\u00fcn, bana bak\u0131yorsun, bana g\u00fcl\u00fcms\u00fcyorsun\u2026 En az\u0131ndan ben \u00f6yle san\u0131yorum. <\/p>\n","protected":false},"excerpt":{"rendered":"<p>Bendeki b\u00fct\u00fcn foto\u011fraflar\u0131n\u0131 sildim. Yani, neredeyse hepsini. Geriye sadece bu kald\u0131. \u015eurada, \u00f6ndesin. Tuileries Bah\u00e7esi\u2019ndeyiz, 8 Aral\u0131k 2013, saat 17.36. Bana do\u011fru d\u00f6nm\u00fc\u015fs\u00fcn, bana bak\u0131yorsun, bana<span class=\"excerpt-hellip\"> [\u2026]<\/span><\/p>\n","protected":false},"featured_media":0,"template":"","meta":{"_monsterinsights_skip_tracking":false,"_monsterinsights_sitenote_active":false,"_monsterinsights_sitenote_note":"","_monsterinsights_sitenote_category":0},"product_brand":[],"product_cat":[12416,12291],"product_tag":[],"class_list":{"0":"post-736215","1":"product","2":"type-product","3":"status-publish","5":"product_cat-cizgi-roman","6":"product_cat-edebiyat","7":"pa_cilt-ciltsiz","8":"pa_tur-kitap","9":"pa_yayinevi-kara-karga-yayinlari","10":"pa_yazar-gregory-mardon","12":"first","13":"instock","14":"sale","15":"shipping-taxable","16":"purchasable","17":"product-type-simple"},"_links":{"self":[{"href":"https:\/\/roveyayinevi.com.tr\/index.php\/wp-json\/wp\/v2\/product\/736215","targetHints":{"allow":["GET"]}}],"collection":[{"href":"https:\/\/roveyayinevi.com.tr\/index.php\/wp-json\/wp\/v2\/product"}],"about":[{"href":"https:\/\/roveyayinevi.com.tr\/index.php\/wp-json\/wp\/v2\/types\/product"}],"wp:attachment":[{"href":"https:\/\/roveyayinevi.com.tr\/index.php\/wp-json\/wp\/v2\/media?parent=736215"}],"wp:term":[{"taxonomy":"product_brand","embeddable":true,"href":"https:\/\/roveyayinevi.com.tr\/index.php\/wp-json\/wp\/v2\/product_brand?post=736215"},{"taxonomy":"product_cat","embeddable":true,"href":"https:\/\/roveyayinevi.com.tr\/index.php\/wp-json\/wp\/v2\/product_cat?post=736215"},{"taxonomy":"product_tag","embeddable":true,"href":"https:\/\/roveyayinevi.com.tr\/index.php\/wp-json\/wp\/v2\/product_tag?post=736215"}],"curies":[{"name":"wp","href":"https:\/\/api.w.org\/{rel}","templated":true}]}}