{"id":736213,"date":"2025-08-27T23:02:43","date_gmt":"2025-08-27T20:02:43","guid":{"rendered":"https:\/\/roveyayinevi.com.tr\/index.php\/urun\/kibrisli-zenon-mutluluk-hayatin-direncsiz-akisidir\/"},"modified":"2026-03-16T21:46:43","modified_gmt":"2026-03-16T18:46:43","slug":"kibrisli-zenon-mutluluk-hayatin-direncsiz-akisidir","status":"publish","type":"product","link":"https:\/\/roveyayinevi.com.tr\/index.php\/urun\/kibrisli-zenon-mutluluk-hayatin-direncsiz-akisidir\/","title":{"rendered":"K\u0131br\u0131sl\u0131 Zenon &#8211; Mutluluk Hayat\u0131n Diren\u00e7siz Ak\u0131\u015f\u0131d\u0131r"},"content":{"rendered":"<p>\u201c\u0130yi ya\u015fam k\u00fc\u00e7\u00fck ad\u0131mlarla elde edilir, fakat bu asla k\u00fc\u00e7\u00fcmsenecek bir \u015fey de\u011fildir.\u201d   \u0130lk kez K\u0131br\u0131sl\u0131 Zenon taraf\u0131ndan ortaya konan Stoac\u0131l\u0131k, akl\u0131n rehberli\u011finde ya\u015fanan erdemli bir hayat\u0131 savunan, sadece \u00fczerinde d\u00fc\u015f\u00fcn\u00fclen de\u011fil ayn\u0131 zamanda ya\u015fanan bir felsefedir. Zenon\u2019a g\u00f6re huzur ve mutluluk erdemli ya\u015fam\u0131n do\u011fal bir sonucudur, erdemlice ya\u015famak her hal\u00fck\u00e2rda m\u00fcmk\u00fcnd\u00fcr ve huzuru bulmak bizim elimizdedir.   Stoac\u0131l\u0131k, mutlulu\u011funu kendi bilgece kararlar\u0131yla ve erdemli davran\u0131\u015flar\u0131yla in\u015fa eden, huzurunu d\u0131\u015f ko\u015fullara emanet etmeyen bir insana nas\u0131l d\u00f6n\u00fc\u015febilece\u011fimiz sorusunu merkeze alan, Helenistik d\u00f6nemin \u00e7ok \u00f6nemli bir felsefi ak\u0131m\u0131d\u0131r. G\u00fcn\u00fcm\u00fcz\u00fcn bili\u015fsel-davran\u0131\u015f\u00e7\u0131 psikoterapi ekol\u00fcne de d\u00fc\u015f\u00fcnsel kaynakl\u0131k etmi\u015f olan Stoac\u0131l\u0131k, Zenon\u2019dan 23 as\u0131r sonra modern d\u00fcnyada anlam aray\u0131\u015f\u0131ndaki insanlara felsefi rehberlik sunmaya devam ediyor. <\/p>\n","protected":false},"excerpt":{"rendered":"<p>\u201c\u0130yi ya\u015fam k\u00fc\u00e7\u00fck ad\u0131mlarla elde edilir, fakat bu asla k\u00fc\u00e7\u00fcmsenecek bir \u015fey de\u011fildir.\u201d \u0130lk kez K\u0131br\u0131sl\u0131 Zenon taraf\u0131ndan ortaya konan Stoac\u0131l\u0131k, akl\u0131n rehberli\u011finde ya\u015fanan erdemli bir<span class=\"excerpt-hellip\"> [\u2026]<\/span><\/p>\n","protected":false},"featured_media":0,"template":"","meta":{"_monsterinsights_skip_tracking":false,"_monsterinsights_sitenote_active":false,"_monsterinsights_sitenote_note":"","_monsterinsights_sitenote_category":0},"product_brand":[],"product_cat":[12388,26788],"product_tag":[],"class_list":{"0":"post-736213","1":"product","2":"type-product","3":"status-publish","5":"product_cat-felsefe","6":"product_cat-filozoflar","7":"pa_cilt-ciltsiz","8":"pa_tur-kitap","9":"pa_yayinevi-destek-yayinlari","10":"pa_yazar-tufan-kiymaz","12":"first","13":"instock","14":"sale","15":"shipping-taxable","16":"purchasable","17":"product-type-simple"},"_links":{"self":[{"href":"https:\/\/roveyayinevi.com.tr\/index.php\/wp-json\/wp\/v2\/product\/736213","targetHints":{"allow":["GET"]}}],"collection":[{"href":"https:\/\/roveyayinevi.com.tr\/index.php\/wp-json\/wp\/v2\/product"}],"about":[{"href":"https:\/\/roveyayinevi.com.tr\/index.php\/wp-json\/wp\/v2\/types\/product"}],"wp:attachment":[{"href":"https:\/\/roveyayinevi.com.tr\/index.php\/wp-json\/wp\/v2\/media?parent=736213"}],"wp:term":[{"taxonomy":"product_brand","embeddable":true,"href":"https:\/\/roveyayinevi.com.tr\/index.php\/wp-json\/wp\/v2\/product_brand?post=736213"},{"taxonomy":"product_cat","embeddable":true,"href":"https:\/\/roveyayinevi.com.tr\/index.php\/wp-json\/wp\/v2\/product_cat?post=736213"},{"taxonomy":"product_tag","embeddable":true,"href":"https:\/\/roveyayinevi.com.tr\/index.php\/wp-json\/wp\/v2\/product_tag?post=736213"}],"curies":[{"name":"wp","href":"https:\/\/api.w.org\/{rel}","templated":true}]}}