{"id":736210,"date":"2025-08-27T23:02:39","date_gmt":"2025-08-27T20:02:39","guid":{"rendered":"https:\/\/roveyayinevi.com.tr\/index.php\/urun\/sebeke-etkisi-katilbot-gunlukleri-5\/"},"modified":"2026-04-13T02:53:08","modified_gmt":"2026-04-12T23:53:08","slug":"sebeke-etkisi-katilbot-gunlukleri-5","status":"publish","type":"product","link":"https:\/\/roveyayinevi.com.tr\/index.php\/urun\/sebeke-etkisi-katilbot-gunlukleri-5\/","title":{"rendered":"\u015eebeke Etkisi &#8211; Katilbot G\u00fcnl\u00fckleri 5"},"content":{"rendered":"<p>Hugo En \u0130yi Roman \u00d6d\u00fcl\u00fc   Hugo En \u0130yi Seri \u00d6d\u00fcl\u00fc   Nebula En \u0130yi Roman \u00d6d\u00fcl\u00fc   Locus En \u0130yi Bilimkurgu Roman\u0131 \u00d6d\u00fcl\u00fc   Katilbot serisinin ilk uzun soluklu maceras\u0131: \u015eebeke Etkisi!   \u201cAsl\u0131na bak\u0131l\u0131rsa kafam\u0131n i\u00e7inde yapayaln\u0131z\u0131m ve sorunlar\u0131m\u0131n y\u00fczde 90 k\u00fcsuru orada.\u201d   Kendine Katilbot diyor ama sadece kimsenin duymayaca\u011f\u0131 zamanlarda. Zaten bunu ba\u015fka biri duysa komik bulmaz. Sorun da de\u011fil \u00e7\u00fcnk\u00fc insanlarla ili\u015fkisinin tamamen profesyonel bir ili\u015fki oldu\u011funu d\u00fc\u015f\u00fcn\u00fcyor.   \u0130nsan ortaklar\u0131 (arkada\u015f de\u011fil, kesinlikle arkada\u015f falan de\u011fil) yakaland\u0131\u011f\u0131nda ve eskiden tan\u0131d\u0131\u011f\u0131 kesinliklearkada\u015f\u0131olmayan biri onun acil yard\u0131m\u0131na ihtiya\u00e7 duydu\u011funda Katilbot sert bir aksiyona at\u0131lacak.   Hem de bu sefer kendi r\u0131zas\u0131yla!\u201cKatilbot\u2019a bay\u0131l\u0131yorum.\u201d \u2013Ann Leckie \u201cDaha \u00f6nce hi\u00e7bir kitab\u0131n ana karakterine b\u00f6ylesine ba\u011flanmam\u0131\u015ft\u0131m.\u201d \u2013Patrick Rothfuss <\/p>\n","protected":false},"excerpt":{"rendered":"<p>Hugo En \u0130yi Roman \u00d6d\u00fcl\u00fc Hugo En \u0130yi Seri \u00d6d\u00fcl\u00fc Nebula En \u0130yi Roman \u00d6d\u00fcl\u00fc Locus En \u0130yi Bilimkurgu Roman\u0131 \u00d6d\u00fcl\u00fc Katilbot serisinin ilk uzun soluklu<span class=\"excerpt-hellip\"> [\u2026]<\/span><\/p>\n","protected":false},"featured_media":0,"template":"","meta":{"_monsterinsights_skip_tracking":false,"_monsterinsights_sitenote_active":false,"_monsterinsights_sitenote_note":"","_monsterinsights_sitenote_category":0},"product_brand":[],"product_cat":[12540,12291],"product_tag":[],"class_list":{"0":"post-736210","1":"product","2":"type-product","3":"status-publish","5":"product_cat-bilim-kurgu","6":"product_cat-edebiyat","7":"pa_cilt-ciltsiz","8":"pa_tur-kitap","9":"pa_yayinevi-ithaki-yayinlari","10":"pa_yazar-martha-wells","12":"first","13":"instock","14":"sale","15":"shipping-taxable","16":"purchasable","17":"product-type-simple"},"_links":{"self":[{"href":"https:\/\/roveyayinevi.com.tr\/index.php\/wp-json\/wp\/v2\/product\/736210","targetHints":{"allow":["GET"]}}],"collection":[{"href":"https:\/\/roveyayinevi.com.tr\/index.php\/wp-json\/wp\/v2\/product"}],"about":[{"href":"https:\/\/roveyayinevi.com.tr\/index.php\/wp-json\/wp\/v2\/types\/product"}],"wp:attachment":[{"href":"https:\/\/roveyayinevi.com.tr\/index.php\/wp-json\/wp\/v2\/media?parent=736210"}],"wp:term":[{"taxonomy":"product_brand","embeddable":true,"href":"https:\/\/roveyayinevi.com.tr\/index.php\/wp-json\/wp\/v2\/product_brand?post=736210"},{"taxonomy":"product_cat","embeddable":true,"href":"https:\/\/roveyayinevi.com.tr\/index.php\/wp-json\/wp\/v2\/product_cat?post=736210"},{"taxonomy":"product_tag","embeddable":true,"href":"https:\/\/roveyayinevi.com.tr\/index.php\/wp-json\/wp\/v2\/product_tag?post=736210"}],"curies":[{"name":"wp","href":"https:\/\/api.w.org\/{rel}","templated":true}]}}