{"id":736202,"date":"2025-08-27T23:02:31","date_gmt":"2025-08-27T20:02:31","guid":{"rendered":"https:\/\/roveyayinevi.com.tr\/index.php\/urun\/bilimsel-gaflar\/"},"modified":"2026-04-16T02:44:53","modified_gmt":"2026-04-15T23:44:53","slug":"bilimsel-gaflar","status":"publish","type":"product","link":"https:\/\/roveyayinevi.com.tr\/index.php\/urun\/bilimsel-gaflar\/","title":{"rendered":"Bilimsel Gaflar"},"content":{"rendered":"<p>\u2022 Kurba\u011falardan elektrik elde edilebilir mi? \u2022 \u00c7\u00f6mlekler fare do\u011furabilir mi? \u2022 Marsl\u0131lar gezegenlerini su kanallar\u0131yla m\u0131 donatm\u0131\u015flard\u0131r? \u2022 Kanat tak\u0131p ku\u015flar gibi u\u00e7abilir miyiz? \u2022 Madenleri kaynat\u0131rsak alt\u0131n elde edebilir miyiz?   \u201cOlmaz \u00f6yle \u015fey!\u201d deyip bu sorulara g\u00fcl\u00fcp ge\u00e7iyorsunuz belki ama bilimin b\u00f6yle acayip fikirlerden do\u011fdu\u011funu biliyor muydunuz? \u00dcstelik bu fikirleri savunanlar aras\u0131nda pek parlak bilim insanlar\u0131 da vard\u0131! Bizden duymu\u015f olmay\u0131n, bilimsel gaflar d\u00fcnyay\u0131 de\u011fi\u015ftirebilir: Odan\u0131z\u0131 ayd\u0131nlatman\u0131z\u0131, pasta kremas\u0131 yapman\u0131z\u0131 veya d\u00fcnyan\u0131n bir ucundan di\u011ferine u\u00e7man\u0131z\u0131 sa\u011flayan at\u0131l\u0131mlar\u0131 ba\u015flatabilir. Bilimin gaflarla dolu ser\u00fcvenine tan\u0131k olmak istiyorsan\u0131z,  ge\u00e7 kalm\u0131\u015f say\u0131lmazs\u0131n\u0131z, bu kitap tam size g\u00f6re! <\/p>\n","protected":false},"excerpt":{"rendered":"<p>\u2022 Kurba\u011falardan elektrik elde edilebilir mi? \u2022 \u00c7\u00f6mlekler fare do\u011furabilir mi? \u2022 Marsl\u0131lar gezegenlerini su kanallar\u0131yla m\u0131 donatm\u0131\u015flard\u0131r? \u2022 Kanat tak\u0131p ku\u015flar gibi u\u00e7abilir miyiz? \u2022<span class=\"excerpt-hellip\"> [\u2026]<\/span><\/p>\n","protected":false},"featured_media":0,"template":"","meta":{"_monsterinsights_skip_tracking":false,"_monsterinsights_sitenote_active":false,"_monsterinsights_sitenote_note":"","_monsterinsights_sitenote_category":0},"product_brand":[],"product_cat":[13005,37328],"product_tag":[],"class_list":{"0":"post-736202","1":"product","2":"type-product","3":"status-publish","5":"product_cat-bilim-muhendislik","6":"product_cat-diger-bilim-muhendislik","7":"pa_cilt-ciltsiz","8":"pa_tur-kitap","9":"pa_yayinevi-fol-kitap","10":"pa_yazar-billy-aronson","12":"first","13":"instock","14":"sale","15":"shipping-taxable","16":"purchasable","17":"product-type-simple"},"_links":{"self":[{"href":"https:\/\/roveyayinevi.com.tr\/index.php\/wp-json\/wp\/v2\/product\/736202","targetHints":{"allow":["GET"]}}],"collection":[{"href":"https:\/\/roveyayinevi.com.tr\/index.php\/wp-json\/wp\/v2\/product"}],"about":[{"href":"https:\/\/roveyayinevi.com.tr\/index.php\/wp-json\/wp\/v2\/types\/product"}],"wp:attachment":[{"href":"https:\/\/roveyayinevi.com.tr\/index.php\/wp-json\/wp\/v2\/media?parent=736202"}],"wp:term":[{"taxonomy":"product_brand","embeddable":true,"href":"https:\/\/roveyayinevi.com.tr\/index.php\/wp-json\/wp\/v2\/product_brand?post=736202"},{"taxonomy":"product_cat","embeddable":true,"href":"https:\/\/roveyayinevi.com.tr\/index.php\/wp-json\/wp\/v2\/product_cat?post=736202"},{"taxonomy":"product_tag","embeddable":true,"href":"https:\/\/roveyayinevi.com.tr\/index.php\/wp-json\/wp\/v2\/product_tag?post=736202"}],"curies":[{"name":"wp","href":"https:\/\/api.w.org\/{rel}","templated":true}]}}