{"id":736201,"date":"2025-08-27T23:02:31","date_gmt":"2025-08-27T20:02:31","guid":{"rendered":"https:\/\/roveyayinevi.com.tr\/index.php\/urun\/antik-yunan-felsefesi\/"},"modified":"2026-04-16T02:44:52","modified_gmt":"2026-04-15T23:44:52","slug":"antik-yunan-felsefesi","status":"publish","type":"product","link":"https:\/\/roveyayinevi.com.tr\/index.php\/urun\/antik-yunan-felsefesi\/","title":{"rendered":"Antik Yunan Felsefesi"},"content":{"rendered":"<p>Bu kitap, modern felsefenin b\u00fcy\u00fck d\u00fc\u015f\u00fcn\u00fcrlerinden Henri Bergson\u2019un Antik felsefe \u00fczerine verdi\u011fi derslerden olu\u015fuyor. Bu derslerde Bergson, Sokrates \u00f6ncesi filozoflar\u0131n varl\u0131k, do\u011fa ve insana dair kurgulamalar\u0131n\u0131 ele al\u0131yor. Stoa, Elea ve \u0130skenderiye okullar\u0131n\u0131n savunduklar\u0131 g\u00f6r\u00fc\u015fleri de\u011ferlendiriyor. Varl\u0131\u011f\u0131n \u00f6z\u00fcne say\u0131lar\u0131 yerle\u015ftiren Pythagoras\u00e7\u0131lar\u0131n ve her \u015feyin ate\u015ften gelip ate\u015fe d\u00f6nd\u00fc\u011f\u00fcn\u00fc savunan, hareketi \u00f6ne \u00e7\u0131karan Herakleitos\u2019un fikirlerinin i\u00e7ermelerini serimliyor. Erdemin \u00f6\u011fretilebilece\u011fini savunan Sofistlerle hakikat u\u011fruna \u00f6lmeyi g\u00f6ze alan Sokrates aras\u0131ndaki tart\u0131\u015fman\u0131n Platon ve Aristoteles arac\u0131l\u0131\u011f\u0131yla Bat\u0131 felsefesinin ve k\u00fclt\u00fcr\u00fcn\u00fcn temellerini nas\u0131l att\u0131\u011f\u0131n\u0131 ortaya koyuyor.<\/p>\n","protected":false},"excerpt":{"rendered":"<p>Bu kitap, modern felsefenin b\u00fcy\u00fck d\u00fc\u015f\u00fcn\u00fcrlerinden Henri Bergson\u2019un Antik felsefe \u00fczerine verdi\u011fi derslerden olu\u015fuyor. Bu derslerde Bergson, Sokrates \u00f6ncesi filozoflar\u0131n varl\u0131k, do\u011fa ve insana dair kurgulamalar\u0131n\u0131<span class=\"excerpt-hellip\"> [\u2026]<\/span><\/p>\n","protected":false},"featured_media":0,"template":"","meta":{"_monsterinsights_skip_tracking":false,"_monsterinsights_sitenote_active":false,"_monsterinsights_sitenote_note":"","_monsterinsights_sitenote_category":0},"product_brand":[],"product_cat":[16038,12388],"product_tag":[],"class_list":{"0":"post-736201","1":"product","2":"type-product","3":"status-publish","5":"product_cat-arastirma-inceleme-referans-felsefe","6":"product_cat-felsefe","7":"pa_cilt-ciltsiz","8":"pa_tur-kitap","9":"pa_yayinevi-fol-kitap","10":"pa_yazar-henri-bergson","12":"first","13":"instock","14":"sale","15":"shipping-taxable","16":"purchasable","17":"product-type-simple"},"_links":{"self":[{"href":"https:\/\/roveyayinevi.com.tr\/index.php\/wp-json\/wp\/v2\/product\/736201","targetHints":{"allow":["GET"]}}],"collection":[{"href":"https:\/\/roveyayinevi.com.tr\/index.php\/wp-json\/wp\/v2\/product"}],"about":[{"href":"https:\/\/roveyayinevi.com.tr\/index.php\/wp-json\/wp\/v2\/types\/product"}],"wp:attachment":[{"href":"https:\/\/roveyayinevi.com.tr\/index.php\/wp-json\/wp\/v2\/media?parent=736201"}],"wp:term":[{"taxonomy":"product_brand","embeddable":true,"href":"https:\/\/roveyayinevi.com.tr\/index.php\/wp-json\/wp\/v2\/product_brand?post=736201"},{"taxonomy":"product_cat","embeddable":true,"href":"https:\/\/roveyayinevi.com.tr\/index.php\/wp-json\/wp\/v2\/product_cat?post=736201"},{"taxonomy":"product_tag","embeddable":true,"href":"https:\/\/roveyayinevi.com.tr\/index.php\/wp-json\/wp\/v2\/product_tag?post=736201"}],"curies":[{"name":"wp","href":"https:\/\/api.w.org\/{rel}","templated":true}]}}