{"id":736198,"date":"2025-08-27T23:02:28","date_gmt":"2025-08-27T20:02:28","guid":{"rendered":"https:\/\/roveyayinevi.com.tr\/index.php\/urun\/virus-uc-aylik-kultur-sanat-ve-edebiyat-ortak-calismasi-sayi-10\/"},"modified":"2026-04-16T02:44:52","modified_gmt":"2026-04-15T23:44:52","slug":"virus-uc-aylik-kultur-sanat-ve-edebiyat-ortak-calismasi-sayi-10","status":"publish","type":"product","link":"https:\/\/roveyayinevi.com.tr\/index.php\/urun\/virus-uc-aylik-kultur-sanat-ve-edebiyat-ortak-calismasi-sayi-10\/","title":{"rendered":"Vir\u00fcs \u00dc\u00e7 Ayl\u0131k K\u00fclt\u00fcr &#8211; Sanat Ve Edebiyat Ortak \u00c7al\u0131\u015fmas\u0131 Say\u0131 10"},"content":{"rendered":"<p>V\u0130R\u00dcS\u2019\u00fcn ilk dokuz say\u0131s\u0131n\u0131 ilgiyle kar\u015f\u0131layan, sesimize ses veren herkese te\u015fekk\u00fcr ediyoruz\u2026 \u201cV\u0130R\u00dcS\u201d\u00fcn 10. say\u0131s\u0131 a\u015fa\u011f\u0131daki dostlar\u0131m\u0131zla birlikte elinizde\u2026   Ayetullah S\u00fcmer, Kemal \u00d6zer, Do\u011fan H\u0131zlan, Ahmet Telli, Cemil Kavuk\u00e7u, G\u00fcnd\u00fcz Vassaf, Ali Cengizkan, O\u011fuz Demiralp, Ne\u015fe Ya\u015f\u0131n, Haydar Erg\u00fclen, Ay\u015fe Sar\u0131say\u0131n, Mahmut Temizy\u00fcrek, Yi\u011fit Bener, Jack Kerouac, Sinan Fi\u015fek, Alev Bulut, A. \u00d6mer T\u00fcrke\u015f, \u0130smail Mert Ba\u015fat, Akif Kurtulu\u015f, Charles Pierre Baudelaire, Kenan Sar\u0131alio\u011flu, Ferruh Tun\u00e7, Semiramis Ya\u011fc\u0131o\u011flu, Neslihan \u00d6ndero\u011flu, Ba\u015far Ba\u015far\u0131r, Cristina Peri Rossi, Ay\u015fe Nihal Akbulut, Makbule Aras, Tozan Alkan, Mehmet Sarsmaz, H\u00fcseyin Ferhad, Reha Y\u00fcnl\u00fcel, Hilmi Tezg\u00f6r, Altay \u00d6ktem, G\u00fclce Ba\u015fer, \u00c7iyil Kurtulu\u015f, Erkan Karakiraz, Ozan \u00d6ztepe, Serdar Ayd\u0131n, Derya S\u00f6nmez, \u015eeref Bilsel, Olga Bragina, U\u011fur B\u00fcke, Hakan Sar\u0131polat, Burak Abatay, Delfina Gochez Fernandez, Emirhan O\u011fuz, Mihriban \u0130nan Karatepe, Paula Bozalongo, \u00d6zge Cengiz, Lola Ridge, G\u00fcls\u00fcm Karacan, Pelin \u015eanl\u0131, Atakan Yavuz, Swetlana Mosova, Yener \u00c7etin, Camille Aubaude, Bar\u0131\u015f \u00d6nder, Nejat Yava\u015fo\u011fullar\u0131, Sad\u0131k T\u00fcrksava\u015f, Semih \u00c7elenk, Zafer Toprak <\/p>\n","protected":false},"excerpt":{"rendered":"<p>V\u0130R\u00dcS\u2019\u00fcn ilk dokuz say\u0131s\u0131n\u0131 ilgiyle kar\u015f\u0131layan, sesimize ses veren herkese te\u015fekk\u00fcr ediyoruz\u2026 \u201cV\u0130R\u00dcS\u201d\u00fcn 10. say\u0131s\u0131 a\u015fa\u011f\u0131daki dostlar\u0131m\u0131zla birlikte elinizde\u2026 Ayetullah S\u00fcmer, Kemal \u00d6zer, Do\u011fan H\u0131zlan, Ahmet<span class=\"excerpt-hellip\"> [\u2026]<\/span><\/p>\n","protected":false},"featured_media":0,"template":"","meta":{"_monsterinsights_skip_tracking":false,"_monsterinsights_sitenote_active":false,"_monsterinsights_sitenote_note":"","_monsterinsights_sitenote_category":0},"product_brand":[],"product_cat":[30023,13527],"product_tag":[],"class_list":{"0":"post-736198","1":"product","2":"type-product","3":"status-publish","5":"product_cat-edebiyat-sureli-yayinlar","6":"product_cat-sureli-yayinlar","7":"pa_cilt-ciltsiz","8":"pa_tur-kitap","9":"pa_yayinevi-virus-dergisi","10":"pa_yazar-islik-yayinlari-kolektif","12":"first","13":"instock","14":"sale","15":"shipping-taxable","16":"purchasable","17":"product-type-simple"},"_links":{"self":[{"href":"https:\/\/roveyayinevi.com.tr\/index.php\/wp-json\/wp\/v2\/product\/736198","targetHints":{"allow":["GET"]}}],"collection":[{"href":"https:\/\/roveyayinevi.com.tr\/index.php\/wp-json\/wp\/v2\/product"}],"about":[{"href":"https:\/\/roveyayinevi.com.tr\/index.php\/wp-json\/wp\/v2\/types\/product"}],"wp:attachment":[{"href":"https:\/\/roveyayinevi.com.tr\/index.php\/wp-json\/wp\/v2\/media?parent=736198"}],"wp:term":[{"taxonomy":"product_brand","embeddable":true,"href":"https:\/\/roveyayinevi.com.tr\/index.php\/wp-json\/wp\/v2\/product_brand?post=736198"},{"taxonomy":"product_cat","embeddable":true,"href":"https:\/\/roveyayinevi.com.tr\/index.php\/wp-json\/wp\/v2\/product_cat?post=736198"},{"taxonomy":"product_tag","embeddable":true,"href":"https:\/\/roveyayinevi.com.tr\/index.php\/wp-json\/wp\/v2\/product_tag?post=736198"}],"curies":[{"name":"wp","href":"https:\/\/api.w.org\/{rel}","templated":true}]}}