{"id":736193,"date":"2025-08-27T23:02:23","date_gmt":"2025-08-27T20:02:23","guid":{"rendered":"https:\/\/roveyayinevi.com.tr\/index.php\/urun\/herkes-isinde-gucundeydi\/"},"modified":"2026-04-16T02:44:52","modified_gmt":"2026-04-15T23:44:52","slug":"herkes-isinde-gucundeydi","status":"publish","type":"product","link":"https:\/\/roveyayinevi.com.tr\/index.php\/urun\/herkes-isinde-gucundeydi\/","title":{"rendered":"Herkes \u0130\u015finde G\u00fcc\u00fcndeydi"},"content":{"rendered":"<p>\u2018S\u0131\u011f sularda yavru bal\u0131klar\u0131 sevmek\u2019 c\u00fcmlesi, uzun s\u00fcredir arkada\u015flar\u0131mla \u00fczerinde \u00e7al\u0131\u015ft\u0131\u011f\u0131m\u0131z \u2018Ben kimim?\u2019 sorusunu yeniden sordurttu kendime. Bu kitab\u0131n \u00f6n okumas\u0131n\u0131 viyolonsel i\u00e7in d\u00fczenlenen ve Sheku Kanneh-Mason\u2019un seslendirdi\u011fi \u2018Hallelujah\u2019 e\u015fli\u011finde yaparken, m\u00fczi\u011fin ruhani i\u00e7eri\u011fiyle birle\u015fen metin, adeta bir \u2018psikoco\u011frafya\u2019 denemesi olarak beni Sinop\u2019un sokaklar\u0131nda, deniz k\u0131y\u0131lar\u0131nda, uzak k\u00f6ylerinde oradan oraya savurdu. Guy Debord\u2019un Kas\u0131m 1956\u2019da, Les L\u00e8vres Nues\u2019te yay\u0131mlanan \u2018D\u00e9rive\u2019 teorisinde betimledi\u011fi gibi, psikoco\u011frafik etkilerin fark\u0131ndal\u0131\u011f\u0131 ile bir \u015fekilde Sinop\u2019ta s\u00fcr\u00fcklenerek Sinoplugillere dokundum.\u201d T. Melih G\u00f6rg\u00fcn <\/p>\n","protected":false},"excerpt":{"rendered":"<p>\u2018S\u0131\u011f sularda yavru bal\u0131klar\u0131 sevmek\u2019 c\u00fcmlesi, uzun s\u00fcredir arkada\u015flar\u0131mla \u00fczerinde \u00e7al\u0131\u015ft\u0131\u011f\u0131m\u0131z \u2018Ben kimim?\u2019 sorusunu yeniden sordurttu kendime. Bu kitab\u0131n \u00f6n okumas\u0131n\u0131 viyolonsel i\u00e7in d\u00fczenlenen ve Sheku<span class=\"excerpt-hellip\"> [\u2026]<\/span><\/p>\n","protected":false},"featured_media":0,"template":"","meta":{"_monsterinsights_skip_tracking":false,"_monsterinsights_sitenote_active":false,"_monsterinsights_sitenote_note":"","_monsterinsights_sitenote_category":0},"product_brand":[],"product_cat":[12291,12711],"product_tag":[],"class_list":{"0":"post-736193","1":"product","2":"type-product","3":"status-publish","5":"product_cat-edebiyat","6":"product_cat-roman-oyku","7":"pa_cilt-ciltsiz","8":"pa_tur-kitap","9":"pa_yayinevi-medakitap-yayinlari","10":"pa_yazar-ilyas-tunc","12":"first","13":"instock","14":"sale","15":"shipping-taxable","16":"purchasable","17":"product-type-simple"},"_links":{"self":[{"href":"https:\/\/roveyayinevi.com.tr\/index.php\/wp-json\/wp\/v2\/product\/736193","targetHints":{"allow":["GET"]}}],"collection":[{"href":"https:\/\/roveyayinevi.com.tr\/index.php\/wp-json\/wp\/v2\/product"}],"about":[{"href":"https:\/\/roveyayinevi.com.tr\/index.php\/wp-json\/wp\/v2\/types\/product"}],"wp:attachment":[{"href":"https:\/\/roveyayinevi.com.tr\/index.php\/wp-json\/wp\/v2\/media?parent=736193"}],"wp:term":[{"taxonomy":"product_brand","embeddable":true,"href":"https:\/\/roveyayinevi.com.tr\/index.php\/wp-json\/wp\/v2\/product_brand?post=736193"},{"taxonomy":"product_cat","embeddable":true,"href":"https:\/\/roveyayinevi.com.tr\/index.php\/wp-json\/wp\/v2\/product_cat?post=736193"},{"taxonomy":"product_tag","embeddable":true,"href":"https:\/\/roveyayinevi.com.tr\/index.php\/wp-json\/wp\/v2\/product_tag?post=736193"}],"curies":[{"name":"wp","href":"https:\/\/api.w.org\/{rel}","templated":true}]}}