{"id":736191,"date":"2025-08-27T23:02:21","date_gmt":"2025-08-27T20:02:21","guid":{"rendered":"https:\/\/roveyayinevi.com.tr\/index.php\/urun\/kumralice\/"},"modified":"2026-04-16T02:44:52","modified_gmt":"2026-04-15T23:44:52","slug":"kumralice","status":"publish","type":"product","link":"https:\/\/roveyayinevi.com.tr\/index.php\/urun\/kumralice\/","title":{"rendered":"Kumrali\u00e7e"},"content":{"rendered":"<p>Kudi der dostlar\u0131m banaZoru severimBu y\u00fczden \u015fair oldumAkl\u0131m akmaz yap\u0131lanNice i\u015flere \u015fahit oldumYerim i\u00e7erim g\u00f6nl\u00fcmceD\u00fcnyay\u0131 dola\u015f\u0131r\u0131mD\u00f6n\u00fcp M\u00fcsl\u00fcman mahallesindeSalyangoz satar\u0131m\u2026<\/p>\n","protected":false},"excerpt":{"rendered":"<p>Kudi der dostlar\u0131m banaZoru severimBu y\u00fczden \u015fair oldumAkl\u0131m akmaz yap\u0131lanNice i\u015flere \u015fahit oldumYerim i\u00e7erim g\u00f6nl\u00fcmceD\u00fcnyay\u0131 dola\u015f\u0131r\u0131mD\u00f6n\u00fcp M\u00fcsl\u00fcman mahallesindeSalyangoz satar\u0131m\u2026<\/p>\n","protected":false},"featured_media":0,"template":"","meta":{"_monsterinsights_skip_tracking":false,"_monsterinsights_sitenote_active":false,"_monsterinsights_sitenote_note":"","_monsterinsights_sitenote_category":0},"product_brand":[],"product_cat":[12291,12509],"product_tag":[],"class_list":{"0":"post-736191","1":"product","2":"type-product","3":"status-publish","5":"product_cat-edebiyat","6":"product_cat-siir","7":"pa_cilt-ciltsiz","8":"pa_tur-kitap","9":"pa_yayinevi-vaveyla-yayincilik","10":"pa_yazar-zafer-yildirim","12":"first","13":"instock","14":"sale","15":"shipping-taxable","16":"purchasable","17":"product-type-simple"},"_links":{"self":[{"href":"https:\/\/roveyayinevi.com.tr\/index.php\/wp-json\/wp\/v2\/product\/736191","targetHints":{"allow":["GET"]}}],"collection":[{"href":"https:\/\/roveyayinevi.com.tr\/index.php\/wp-json\/wp\/v2\/product"}],"about":[{"href":"https:\/\/roveyayinevi.com.tr\/index.php\/wp-json\/wp\/v2\/types\/product"}],"wp:attachment":[{"href":"https:\/\/roveyayinevi.com.tr\/index.php\/wp-json\/wp\/v2\/media?parent=736191"}],"wp:term":[{"taxonomy":"product_brand","embeddable":true,"href":"https:\/\/roveyayinevi.com.tr\/index.php\/wp-json\/wp\/v2\/product_brand?post=736191"},{"taxonomy":"product_cat","embeddable":true,"href":"https:\/\/roveyayinevi.com.tr\/index.php\/wp-json\/wp\/v2\/product_cat?post=736191"},{"taxonomy":"product_tag","embeddable":true,"href":"https:\/\/roveyayinevi.com.tr\/index.php\/wp-json\/wp\/v2\/product_tag?post=736191"}],"curies":[{"name":"wp","href":"https:\/\/api.w.org\/{rel}","templated":true}]}}