{"id":736190,"date":"2025-08-27T23:02:20","date_gmt":"2025-08-27T20:02:20","guid":{"rendered":"https:\/\/roveyayinevi.com.tr\/index.php\/urun\/cumhuriyetin-yaratici-kahramanlari\/"},"modified":"2026-04-16T02:44:52","modified_gmt":"2026-04-15T23:44:52","slug":"cumhuriyetin-yaratici-kahramanlari","status":"publish","type":"product","link":"https:\/\/roveyayinevi.com.tr\/index.php\/urun\/cumhuriyetin-yaratici-kahramanlari\/","title":{"rendered":"Cumhuriyetin Yarat\u0131c\u0131 Kahramanlar\u0131"},"content":{"rendered":"<p>Cumhuriyet tarihinin \u00f6nemli \u015firketlerinin yarat\u0131c\u0131 kurucular\u0131n\u0131 ve \u015firketlerin yolculu\u011funu g\u00f6rece\u011finiz bu kitapta, hayat\u0131m\u0131za d\u00e2hil olmu\u015f ve hala olmaya devam eden bir\u00e7ok markan\u0131n \u00f6yk\u00fcs\u00fc yer almaktad\u0131r. \u201cArolat\u2019\u0131n insan ger\u00e7ekli\u011fine ili\u015fkin ilgisi salt bir portre \u00e7izimi de\u011fildir. O, de\u011fi\u015fimle ilgilidir. Bu nedendir ki, Hakk\u00e2ri\u2019de Zap Suyu \u00fcst\u00fcnde bir \u2018Gen\u00e7lik K\u00f6pr\u00fcs\u00fc\u2019n\u00fcn kurulmas\u0131na olanca g\u00fcc\u00fcyle \u00e7aba g\u00f6stermi\u015ftir. Fiziki ortam\u0131n insan ya\u015fam\u0131nda engel olmad\u0131\u011f\u0131na inanm\u0131\u015ft\u0131r oldum olas\u0131\u2026 Kendisinden \u00f6nce 1995\u2019li y\u0131llarda yay\u0131n y\u00f6netmeni olan kurucu Nezih Demirkent ustadan sonra Ba\u015fyazar\u0131 oldu\u011fu D\u00dcNYA Gazetesi\u2019nde odakland\u0131\u011f\u0131 konu, Anadolu sosyo-ekonomik ikliminin nas\u0131l de\u011fi\u015ftirilece\u011fi oldu; kald\u0131ra\u00e7 noktas\u0131 ise Anadolu genelinde KOB\u0130\u2019leri k\u00fcme y\u00fckseltmek&#8230; KOB\u0130\u2019leri k\u00fcme y\u00fckselmi\u015f kentler ayn\u0131 zamanda ekonomik olarak evrilecekti. \u0130\u015fte bu evrim s\u0131ras\u0131nda \u2018de\u011fi\u015fim liderleri\u2019 gerekiyordu, Cumhuriyetin Yarat\u0131c\u0131 Kahramanlar\u0131&#8230;\u201d -Kenan Mortan, \u00d6ns\u00f6z\u2019den<\/p>\n","protected":false},"excerpt":{"rendered":"<p>Cumhuriyet tarihinin \u00f6nemli \u015firketlerinin yarat\u0131c\u0131 kurucular\u0131n\u0131 ve \u015firketlerin yolculu\u011funu g\u00f6rece\u011finiz bu kitapta, hayat\u0131m\u0131za d\u00e2hil olmu\u015f ve hala olmaya devam eden bir\u00e7ok markan\u0131n \u00f6yk\u00fcs\u00fc yer almaktad\u0131r. \u201cArolat\u2019\u0131n<span class=\"excerpt-hellip\"> [\u2026]<\/span><\/p>\n","protected":false},"featured_media":0,"template":"","meta":{"_monsterinsights_skip_tracking":false,"_monsterinsights_sitenote_active":false,"_monsterinsights_sitenote_note":"","_monsterinsights_sitenote_category":0},"product_brand":[],"product_cat":[12370,12304],"product_tag":[],"class_list":{"0":"post-736190","1":"product","2":"type-product","3":"status-publish","5":"product_cat-arastirma-inceleme","6":"product_cat-tarih","7":"pa_cilt-ciltsiz","8":"pa_tur-kitap","9":"pa_yayinevi-efil-yayinevi","10":"pa_yazar-osman-s-arolat","12":"first","13":"instock","14":"sale","15":"shipping-taxable","16":"purchasable","17":"product-type-simple"},"_links":{"self":[{"href":"https:\/\/roveyayinevi.com.tr\/index.php\/wp-json\/wp\/v2\/product\/736190","targetHints":{"allow":["GET"]}}],"collection":[{"href":"https:\/\/roveyayinevi.com.tr\/index.php\/wp-json\/wp\/v2\/product"}],"about":[{"href":"https:\/\/roveyayinevi.com.tr\/index.php\/wp-json\/wp\/v2\/types\/product"}],"wp:attachment":[{"href":"https:\/\/roveyayinevi.com.tr\/index.php\/wp-json\/wp\/v2\/media?parent=736190"}],"wp:term":[{"taxonomy":"product_brand","embeddable":true,"href":"https:\/\/roveyayinevi.com.tr\/index.php\/wp-json\/wp\/v2\/product_brand?post=736190"},{"taxonomy":"product_cat","embeddable":true,"href":"https:\/\/roveyayinevi.com.tr\/index.php\/wp-json\/wp\/v2\/product_cat?post=736190"},{"taxonomy":"product_tag","embeddable":true,"href":"https:\/\/roveyayinevi.com.tr\/index.php\/wp-json\/wp\/v2\/product_tag?post=736190"}],"curies":[{"name":"wp","href":"https:\/\/api.w.org\/{rel}","templated":true}]}}