{"id":736189,"date":"2025-08-27T23:02:19","date_gmt":"2025-08-27T20:02:19","guid":{"rendered":"https:\/\/roveyayinevi.com.tr\/index.php\/urun\/kayitsiz-kimlikler\/"},"modified":"2026-04-16T02:44:52","modified_gmt":"2026-04-15T23:44:52","slug":"kayitsiz-kimlikler","status":"publish","type":"product","link":"https:\/\/roveyayinevi.com.tr\/index.php\/urun\/kayitsiz-kimlikler\/","title":{"rendered":"Kay\u0131ts\u0131z Kimlikler"},"content":{"rendered":"<p>\u0130nsanlar\u0131n ya\u015fad\u0131klar\u0131 \u00e7a\u011f\u0131n tan\u0131klar\u0131 oldu\u011fu s\u00f6ylenir. Ancak g\u00f6zleri g\u00f6rmeyen, kulaklar\u0131 duymayan, ak\u0131llar\u0131 almayan tan\u0131klar\u0131n anlatabilece\u011fi hi\u00e7bir \u015fey yoktur. Globalle\u015fme ile birlikte insanlar\u0131n y\u00fcreklerinin s\u00f6k\u00fcl\u00fcp al\u0131nd\u0131\u011f\u0131, vicdanlar\u0131n\u0131n k\u00f6rle\u015ftirildi\u011fi bir d\u00f6nem ya\u015f\u0131yoruz. \u0130nsanl\u0131\u011f\u0131n daha \u00f6nce hi\u00e7 bu kadar ayakalt\u0131na al\u0131nmad\u0131\u011f\u0131, ya\u015fam hakk\u0131n\u0131n b\u00f6ylesine de\u011fersizle\u015ftirilmedi\u011fi bir d\u00fcnyaya uyum sa\u011flamaya \u00e7al\u0131\u015f\u0131yoruz hepimiz. Duygular\u0131m\u0131z\u0131, de\u011ferlerimizi ve ilkelerimizi kaybediyoruz.   \u0130\u015fin en k\u00f6t\u00fc yan\u0131, d\u00fcnyay\u0131 kana bulayanlar\u0131n asl\u0131nda ne kadar a\u015fa\u011f\u0131l\u0131k oldu\u011funu bal gibi bildi\u011fimiz halde onlara hal\u00e2, \u2018b\u00fcy\u00fck,\u2019 diyoruz; \u2018b\u00fcy\u00fck g\u00fc\u00e7ler\u2026\u2019 Yazar\u0131m\u0131z \u0130nci YILMAZ \u015e\u0130M\u015eEK, yeni roman\u0131 \u2018KAYITSIZ K\u0130ML\u0130KLER \u2019de bu ikiy\u00fczl\u00fcl\u00fc\u011f\u00fcn ya\u015fand\u0131\u011f\u0131 Ortado\u011fu co\u011frafyas\u0131ndan k\u00fc\u00e7\u00fcc\u00fck bir kesiti anlat\u0131yor. Yaz\u0131lanlar\u0131n kurgunun da \u00f6tesinde ac\u0131 ger\u00e7eklerden olu\u015ftu\u011funu \u00f6zellikle s\u00f6ylemeliyim.    Can Akkiri\u015f Edit\u00f6r- Yarat\u0131c\u0131 Yazarl\u0131k E\u011fitmeni \u2018Ad\u0131m Ad\u0131m Yarat\u0131c\u0131 Yazarl\u0131k\u2019,  \u2018Yeni Ba\u015flayanlar i\u00e7in Yarat\u0131c\u0131 Yazarl\u0131k At\u00f6lyeleri\u2019 ve \u2018Geli\u015ftirmek \u0130steyenler i\u00e7in Yarat\u0131c\u0131 Yazarl\u0131k At\u00f6lyeleri&#8217; kitaplar\u0131n\u0131n yazar\u0131. <\/p>\n","protected":false},"excerpt":{"rendered":"<p>\u0130nsanlar\u0131n ya\u015fad\u0131klar\u0131 \u00e7a\u011f\u0131n tan\u0131klar\u0131 oldu\u011fu s\u00f6ylenir. Ancak g\u00f6zleri g\u00f6rmeyen, kulaklar\u0131 duymayan, ak\u0131llar\u0131 almayan tan\u0131klar\u0131n anlatabilece\u011fi hi\u00e7bir \u015fey yoktur. Globalle\u015fme ile birlikte insanlar\u0131n y\u00fcreklerinin s\u00f6k\u00fcl\u00fcp al\u0131nd\u0131\u011f\u0131, vicdanlar\u0131n\u0131n<span class=\"excerpt-hellip\"> [\u2026]<\/span><\/p>\n","protected":false},"featured_media":0,"template":"","meta":{"_monsterinsights_skip_tracking":false,"_monsterinsights_sitenote_active":false,"_monsterinsights_sitenote_note":"","_monsterinsights_sitenote_category":0},"product_brand":[],"product_cat":[12291,12711],"product_tag":[],"class_list":{"0":"post-736189","1":"product","2":"type-product","3":"status-publish","5":"product_cat-edebiyat","6":"product_cat-roman-oyku","7":"pa_cilt-ciltsiz","8":"pa_tur-kitap","9":"pa_yayinevi-gulnar-yayinlari","10":"pa_yazar-inci-yilmaz-simsek","12":"first","13":"instock","14":"sale","15":"shipping-taxable","16":"purchasable","17":"product-type-simple"},"_links":{"self":[{"href":"https:\/\/roveyayinevi.com.tr\/index.php\/wp-json\/wp\/v2\/product\/736189","targetHints":{"allow":["GET"]}}],"collection":[{"href":"https:\/\/roveyayinevi.com.tr\/index.php\/wp-json\/wp\/v2\/product"}],"about":[{"href":"https:\/\/roveyayinevi.com.tr\/index.php\/wp-json\/wp\/v2\/types\/product"}],"wp:attachment":[{"href":"https:\/\/roveyayinevi.com.tr\/index.php\/wp-json\/wp\/v2\/media?parent=736189"}],"wp:term":[{"taxonomy":"product_brand","embeddable":true,"href":"https:\/\/roveyayinevi.com.tr\/index.php\/wp-json\/wp\/v2\/product_brand?post=736189"},{"taxonomy":"product_cat","embeddable":true,"href":"https:\/\/roveyayinevi.com.tr\/index.php\/wp-json\/wp\/v2\/product_cat?post=736189"},{"taxonomy":"product_tag","embeddable":true,"href":"https:\/\/roveyayinevi.com.tr\/index.php\/wp-json\/wp\/v2\/product_tag?post=736189"}],"curies":[{"name":"wp","href":"https:\/\/api.w.org\/{rel}","templated":true}]}}