{"id":736188,"date":"2025-08-27T23:02:18","date_gmt":"2025-08-27T20:02:18","guid":{"rendered":"https:\/\/roveyayinevi.com.tr\/index.php\/urun\/doberman\/"},"modified":"2026-04-11T02:53:50","modified_gmt":"2026-04-10T23:53:50","slug":"doberman","status":"publish","type":"product","link":"https:\/\/roveyayinevi.com.tr\/index.php\/urun\/doberman\/","title":{"rendered":"Doberman"},"content":{"rendered":"<p>\u201cTan\u0131k oldu\u011fu saf \u015fiddet \u00c7etin\u2019in i\u00e7ini kald\u0131rd\u0131. Dayanamad\u0131 ve G\u00fcl Han\u0131m\u2019la yedi\u011fi ak\u015fam yeme\u011finden midesinde kalanlar\u0131 \u00f6\u011f\u00fcrerek \u00e7\u0131kard\u0131. Elinde tuttu\u011fu mayoya da kusmuk bula\u015ft\u0131\u011f\u0131n\u0131 g\u00f6r\u00fcnce y\u00fcz\u00fcn\u00fc buru\u015fturdu. Tekrar d\u00fczg\u00fcn nefes almaya ba\u015flayabildi\u011fi zaman Selim\u2019i d\u00fc\u015f\u00fcnd\u00fc. Bu adam bir kanser, bir parazitti. Birinin bu herife haddini bildirmesi gerekiyordu&#8230; Ve sanki o s\u0131rada i\u00e7inde oldu\u011fu g\u00f6lgeler yava\u015f yava\u015f akl\u0131na girmeye ba\u015flad\u0131. Akl\u0131na an\u0131nda konuyla ilgili yap\u0131labilecek bir plan gelmi\u015fti. Hayat\u0131n\u0131n geri kalan\u0131nda her yata\u011fa girdi\u011finde &#8216;Ke\u015fke akl\u0131ma gelmeseydi&#8230;&#8217; diyece\u011fi, \u00e7ocuk\u00e7a bir plan&#8230;\u201d   Bug\u00fcn yapt\u0131\u011f\u0131m\u0131z her \u015fey, ge\u00e7mi\u015f tecr\u00fcbelerimizin bir sonucu de\u011fil midir? Ne ya\u015farsak, nas\u0131l ya\u015farsak \u00f6yle bakar\u0131z hayata. Hobilerimiz, fobilerimiz, kurdu\u011fumuz arkada\u015fl\u0131klar&#8230; Hepsi, bizi biz yapan an\u0131larla \u00f6r\u00fclm\u00fc\u015ft\u00fcr. Doberman\u2019da da hi\u00e7bir \u015fey nedensiz de\u011fil. Do\u011facan Silivri, hayallerin ger\u00e7ekle, do\u011fan\u0131n do\u011fa\u00fcst\u00fcyle kar\u0131\u015ft\u0131\u011f\u0131 kurgusuyla okurlara sesleniyor: \u201cHepimiz ge\u00e7mi\u015fin mahk\u00fbmlar\u0131y\u0131z!\u201d <\/p>\n","protected":false},"excerpt":{"rendered":"<p>\u201cTan\u0131k oldu\u011fu saf \u015fiddet \u00c7etin\u2019in i\u00e7ini kald\u0131rd\u0131. Dayanamad\u0131 ve G\u00fcl Han\u0131m\u2019la yedi\u011fi ak\u015fam yeme\u011finden midesinde kalanlar\u0131 \u00f6\u011f\u00fcrerek \u00e7\u0131kard\u0131. Elinde tuttu\u011fu mayoya da kusmuk bula\u015ft\u0131\u011f\u0131n\u0131 g\u00f6r\u00fcnce y\u00fcz\u00fcn\u00fc<span class=\"excerpt-hellip\"> [\u2026]<\/span><\/p>\n","protected":false},"featured_media":0,"template":"","meta":{"_monsterinsights_skip_tracking":false,"_monsterinsights_sitenote_active":false,"_monsterinsights_sitenote_note":"","_monsterinsights_sitenote_category":0},"product_brand":[],"product_cat":[12291,12711],"product_tag":[],"class_list":{"0":"post-736188","1":"product","2":"type-product","3":"status-publish","5":"product_cat-edebiyat","6":"product_cat-roman-oyku","7":"pa_cilt-ciltsiz","8":"pa_tur-kitap","9":"pa_yayinevi-luna-yayinlari","10":"pa_yazar-dogacan-silivri","12":"first","13":"instock","14":"sale","15":"shipping-taxable","16":"purchasable","17":"product-type-simple"},"_links":{"self":[{"href":"https:\/\/roveyayinevi.com.tr\/index.php\/wp-json\/wp\/v2\/product\/736188","targetHints":{"allow":["GET"]}}],"collection":[{"href":"https:\/\/roveyayinevi.com.tr\/index.php\/wp-json\/wp\/v2\/product"}],"about":[{"href":"https:\/\/roveyayinevi.com.tr\/index.php\/wp-json\/wp\/v2\/types\/product"}],"wp:attachment":[{"href":"https:\/\/roveyayinevi.com.tr\/index.php\/wp-json\/wp\/v2\/media?parent=736188"}],"wp:term":[{"taxonomy":"product_brand","embeddable":true,"href":"https:\/\/roveyayinevi.com.tr\/index.php\/wp-json\/wp\/v2\/product_brand?post=736188"},{"taxonomy":"product_cat","embeddable":true,"href":"https:\/\/roveyayinevi.com.tr\/index.php\/wp-json\/wp\/v2\/product_cat?post=736188"},{"taxonomy":"product_tag","embeddable":true,"href":"https:\/\/roveyayinevi.com.tr\/index.php\/wp-json\/wp\/v2\/product_tag?post=736188"}],"curies":[{"name":"wp","href":"https:\/\/api.w.org\/{rel}","templated":true}]}}