{"id":736187,"date":"2025-08-27T23:02:17","date_gmt":"2025-08-27T20:02:17","guid":{"rendered":"https:\/\/roveyayinevi.com.tr\/index.php\/urun\/aydede-dunyayi-dolasiyor\/"},"modified":"2026-04-16T02:44:52","modified_gmt":"2026-04-15T23:44:52","slug":"aydede-dunyayi-dolasiyor","status":"publish","type":"product","link":"https:\/\/roveyayinevi.com.tr\/index.php\/urun\/aydede-dunyayi-dolasiyor\/","title":{"rendered":"Aydede D\u00fcnyay\u0131 Dola\u015f\u0131yor"},"content":{"rendered":"<p>Bu kitap, 8-12 ya\u015f grubundaki \u00e7ocuk psikolojisine uygun bir kitap. 8-12 ya\u015f problem \u00e7\u00f6zme, i\u015flemsel d\u00fc\u015f\u00fcnme yetisinin, yeni bilgiler \u00f6\u011frenme, s\u0131n\u0131flama becerisinin geli\u015fti\u011fi evre. \u00c7ocuklar, hayal ve ger\u00e7ek ayr\u0131m\u0131n\u0131 da yapabildikleri on iki ya\u015ftan itibaren giderek eri\u015fkin zihni ile d\u00fc\u015f\u00fcnmeye ba\u015fl\u0131yorlar. Zihin kuram\u0131 geli\u015fiyor. Zihin kuram\u0131 da inan\u00e7lar, niyetler, istekler, bilgiler gibi zihinsel durumlardan olu\u015fur. Ayn\u0131 zamanda anlatabilme becerisi demek olan zihin kuram\u0131, \u00f6tekini anlamak ve zihinsel olarak kendini di\u011ferinden ay\u0131rt edebilmeyi de i\u00e7erir. Kitap bu h\u00e2liyle 13 ya\u015f \u00fcst\u00fc \u00e7ocuklar i\u00e7in de okunabilir g\u00f6r\u00fcn\u00fcyor. Luna, masallar\u0131n\u0131 ve b\u00fcy\u00fcd\u00fck\u00e7e hik\u00e2yelerini yazmaya devam etmeli. Ne kadar yazarsa Aydede\u2019siyle o kadar \u00e7ok konu\u015fur.  (Psikiyatr Do\u00e7. Dr. \u2013 \u015eair \/ Yazar Burhanettin Kaya) Merak ve hayal\u2026 \u0130nsanl\u0131\u011f\u0131n biraz geli\u015fimi s\u00f6z konusuysa sebebi bunlar. S\u00f6ylenen odur ki merakl\u0131 ve hayal edebilen insan hedefine ula\u015fabilir. Luna\u2019n\u0131n d\u00fc\u015f\u00fcnen, merak eden, hayal kuran kimli\u011fi; dedesiyle kurdu\u011fu ve okura hissettirdikleri sevgi ba\u011f\u0131 ve diliyle ne g\u00fczel bir hik\u00e2ye \u00e7\u0131karm\u0131\u015f ortaya! Evet, diyor okurken insan; bu \u00e7ocuk hayallerine ula\u015f\u0131r. Yery\u00fcz\u00fcn\u00fcn Lunalar\u0131n hayallerine ve sevgi dolu d\u00fcnyalar\u0131na gereksinimi var. \u00d6zellikle pandemiden sonra t\u00fcm d\u00fcnyada hissedilen ruh h\u00e2lleri pek i\u00e7 a\u00e7\u0131c\u0131 de\u011fil ama her karanl\u0131ktan bir g\u00fczellik do\u011fmas\u0131 da ka\u00e7\u0131n\u0131lmaz. Bu s\u00fcre\u00e7te d\u00fcnyada kitap okuma say\u0131s\u0131n\u0131n artmas\u0131 da b\u00f6yle bir sonu\u00e7. Yediden yetmi\u015fe her ya\u015ftan \u00e7ocuk i\u00e7in umut veren, sevgi dolu bir kitap kat\u0131ld\u0131 d\u00fcnyam\u0131za. Okuru \u00e7ok olsun! (Edebiyat \u00d6\u011fretmeni \/ D\u00fczeltmen Nihan \u00d6zkan) <\/p>\n","protected":false},"excerpt":{"rendered":"<p>Bu kitap, 8-12 ya\u015f grubundaki \u00e7ocuk psikolojisine uygun bir kitap. 8-12 ya\u015f problem \u00e7\u00f6zme, i\u015flemsel d\u00fc\u015f\u00fcnme yetisinin, yeni bilgiler \u00f6\u011frenme, s\u0131n\u0131flama becerisinin geli\u015fti\u011fi evre. \u00c7ocuklar, hayal<span class=\"excerpt-hellip\"> [\u2026]<\/span><\/p>\n","protected":false},"featured_media":0,"template":"","meta":{"_monsterinsights_skip_tracking":false,"_monsterinsights_sitenote_active":false,"_monsterinsights_sitenote_note":"","_monsterinsights_sitenote_category":0},"product_brand":[],"product_cat":[12274,12284],"product_tag":[],"class_list":{"0":"post-736187","1":"product","2":"type-product","3":"status-publish","5":"product_cat-cocuk-ve-genclik-kitaplari","6":"product_cat-hikayeler","7":"pa_cilt-ciltsiz","8":"pa_tur-kitap","9":"pa_yayinevi-luna-cocuk-yayinlari","10":"pa_yazar-luna-de-torres-g-adnan-gerger","12":"first","13":"instock","14":"sale","15":"shipping-taxable","16":"purchasable","17":"product-type-simple"},"_links":{"self":[{"href":"https:\/\/roveyayinevi.com.tr\/index.php\/wp-json\/wp\/v2\/product\/736187","targetHints":{"allow":["GET"]}}],"collection":[{"href":"https:\/\/roveyayinevi.com.tr\/index.php\/wp-json\/wp\/v2\/product"}],"about":[{"href":"https:\/\/roveyayinevi.com.tr\/index.php\/wp-json\/wp\/v2\/types\/product"}],"wp:attachment":[{"href":"https:\/\/roveyayinevi.com.tr\/index.php\/wp-json\/wp\/v2\/media?parent=736187"}],"wp:term":[{"taxonomy":"product_brand","embeddable":true,"href":"https:\/\/roveyayinevi.com.tr\/index.php\/wp-json\/wp\/v2\/product_brand?post=736187"},{"taxonomy":"product_cat","embeddable":true,"href":"https:\/\/roveyayinevi.com.tr\/index.php\/wp-json\/wp\/v2\/product_cat?post=736187"},{"taxonomy":"product_tag","embeddable":true,"href":"https:\/\/roveyayinevi.com.tr\/index.php\/wp-json\/wp\/v2\/product_tag?post=736187"}],"curies":[{"name":"wp","href":"https:\/\/api.w.org\/{rel}","templated":true}]}}