{"id":736184,"date":"2025-08-27T23:02:13","date_gmt":"2025-08-27T20:02:13","guid":{"rendered":"https:\/\/roveyayinevi.com.tr\/index.php\/urun\/teorik-perspektiften-iktisadi-ve-finansal-olgularin-degerlendirilmesi\/"},"modified":"2026-04-16T02:44:52","modified_gmt":"2026-04-15T23:44:52","slug":"teorik-perspektiften-iktisadi-ve-finansal-olgularin-degerlendirilmesi","status":"publish","type":"product","link":"https:\/\/roveyayinevi.com.tr\/index.php\/urun\/teorik-perspektiften-iktisadi-ve-finansal-olgularin-degerlendirilmesi\/","title":{"rendered":"Teorik Perspektiften \u0130ktisadi ve Finansal Olgular\u0131n De\u011ferlendirilmesi"},"content":{"rendered":"<p>1.      B\u00d6L\u00dcM \u2013 Bilgi \u0130leti\u015fim Teknolojilerindeki De\u011fi\u015fimin Finansal Piyasa ve Para Politikalar\u0131na Etkisi \u00dczerine Bir De\u011ferlendirme 2.      B\u00d6L\u00dcM \u2013 Finansal Geli\u015fme \u00c7er\u00e7evesinde Bankac\u0131l\u0131k Sekt\u00f6r\u00fc ve Ekonomik B\u00fcy\u00fcme \u0130li\u015fkisi: T\u00fcrkiye \u00d6rne\u011fi 3.      B\u00d6L\u00dcM \u2013 Tarih Boyunca Ya\u015fanan Finansal Krizler 4.      B\u00d6L\u00dcM \u2013 Mal Paradan Kripto Paralara Do\u011fru: Finansal Sistemin Gelece\u011fi 5.      B\u00d6L\u00dcM \u2013 Uluslararas\u0131 Finansal Kurulu\u015flar ve Sava\u015f Sonras\u0131 Devletin Kriti\u011fi 6.      B\u00d6L\u00dcM \u2013 Faizsiz Finans Sisteminin Teorik A\u00e7\u0131dan De\u011ferlendirilmesi ve T\u00fcrkiye\u2019de Geli\u015fimi 7.      B\u00d6L\u00dcM \u2013 D\u00fcnyada ve T\u00fcrkiye\u2019de Finansal Hizmetler Sekt\u00f6r\u00fcndeki FinTek Uygulamalar\u0131n\u0131n Kar\u015f\u0131la\u015ft\u0131r\u0131lmas\u0131 8.      B\u00d6L\u00dcM \u2013 Geli\u015fen \u00dclke Risk Fakt\u00f6rlerinin Do\u011frudan Yabanc\u0131 Yat\u0131r\u0131mlar ve Finansal Piyasalar \u00dczerindeki Etkileri 9.      B\u00d6L\u00dcM \u2013 Do\u011frudan Yabanc\u0131 Yat\u0131r\u0131mlara Y\u00f6nelik Ampirik Literat\u00fcr\u00fcn G\u00f6zden Ge\u00e7irilmesi ve De\u011ferlendirilmesi: 1950-2021 10.  B\u00d6L\u00dcM \u2013 \u0130slami Finansta Uyu\u015fmazl\u0131k \u00c7\u00f6z\u00fcm\u00fcn\u00fcn Yarg\u0131tay Kararlar\u0131 I\u015f\u0131\u011f\u0131nda De\u011ferlendirilmesi: Literat\u00fcr \u0130ncelemesi <\/p>\n","protected":false},"excerpt":{"rendered":"<p>1. B\u00d6L\u00dcM \u2013 Bilgi \u0130leti\u015fim Teknolojilerindeki De\u011fi\u015fimin Finansal Piyasa ve Para Politikalar\u0131na Etkisi \u00dczerine Bir De\u011ferlendirme 2. B\u00d6L\u00dcM \u2013 Finansal Geli\u015fme \u00c7er\u00e7evesinde Bankac\u0131l\u0131k Sekt\u00f6r\u00fc ve Ekonomik<span class=\"excerpt-hellip\"> [\u2026]<\/span><\/p>\n","protected":false},"featured_media":0,"template":"","meta":{"_monsterinsights_skip_tracking":false,"_monsterinsights_sitenote_active":false,"_monsterinsights_sitenote_note":"","_monsterinsights_sitenote_category":0},"product_brand":[],"product_cat":[17249,13043],"product_tag":[],"class_list":{"0":"post-736184","1":"product","2":"type-product","3":"status-publish","5":"product_cat-borsa-finans","6":"product_cat-ekonomi","7":"pa_cilt-ciltsiz","8":"pa_tur-kitap","9":"pa_yayinevi-gazi-kitabevi","10":"pa_yazar-sahin-karabulut","12":"first","13":"instock","14":"sale","15":"shipping-taxable","16":"purchasable","17":"product-type-simple"},"_links":{"self":[{"href":"https:\/\/roveyayinevi.com.tr\/index.php\/wp-json\/wp\/v2\/product\/736184","targetHints":{"allow":["GET"]}}],"collection":[{"href":"https:\/\/roveyayinevi.com.tr\/index.php\/wp-json\/wp\/v2\/product"}],"about":[{"href":"https:\/\/roveyayinevi.com.tr\/index.php\/wp-json\/wp\/v2\/types\/product"}],"wp:attachment":[{"href":"https:\/\/roveyayinevi.com.tr\/index.php\/wp-json\/wp\/v2\/media?parent=736184"}],"wp:term":[{"taxonomy":"product_brand","embeddable":true,"href":"https:\/\/roveyayinevi.com.tr\/index.php\/wp-json\/wp\/v2\/product_brand?post=736184"},{"taxonomy":"product_cat","embeddable":true,"href":"https:\/\/roveyayinevi.com.tr\/index.php\/wp-json\/wp\/v2\/product_cat?post=736184"},{"taxonomy":"product_tag","embeddable":true,"href":"https:\/\/roveyayinevi.com.tr\/index.php\/wp-json\/wp\/v2\/product_tag?post=736184"}],"curies":[{"name":"wp","href":"https:\/\/api.w.org\/{rel}","templated":true}]}}