{"id":736183,"date":"2025-08-27T23:02:13","date_gmt":"2025-08-27T20:02:13","guid":{"rendered":"https:\/\/roveyayinevi.com.tr\/index.php\/urun\/dunyada-ve-turkiyede-calisma-hayati-istihdam-ve-issizlik\/"},"modified":"2026-04-16T02:44:52","modified_gmt":"2026-04-15T23:44:52","slug":"dunyada-ve-turkiyede-calisma-hayati-istihdam-ve-issizlik","status":"publish","type":"product","link":"https:\/\/roveyayinevi.com.tr\/index.php\/urun\/dunyada-ve-turkiyede-calisma-hayati-istihdam-ve-issizlik\/","title":{"rendered":"D\u00fcnyada ve T\u00fcrkiye&#8217;de \u00c7al\u0131\u015fma Hayat\u0131, \u0130stihdam ve \u0130\u015fsizlik"},"content":{"rendered":"<p>1.      B\u00d6L\u00dcM \u2013 Covid-19 Pandemi D\u00f6neminin D\u00fcnyada ve T\u00fcrkiye\u2019de \u0130stihdam Ve \u0130\u015fsizli\u011fe Etkileri 2.      B\u00d6L\u00dcM \u2013 \u00c7al\u0131\u015fma Hayat\u0131nda Esnekli\u011fin Yeni G\u00f6r\u00fcn\u00fcm\u00fc 3.      B\u00d6L\u00dcM \u2013 Covid-19 Pandemisinin Gig Ekonomisi ve Gig \u0130stihdam\u0131 \u00dczerindeki Etkileri 4.      B\u00d6L\u00dcM \u2013 D\u0131\u015f Ticaret ve \u0130\u015fg\u00fcc\u00fc Piyasas\u0131na Etkileri 5.      B\u00d6L\u00dcM \u2013 End\u00fcstri 4.0\u2019\u0131n \u0130stihdama Etkileri 6.      B\u00d6L\u00dcM \u2013 D\u00fcnyada ve T\u00fcrkiye\u2019de G\u00f6\u00e7 ve \u0130\u015fg\u00fcc\u00fc Piyasalar\u0131 7.      B\u00d6L\u00dcM \u2013 Y\u00fckselen Piyasa Ekonomilerinde \u0130\u015fsizlik Histerisi Hipotezi Ge\u00e7erli Midir ? Fourier Birim K\u00f6k Testlerinden Ampirik Kan\u0131tlar 8.      B\u00d6L\u00dcM \u2013 Evi\u00e7i Kad\u0131n Eme\u011fi ve Farkl\u0131 Kad\u0131n Eme\u011fi Bi\u00e7imleri \u0130le \u0130li\u015fkisi 9.      B\u00d6L\u00dcM \u2013 Ekonomide Kad\u0131n\u0131n G\u00f6r\u00fcnmez Eme\u011fi ve Kad\u0131n \u0130stihdam\u0131 10.  B\u00d6L\u00dcM \u2013 T\u00fcrkiye\u2019deki \u0130\u015fg\u00fcc\u00fc G\u00f6stergelerinin D\u00fcnya ve \u00dclke Bloklar\u0131yla Kar\u015f\u0131la\u015ft\u0131r\u0131lmas\u0131 11.  B\u00d6L\u00dcM \u2013 T\u00fcrkiye\u2019de \u0130\u015fsizlik ve Sanayi \u00dcretim Endeksi Aras\u0131ndaki \u0130li\u015fki : Uzun D\u00f6nemli Ortak De\u011fi\u015fkenlik 12.  B\u00d6L\u00dcM \u2013 Modern D\u00fcnyan\u0131n De\u011fi\u015fen \u0130stihdam \u00d6r\u00fcnt\u00fcleri \u00c7er\u00e7evesinde T\u00fcrkiye\u2019de E\u011freti \u0130stihdam 13.  B\u00d6L\u00dcM \u2013 Dezavantajl\u0131 Gruplar\u0131n \u0130stihdam\u0131na T\u00fcrkiye A\u011f\u0131rl\u0131kl\u0131 Genel Bir Bak\u0131\u015f 14.  B\u00d6L\u00dcM \u2013 Iktisadi Krizlerin T\u00fcrkiye\u2019de \u0130\u015fg\u00fcc\u00fc Piyasas\u0131 \u00dczerine Etkileri 15.  B\u00d6L\u00dcM \u2013 Enerji Sekt\u00f6r\u00fc ve \u0130stihdam : Yenilenebilir Enerji Piyasalar\u0131 \u00d6zelinde Bir \u0130nceleme 16.  B\u00d6L\u00dcM \u2013 D\u00fcnyada ve Avrupa \u00dclkelerinde Yenilenebilir Enerji Sekt\u00f6r\u00fcnde Ger\u00e7ekle\u015fen Teknolojik \u0130lerlemenin \u0130stihdam \u00dczerine Etkileri 17.  B\u00d6L\u00dcM \u2013 Sa\u011fl\u0131k D\u00fczeyi, \u0130\u015fg\u00fcc\u00fc Verimlili\u011fi ve \u00dccret D\u00fczeyi \u0130li\u015fkisine Y\u00f6nelik Bir De\u011ferlendirme 18.  B\u00d6L\u00dcM \u2013 T\u00fcrkiye\u2019de Sekiz ve On \u0130ki Y\u0131ll\u0131k Zorunlu ve Kesintisiz E\u011fitime Ge\u00e7i\u015fin \u0130\u015fsizli\u011fe Etkisi : M\u00fcdahale Analizi Y\u00f6ntemiyle Bir S\u0131nama 19.  B\u00d6L\u00dcM \u2013 Teknolojik Geli\u015fmi\u015flik ve \u0130stihdam D\u00fczeyi Aras\u0131ndaki \u0130li\u015fki : OECD \u00dclkeleri \u00dczerine Ampirik Bir Uygulama 20.  B\u00d6L\u00dcM \u2013 T\u00fcrkiye Ekonomisinde Gen\u00e7 \u0130\u015fsizli\u011finin Boyutlar\u0131 ve Sebepleri \u00dczerine Bir De\u011ferlendirme 21.  B\u00d6L\u00dcM \u2013 Covid-19 ve \u0130\u015fsizlik : New York \u00d6rne\u011fi <\/p>\n","protected":false},"excerpt":{"rendered":"<p>1. B\u00d6L\u00dcM \u2013 Covid-19 Pandemi D\u00f6neminin D\u00fcnyada ve T\u00fcrkiye\u2019de \u0130stihdam Ve \u0130\u015fsizli\u011fe Etkileri 2. B\u00d6L\u00dcM \u2013 \u00c7al\u0131\u015fma Hayat\u0131nda Esnekli\u011fin Yeni G\u00f6r\u00fcn\u00fcm\u00fc 3. B\u00d6L\u00dcM \u2013 Covid-19 Pandemisinin<span class=\"excerpt-hellip\"> [\u2026]<\/span><\/p>\n","protected":false},"featured_media":0,"template":"","meta":{"_monsterinsights_skip_tracking":false,"_monsterinsights_sitenote_active":false,"_monsterinsights_sitenote_note":"","_monsterinsights_sitenote_category":0},"product_brand":[],"product_cat":[13043,17647],"product_tag":[],"class_list":{"0":"post-736183","1":"product","2":"type-product","3":"status-publish","5":"product_cat-ekonomi","6":"product_cat-is-dunyasi","7":"pa_cilt-ciltsiz","8":"pa_tur-kitap","9":"pa_yayinevi-gazi-kitabevi","10":"pa_yazar-muslume-narin-gonul-dincer","12":"first","13":"instock","14":"sale","15":"shipping-taxable","16":"purchasable","17":"product-type-simple"},"_links":{"self":[{"href":"https:\/\/roveyayinevi.com.tr\/index.php\/wp-json\/wp\/v2\/product\/736183","targetHints":{"allow":["GET"]}}],"collection":[{"href":"https:\/\/roveyayinevi.com.tr\/index.php\/wp-json\/wp\/v2\/product"}],"about":[{"href":"https:\/\/roveyayinevi.com.tr\/index.php\/wp-json\/wp\/v2\/types\/product"}],"wp:attachment":[{"href":"https:\/\/roveyayinevi.com.tr\/index.php\/wp-json\/wp\/v2\/media?parent=736183"}],"wp:term":[{"taxonomy":"product_brand","embeddable":true,"href":"https:\/\/roveyayinevi.com.tr\/index.php\/wp-json\/wp\/v2\/product_brand?post=736183"},{"taxonomy":"product_cat","embeddable":true,"href":"https:\/\/roveyayinevi.com.tr\/index.php\/wp-json\/wp\/v2\/product_cat?post=736183"},{"taxonomy":"product_tag","embeddable":true,"href":"https:\/\/roveyayinevi.com.tr\/index.php\/wp-json\/wp\/v2\/product_tag?post=736183"}],"curies":[{"name":"wp","href":"https:\/\/api.w.org\/{rel}","templated":true}]}}