{"id":736182,"date":"2025-08-27T23:02:12","date_gmt":"2025-08-27T20:02:12","guid":{"rendered":"https:\/\/roveyayinevi.com.tr\/index.php\/urun\/crypto-assets\/"},"modified":"2026-04-16T02:44:52","modified_gmt":"2026-04-15T23:44:52","slug":"crypto-assets","status":"publish","type":"product","link":"https:\/\/roveyayinevi.com.tr\/index.php\/urun\/crypto-assets\/","title":{"rendered":"Crypto Assets"},"content":{"rendered":"<p>1.      B\u00d6L\u00dcM \u2013 Accounting and Auditing on Cryptocurrencies 2.      B\u00d6L\u00dcM \u2013 The Evaluation of Cryptocurrencies within the Framework of Accounting Standards and Its Impact on Financial Reporting 3.      B\u00d6L\u00dcM \u2013 International Approaches in Accounting of Cryptocurrencies 4.      B\u00d6L\u00dcM \u2013 The Effect of Herding Behavior in the Cryptocurrency Market on the Dependency Structure between Stock Markets: Evidence from G8 Countries 5.      B\u00d6L\u00dcM \u2013 The Relationship between Cryptocurrency Prices and the VIX Index: A Study on the Cryptocurrencies with the Highest Market Capitalization 6.      B\u00d6L\u00dcM &#8211; Alternative View to Traditional Financing: Initial Coin Offerings (ICOs) 7.      B\u00d6L\u00dcM &#8211; The Impact of Covid-19 on Cryptocurrency Markets: An Event Study Analysis 8.      B\u00d6L\u00dcM &#8211; Identifying Price Bubbles in the Bitcoin before and during the Covid-19 Pandemic <\/p>\n","protected":false},"excerpt":{"rendered":"<p>1. B\u00d6L\u00dcM \u2013 Accounting and Auditing on Cryptocurrencies 2. B\u00d6L\u00dcM \u2013 The Evaluation of Cryptocurrencies within the Framework of Accounting Standards and Its Impact on Financial<span class=\"excerpt-hellip\"> [\u2026]<\/span><\/p>\n","protected":false},"featured_media":0,"template":"","meta":{"_monsterinsights_skip_tracking":false,"_monsterinsights_sitenote_active":false,"_monsterinsights_sitenote_note":"","_monsterinsights_sitenote_category":0},"product_brand":[],"product_cat":[12472],"product_tag":[],"class_list":{"0":"post-736182","1":"product","2":"type-product","3":"status-publish","5":"product_cat-yabanci-dilde-kitaplar","6":"pa_cilt-ciltsiz","7":"pa_tur-kitap","8":"pa_yayinevi-gazi-kitabevi","9":"pa_yazar-suleyman-serdar-karaca-ilkut-elif-kandil-goker","11":"first","12":"instock","13":"sale","14":"shipping-taxable","15":"purchasable","16":"product-type-simple"},"_links":{"self":[{"href":"https:\/\/roveyayinevi.com.tr\/index.php\/wp-json\/wp\/v2\/product\/736182","targetHints":{"allow":["GET"]}}],"collection":[{"href":"https:\/\/roveyayinevi.com.tr\/index.php\/wp-json\/wp\/v2\/product"}],"about":[{"href":"https:\/\/roveyayinevi.com.tr\/index.php\/wp-json\/wp\/v2\/types\/product"}],"wp:attachment":[{"href":"https:\/\/roveyayinevi.com.tr\/index.php\/wp-json\/wp\/v2\/media?parent=736182"}],"wp:term":[{"taxonomy":"product_brand","embeddable":true,"href":"https:\/\/roveyayinevi.com.tr\/index.php\/wp-json\/wp\/v2\/product_brand?post=736182"},{"taxonomy":"product_cat","embeddable":true,"href":"https:\/\/roveyayinevi.com.tr\/index.php\/wp-json\/wp\/v2\/product_cat?post=736182"},{"taxonomy":"product_tag","embeddable":true,"href":"https:\/\/roveyayinevi.com.tr\/index.php\/wp-json\/wp\/v2\/product_tag?post=736182"}],"curies":[{"name":"wp","href":"https:\/\/api.w.org\/{rel}","templated":true}]}}