{"id":736180,"date":"2025-08-27T23:02:11","date_gmt":"2025-08-27T20:02:11","guid":{"rendered":"https:\/\/roveyayinevi.com.tr\/index.php\/urun\/egitim-hizmetlerinde-yerellesme\/"},"modified":"2026-04-16T02:44:51","modified_gmt":"2026-04-15T23:44:51","slug":"egitim-hizmetlerinde-yerellesme","status":"publish","type":"product","link":"https:\/\/roveyayinevi.com.tr\/index.php\/urun\/egitim-hizmetlerinde-yerellesme\/","title":{"rendered":"E\u011fitim Hizmetlerinde Yerelle\u015fme"},"content":{"rendered":"<p>1.      B\u00d6L\u00dcM \u2013 E\u011fitim Hizmetleri, E\u011fitimin Kamusal Hizmetler \u0130\u00e7indeki Yeri ve \u00dclkeler Baz\u0131nda De\u011ferlendirilmesi 2.      B\u00d6L\u00dcM \u2013 Yerelle\u015fme Olgusu ve E\u011fitim Hizmetlerinde Yerelle\u015fme 3.      B\u00d6L\u00dcM \u2013 T\u00fcrkiye\u2019de E\u011fitim Hizmetlerinin \u0130dari Yerelle\u015fme Tart\u0131\u015fmalar\u0131n\u0131n Analizi <\/p>\n","protected":false},"excerpt":{"rendered":"<p>1. B\u00d6L\u00dcM \u2013 E\u011fitim Hizmetleri, E\u011fitimin Kamusal Hizmetler \u0130\u00e7indeki Yeri ve \u00dclkeler Baz\u0131nda De\u011ferlendirilmesi 2. B\u00d6L\u00dcM \u2013 Yerelle\u015fme Olgusu ve E\u011fitim Hizmetlerinde Yerelle\u015fme 3. B\u00d6L\u00dcM \u2013<span class=\"excerpt-hellip\"> [\u2026]<\/span><\/p>\n","protected":false},"featured_media":0,"template":"","meta":{"_monsterinsights_skip_tracking":false,"_monsterinsights_sitenote_active":false,"_monsterinsights_sitenote_note":"","_monsterinsights_sitenote_category":0},"product_brand":[],"product_cat":[13043,14381],"product_tag":[],"class_list":{"0":"post-736180","1":"product","2":"type-product","3":"status-publish","5":"product_cat-ekonomi","6":"product_cat-isletme-muhasebe-maliye","7":"pa_cilt-ciltsiz","8":"pa_tur-kitap","9":"pa_yayinevi-gazi-kitabevi","10":"pa_yazar-musatafa-kucukilhan","12":"first","13":"instock","14":"sale","15":"shipping-taxable","16":"purchasable","17":"product-type-simple"},"_links":{"self":[{"href":"https:\/\/roveyayinevi.com.tr\/index.php\/wp-json\/wp\/v2\/product\/736180","targetHints":{"allow":["GET"]}}],"collection":[{"href":"https:\/\/roveyayinevi.com.tr\/index.php\/wp-json\/wp\/v2\/product"}],"about":[{"href":"https:\/\/roveyayinevi.com.tr\/index.php\/wp-json\/wp\/v2\/types\/product"}],"wp:attachment":[{"href":"https:\/\/roveyayinevi.com.tr\/index.php\/wp-json\/wp\/v2\/media?parent=736180"}],"wp:term":[{"taxonomy":"product_brand","embeddable":true,"href":"https:\/\/roveyayinevi.com.tr\/index.php\/wp-json\/wp\/v2\/product_brand?post=736180"},{"taxonomy":"product_cat","embeddable":true,"href":"https:\/\/roveyayinevi.com.tr\/index.php\/wp-json\/wp\/v2\/product_cat?post=736180"},{"taxonomy":"product_tag","embeddable":true,"href":"https:\/\/roveyayinevi.com.tr\/index.php\/wp-json\/wp\/v2\/product_tag?post=736180"}],"curies":[{"name":"wp","href":"https:\/\/api.w.org\/{rel}","templated":true}]}}