{"id":736179,"date":"2025-08-27T23:02:10","date_gmt":"2025-08-27T20:02:10","guid":{"rendered":"https:\/\/roveyayinevi.com.tr\/index.php\/urun\/covid-19un-ekonomi-politigi\/"},"modified":"2026-04-16T02:44:51","modified_gmt":"2026-04-15T23:44:51","slug":"covid-19un-ekonomi-politigi","status":"publish","type":"product","link":"https:\/\/roveyayinevi.com.tr\/index.php\/urun\/covid-19un-ekonomi-politigi\/","title":{"rendered":"Covid-19&#8217;un Ekonomi Politi\u011fi"},"content":{"rendered":"<p>1.      B\u00d6L\u00dcM \u2013 Pandeminin Finansal Piyasalar ve K\u00fcresel Ticaret \u00dczerindeki Etkisi 2.      B\u00d6L\u00dcM \u2013 Pandemi S\u00fcrecinde Emek 3.      B\u00d6L\u00dcM \u2013 Pandemide Toplumsal Farkl\u0131la\u015fma ve Kentlerdeki De\u011fi\u015fim 4.      B\u00d6L\u00dcM \u2013 Pandeminin Avrupa Birli\u011fi \u00dczerindeki Etkisi <\/p>\n","protected":false},"excerpt":{"rendered":"<p>1. B\u00d6L\u00dcM \u2013 Pandeminin Finansal Piyasalar ve K\u00fcresel Ticaret \u00dczerindeki Etkisi 2. B\u00d6L\u00dcM \u2013 Pandemi S\u00fcrecinde Emek 3. B\u00d6L\u00dcM \u2013 Pandemide Toplumsal Farkl\u0131la\u015fma ve Kentlerdeki De\u011fi\u015fim<span class=\"excerpt-hellip\"> [\u2026]<\/span><\/p>\n","protected":false},"featured_media":0,"template":"","meta":{"_monsterinsights_skip_tracking":false,"_monsterinsights_sitenote_active":false,"_monsterinsights_sitenote_note":"","_monsterinsights_sitenote_category":0},"product_brand":[],"product_cat":[13044,13043],"product_tag":[],"class_list":{"0":"post-736179","1":"product","2":"type-product","3":"status-publish","5":"product_cat-dunya-ekonomisi","6":"product_cat-ekonomi","7":"pa_cilt-ciltsiz","8":"pa_tur-kitap","9":"pa_yayinevi-gazi-kitabevi","10":"pa_yazar-gazi-kitabevi-kolektif","12":"first","13":"instock","14":"sale","15":"shipping-taxable","16":"purchasable","17":"product-type-simple"},"_links":{"self":[{"href":"https:\/\/roveyayinevi.com.tr\/index.php\/wp-json\/wp\/v2\/product\/736179","targetHints":{"allow":["GET"]}}],"collection":[{"href":"https:\/\/roveyayinevi.com.tr\/index.php\/wp-json\/wp\/v2\/product"}],"about":[{"href":"https:\/\/roveyayinevi.com.tr\/index.php\/wp-json\/wp\/v2\/types\/product"}],"wp:attachment":[{"href":"https:\/\/roveyayinevi.com.tr\/index.php\/wp-json\/wp\/v2\/media?parent=736179"}],"wp:term":[{"taxonomy":"product_brand","embeddable":true,"href":"https:\/\/roveyayinevi.com.tr\/index.php\/wp-json\/wp\/v2\/product_brand?post=736179"},{"taxonomy":"product_cat","embeddable":true,"href":"https:\/\/roveyayinevi.com.tr\/index.php\/wp-json\/wp\/v2\/product_cat?post=736179"},{"taxonomy":"product_tag","embeddable":true,"href":"https:\/\/roveyayinevi.com.tr\/index.php\/wp-json\/wp\/v2\/product_tag?post=736179"}],"curies":[{"name":"wp","href":"https:\/\/api.w.org\/{rel}","templated":true}]}}