{"id":736178,"date":"2025-08-27T23:02:09","date_gmt":"2025-08-27T20:02:09","guid":{"rendered":"https:\/\/roveyayinevi.com.tr\/index.php\/urun\/bagimsiz-denetim-standardi-500-bagimsiz-denetim-kanitlarinin-uygulanmasi-hakkinda-bir-alan-arastirmasi\/"},"modified":"2026-04-16T02:44:51","modified_gmt":"2026-04-15T23:44:51","slug":"bagimsiz-denetim-standardi-500-bagimsiz-denetim-kanitlarinin-uygulanmasi-hakkinda-bir-alan-arastirmasi","status":"publish","type":"product","link":"https:\/\/roveyayinevi.com.tr\/index.php\/urun\/bagimsiz-denetim-standardi-500-bagimsiz-denetim-kanitlarinin-uygulanmasi-hakkinda-bir-alan-arastirmasi\/","title":{"rendered":"Ba\u011f\u0131ms\u0131z Denetim Standard\u0131 500 &#8211; Ba\u011f\u0131ms\u0131z Denetim Kan\u0131tlar\u0131n\u0131n Uygulanmas\u0131 Hakk\u0131nda Bir Alan Ara\u015ft\u0131rmas\u0131"},"content":{"rendered":"<p>1.      B\u00d6L\u00dcM \u2013 Denetim Hakk\u0131nda Genel Bilgi 2.      B\u00d6L\u00dcM \u2013 Denetim Kan\u0131tlar\u0131 3.      B\u00d6L\u00dcM \u2013 Ba\u011f\u0131ms\u0131z Denetim Standard\u0131 500:Ba\u011f\u0131ms\u0131z Denetim Kan\u0131tlar\u0131n\u0131n Uygulanmas\u0131 Hakk\u0131nda Bir Alan Ara\u015ft\u0131rmas\u0131 <\/p>\n","protected":false},"excerpt":{"rendered":"<p>1. B\u00d6L\u00dcM \u2013 Denetim Hakk\u0131nda Genel Bilgi 2. B\u00d6L\u00dcM \u2013 Denetim Kan\u0131tlar\u0131 3. B\u00d6L\u00dcM \u2013 Ba\u011f\u0131ms\u0131z Denetim Standard\u0131 500:Ba\u011f\u0131ms\u0131z Denetim Kan\u0131tlar\u0131n\u0131n Uygulanmas\u0131 Hakk\u0131nda Bir Alan Ara\u015ft\u0131rmas\u0131<\/p>\n","protected":false},"featured_media":0,"template":"","meta":{"_monsterinsights_skip_tracking":false,"_monsterinsights_sitenote_active":false,"_monsterinsights_sitenote_note":"","_monsterinsights_sitenote_category":0},"product_brand":[],"product_cat":[13043,14381],"product_tag":[],"class_list":{"0":"post-736178","1":"product","2":"type-product","3":"status-publish","5":"product_cat-ekonomi","6":"product_cat-isletme-muhasebe-maliye","7":"pa_cilt-ciltsiz","8":"pa_tur-kitap","9":"pa_yayinevi-gazi-kitabevi","10":"pa_yazar-sezin-acik-tasar","12":"first","13":"instock","14":"sale","15":"shipping-taxable","16":"purchasable","17":"product-type-simple"},"_links":{"self":[{"href":"https:\/\/roveyayinevi.com.tr\/index.php\/wp-json\/wp\/v2\/product\/736178","targetHints":{"allow":["GET"]}}],"collection":[{"href":"https:\/\/roveyayinevi.com.tr\/index.php\/wp-json\/wp\/v2\/product"}],"about":[{"href":"https:\/\/roveyayinevi.com.tr\/index.php\/wp-json\/wp\/v2\/types\/product"}],"wp:attachment":[{"href":"https:\/\/roveyayinevi.com.tr\/index.php\/wp-json\/wp\/v2\/media?parent=736178"}],"wp:term":[{"taxonomy":"product_brand","embeddable":true,"href":"https:\/\/roveyayinevi.com.tr\/index.php\/wp-json\/wp\/v2\/product_brand?post=736178"},{"taxonomy":"product_cat","embeddable":true,"href":"https:\/\/roveyayinevi.com.tr\/index.php\/wp-json\/wp\/v2\/product_cat?post=736178"},{"taxonomy":"product_tag","embeddable":true,"href":"https:\/\/roveyayinevi.com.tr\/index.php\/wp-json\/wp\/v2\/product_tag?post=736178"}],"curies":[{"name":"wp","href":"https:\/\/api.w.org\/{rel}","templated":true}]}}