{"id":736177,"date":"2025-08-27T23:02:08","date_gmt":"2025-08-27T20:02:08","guid":{"rendered":"https:\/\/roveyayinevi.com.tr\/index.php\/urun\/covid-19-surecinin-saglikli-yasam-boyutuna-iliskin-psikososyal-arastirmalar\/"},"modified":"2026-04-16T02:44:51","modified_gmt":"2026-04-15T23:44:51","slug":"covid-19-surecinin-saglikli-yasam-boyutuna-iliskin-psikososyal-arastirmalar","status":"publish","type":"product","link":"https:\/\/roveyayinevi.com.tr\/index.php\/urun\/covid-19-surecinin-saglikli-yasam-boyutuna-iliskin-psikososyal-arastirmalar\/","title":{"rendered":"Covid 19 S\u00fcrecinin Sa\u011fl\u0131kl\u0131 Ya\u015fam Boyutuna \u0130li\u015fkin Psikososyal Ara\u015ft\u0131rmalar"},"content":{"rendered":"<p>1.      B\u00d6L\u00dcM \u2013 Covid-19 Salg\u0131n\u0131 S\u00fcrecinde Evde Kal Politikas\u0131 Ba\u011flam\u0131nda Somut Olmayan K\u00fclt\u00fcrel Miras Oda\u011f\u0131nda Rekratif Etkinlik \u00d6nerileri 2.      B\u00d6L\u00dcM \u2013 Covid-19 Pandemisinde Egzersiz ve Ruh Sa\u011fl\u0131\u011f\u0131na Etkileri 3.      B\u00d6L\u00dcM \u2013 Sspor Bilimleri Alan\u0131nda \u00d6\u011frenim G\u00f6ren \u00dcniversite \u00d6\u011frencilerinin Covid-19 Pandemi D\u00f6neminde Psikolojik Dayan\u0131kl\u0131l\u0131k D\u00fczeylerinin Spora Ba\u011fl\u0131l\u0131klar\u0131na Etkisi 4.      B\u00d6L\u00dcM \u2013 Pandemi D\u00f6neminde Oyun: Youtube Oyun Videolar\u0131n\u0131n Nitel \u0130\u00e7erik Analizi ile De\u011ferlendirilmesi 5.      B\u00d6L\u00dcM \u2013 Beden E\u011fitimi ve Spor Y\u00fcksekokulu ile beslenme ve Diyetetik B\u00f6l\u00fcm\u00fc \u00f6\u011frencilerinin Sa\u011fl\u0131kl\u0131 Beslenmeye Y\u00f6nelik Tutumlar\u0131n\u0131n \u0130ncelenmesi 6.      B\u00d6L\u00dcM &#8211; Pandemi S\u00fcrecinde \u00dcniversite \u00d6\u011frencilerin Covid-19 Korku D\u00fczeylerinin Sportif Aktivite ve Farkl\u0131 De\u011fi\u015fkenler A\u00e7\u0131s\u0131ndan \u0130ncelenmesi 7.      B\u00d6L\u00dcM &#8211; Covid-19 Pandemi S\u00fcrecinde Spor Bilimleri Fak\u00fcltesi \u00d6\u011frencilerinin S\u0131k\u0131nt\u0131ya Dayanma D\u00fczeylerinin \u0130ncelenmesi 8.      B\u00d6L\u00dcM &#8211; Covid-19 Pandemi S\u00fcrecinde Spor Bilimleri Fak\u00fcltesi \u00d6\u011frencilerinin S\u0131k\u0131nt\u0131ya Dayanma D\u00fczeylerinin \u0130ncelenmesi 9.      B\u00d6L\u00dcM &#8211; Pandemi D\u00f6neminde \u00dcniversite \u00d6\u011frencilerinin Sa\u011fl\u0131kl\u0131 Beslenmeye \u0130li\u015fkin Tutumlar\u0131n\u0131n Farkl\u0131 De\u011fi\u015fkenler A\u00e7\u0131s\u0131ndan \u0130ncelenmesi 10.  B\u00d6L\u00dcM &#8211; Spor Bilimleri Fak\u00fcltesi \u00d6\u011frencilerinin Covid-19 Pandemi S\u00fcrecinde Ya\u015fam Beceri D\u00fczeylerinin \u0130ncelenmesi <\/p>\n","protected":false},"excerpt":{"rendered":"<p>1. B\u00d6L\u00dcM \u2013 Covid-19 Salg\u0131n\u0131 S\u00fcrecinde Evde Kal Politikas\u0131 Ba\u011flam\u0131nda Somut Olmayan K\u00fclt\u00fcrel Miras Oda\u011f\u0131nda Rekratif Etkinlik \u00d6nerileri 2. B\u00d6L\u00dcM \u2013 Covid-19 Pandemisinde Egzersiz ve Ruh<span class=\"excerpt-hellip\"> [\u2026]<\/span><\/p>\n","protected":false},"featured_media":0,"template":"","meta":{"_monsterinsights_skip_tracking":false,"_monsterinsights_sitenote_active":false,"_monsterinsights_sitenote_note":"","_monsterinsights_sitenote_category":0},"product_brand":[],"product_cat":[13005,40995],"product_tag":[],"class_list":{"0":"post-736177","1":"product","2":"type-product","3":"status-publish","5":"product_cat-bilim-muhendislik","6":"product_cat-sosyal-bilimler","7":"pa_cilt-ciltsiz","8":"pa_tur-kitap","9":"pa_yayinevi-gazi-kitabevi","10":"pa_yazar-gazi-kitabevi-kolektif","12":"first","13":"instock","14":"sale","15":"shipping-taxable","16":"purchasable","17":"product-type-simple"},"_links":{"self":[{"href":"https:\/\/roveyayinevi.com.tr\/index.php\/wp-json\/wp\/v2\/product\/736177","targetHints":{"allow":["GET"]}}],"collection":[{"href":"https:\/\/roveyayinevi.com.tr\/index.php\/wp-json\/wp\/v2\/product"}],"about":[{"href":"https:\/\/roveyayinevi.com.tr\/index.php\/wp-json\/wp\/v2\/types\/product"}],"wp:attachment":[{"href":"https:\/\/roveyayinevi.com.tr\/index.php\/wp-json\/wp\/v2\/media?parent=736177"}],"wp:term":[{"taxonomy":"product_brand","embeddable":true,"href":"https:\/\/roveyayinevi.com.tr\/index.php\/wp-json\/wp\/v2\/product_brand?post=736177"},{"taxonomy":"product_cat","embeddable":true,"href":"https:\/\/roveyayinevi.com.tr\/index.php\/wp-json\/wp\/v2\/product_cat?post=736177"},{"taxonomy":"product_tag","embeddable":true,"href":"https:\/\/roveyayinevi.com.tr\/index.php\/wp-json\/wp\/v2\/product_tag?post=736177"}],"curies":[{"name":"wp","href":"https:\/\/api.w.org\/{rel}","templated":true}]}}