{"id":736176,"date":"2025-08-27T23:02:08","date_gmt":"2025-08-27T20:02:08","guid":{"rendered":"https:\/\/roveyayinevi.com.tr\/index.php\/urun\/algilanan-orgut-yapisi-kisi-is-ve-kisi-orgut-uyumunun-is-tatmini-ve-ise-kenetlenme-uzerine-olan-etkisi\/"},"modified":"2026-04-16T02:44:51","modified_gmt":"2026-04-15T23:44:51","slug":"algilanan-orgut-yapisi-kisi-is-ve-kisi-orgut-uyumunun-is-tatmini-ve-ise-kenetlenme-uzerine-olan-etkisi","status":"publish","type":"product","link":"https:\/\/roveyayinevi.com.tr\/index.php\/urun\/algilanan-orgut-yapisi-kisi-is-ve-kisi-orgut-uyumunun-is-tatmini-ve-ise-kenetlenme-uzerine-olan-etkisi\/","title":{"rendered":"Alg\u0131lanan \u00d6rg\u00fct Yap\u0131s\u0131, Ki\u015fi-\u0130\u015f ve Ki\u015fi-\u00d6rg\u00fct Uyumunun \u0130\u015f Tatmini ve \u0130\u015fe Kenetlenme \u00dczerine Olan Etkisi"},"content":{"rendered":"<p>1.      B\u00d6L\u00dcM \u2013 Giri\u015f 2.      B\u00d6L\u00dcM \u2013 Kuramsal A\u00e7\u0131klamalar ve \u0130lgili Ara\u015ft\u0131rmalar 3.      B\u00d6L\u00dcM \u2013 Y\u00f6ntem 4.      B\u00d6L\u00dcM \u2013 Bulgular 5.      B\u00d6L\u00dcM \u2013 Tart\u0131\u015fma Sonu\u00e7 ve \u00d6neriler <\/p>\n","protected":false},"excerpt":{"rendered":"<p>1. B\u00d6L\u00dcM \u2013 Giri\u015f 2. B\u00d6L\u00dcM \u2013 Kuramsal A\u00e7\u0131klamalar ve \u0130lgili Ara\u015ft\u0131rmalar 3. B\u00d6L\u00dcM \u2013 Y\u00f6ntem 4. B\u00d6L\u00dcM \u2013 Bulgular 5. B\u00d6L\u00dcM \u2013 Tart\u0131\u015fma Sonu\u00e7 ve<span class=\"excerpt-hellip\"> [\u2026]<\/span><\/p>\n","protected":false},"featured_media":0,"template":"","meta":{"_monsterinsights_skip_tracking":false,"_monsterinsights_sitenote_active":false,"_monsterinsights_sitenote_note":"","_monsterinsights_sitenote_category":0},"product_brand":[],"product_cat":[13005,37328],"product_tag":[],"class_list":{"0":"post-736176","1":"product","2":"type-product","3":"status-publish","5":"product_cat-bilim-muhendislik","6":"product_cat-diger-bilim-muhendislik","7":"pa_cilt-ciltsiz","8":"pa_tur-kitap","9":"pa_yayinevi-gazi-kitabevi","10":"pa_yazar-alptug-aksoy-murat-turk","12":"first","13":"instock","14":"sale","15":"shipping-taxable","16":"purchasable","17":"product-type-simple"},"_links":{"self":[{"href":"https:\/\/roveyayinevi.com.tr\/index.php\/wp-json\/wp\/v2\/product\/736176","targetHints":{"allow":["GET"]}}],"collection":[{"href":"https:\/\/roveyayinevi.com.tr\/index.php\/wp-json\/wp\/v2\/product"}],"about":[{"href":"https:\/\/roveyayinevi.com.tr\/index.php\/wp-json\/wp\/v2\/types\/product"}],"wp:attachment":[{"href":"https:\/\/roveyayinevi.com.tr\/index.php\/wp-json\/wp\/v2\/media?parent=736176"}],"wp:term":[{"taxonomy":"product_brand","embeddable":true,"href":"https:\/\/roveyayinevi.com.tr\/index.php\/wp-json\/wp\/v2\/product_brand?post=736176"},{"taxonomy":"product_cat","embeddable":true,"href":"https:\/\/roveyayinevi.com.tr\/index.php\/wp-json\/wp\/v2\/product_cat?post=736176"},{"taxonomy":"product_tag","embeddable":true,"href":"https:\/\/roveyayinevi.com.tr\/index.php\/wp-json\/wp\/v2\/product_tag?post=736176"}],"curies":[{"name":"wp","href":"https:\/\/api.w.org\/{rel}","templated":true}]}}