{"id":736175,"date":"2025-08-27T23:02:07","date_gmt":"2025-08-27T20:02:07","guid":{"rendered":"https:\/\/roveyayinevi.com.tr\/index.php\/urun\/afetlerde-mali-yapi\/"},"modified":"2025-09-22T13:43:39","modified_gmt":"2025-09-22T10:43:39","slug":"afetlerde-mali-yapi","status":"publish","type":"product","link":"https:\/\/roveyayinevi.com.tr\/index.php\/urun\/afetlerde-mali-yapi\/","title":{"rendered":"Afetlerde Mali Yap\u0131"},"content":{"rendered":"<p>1.      B\u00d6L\u00dcM \u2013 Afet Kavram\u0131, T\u00fcrleri ve Vergilendirmeyle \u0130li\u015fkisi 2.      B\u00d6L\u00dcM \u2013 T\u00fcrkiye\u2019de ve D\u00fcnya\u2019da Afetler ve Mali Yard\u0131mlar 3.      B\u00d6L\u00dcM \u2013 Osmanl\u0131 Devleti\u2019nde Ya\u015fanan Do\u011fal Afetler ve Mali Etkileri 4.      B\u00d6L\u00dcM \u2013 Do\u011fal Afetlerin Kamu Harcamalar\u0131na Etkisi : T\u00fcrkiye ve Se\u00e7ilmi\u015f \u00dclke De\u011ferlendirmesi 5.      B\u00d6L\u00dcM \u2013 T\u00fcrkiye\u2019de Ya\u015fanan Do\u011fal Afetler ve Kamu Gelirlerine Etkileri 6.      B\u00d6L\u00dcM \u2013 B\u00fct\u00e7e ve Bor\u00e7lanma Mevzuat\u0131 Kapsam\u0131nda Afetlerle M\u00fccadele 7.      B\u00d6L\u00dcM \u2013 Afetlerin Yerel Y\u00f6netimlerin Mali Yap\u0131s\u0131na Etkileri <\/p>\n","protected":false},"excerpt":{"rendered":"<p>1. B\u00d6L\u00dcM \u2013 Afet Kavram\u0131, T\u00fcrleri ve Vergilendirmeyle \u0130li\u015fkisi 2. B\u00d6L\u00dcM \u2013 T\u00fcrkiye\u2019de ve D\u00fcnya\u2019da Afetler ve Mali Yard\u0131mlar 3. B\u00d6L\u00dcM \u2013 Osmanl\u0131 Devleti\u2019nde Ya\u015fanan Do\u011fal<span class=\"excerpt-hellip\"> [\u2026]<\/span><\/p>\n","protected":false},"featured_media":0,"template":"","meta":{"_monsterinsights_skip_tracking":false,"_monsterinsights_sitenote_active":false,"_monsterinsights_sitenote_note":"","_monsterinsights_sitenote_category":0},"product_brand":[],"product_cat":[20333,13043],"product_tag":[],"class_list":{"0":"post-736175","1":"product","2":"type-product","3":"status-publish","5":"product_cat-diger-ekonomi","6":"product_cat-ekonomi","7":"pa_cilt-ciltsiz","8":"pa_tur-kitap","9":"pa_yayinevi-gazi-kitabevi","10":"pa_yazar-zeynep-arikan-hakan-bay","12":"first","13":"instock","14":"sale","15":"shipping-taxable","16":"purchasable","17":"product-type-simple"},"_links":{"self":[{"href":"https:\/\/roveyayinevi.com.tr\/index.php\/wp-json\/wp\/v2\/product\/736175","targetHints":{"allow":["GET"]}}],"collection":[{"href":"https:\/\/roveyayinevi.com.tr\/index.php\/wp-json\/wp\/v2\/product"}],"about":[{"href":"https:\/\/roveyayinevi.com.tr\/index.php\/wp-json\/wp\/v2\/types\/product"}],"wp:attachment":[{"href":"https:\/\/roveyayinevi.com.tr\/index.php\/wp-json\/wp\/v2\/media?parent=736175"}],"wp:term":[{"taxonomy":"product_brand","embeddable":true,"href":"https:\/\/roveyayinevi.com.tr\/index.php\/wp-json\/wp\/v2\/product_brand?post=736175"},{"taxonomy":"product_cat","embeddable":true,"href":"https:\/\/roveyayinevi.com.tr\/index.php\/wp-json\/wp\/v2\/product_cat?post=736175"},{"taxonomy":"product_tag","embeddable":true,"href":"https:\/\/roveyayinevi.com.tr\/index.php\/wp-json\/wp\/v2\/product_tag?post=736175"}],"curies":[{"name":"wp","href":"https:\/\/api.w.org\/{rel}","templated":true}]}}