{"id":736171,"date":"2025-08-27T23:02:04","date_gmt":"2025-08-27T20:02:04","guid":{"rendered":"https:\/\/roveyayinevi.com.tr\/index.php\/urun\/kronik-isletme-hastaliklari-nedenleri-sonuclari-ve-careleri\/"},"modified":"2026-04-16T02:44:51","modified_gmt":"2026-04-15T23:44:51","slug":"kronik-isletme-hastaliklari-nedenleri-sonuclari-ve-careleri","status":"publish","type":"product","link":"https:\/\/roveyayinevi.com.tr\/index.php\/urun\/kronik-isletme-hastaliklari-nedenleri-sonuclari-ve-careleri\/","title":{"rendered":"Kronik \u0130\u015fletme Hastal\u0131klar\u0131, Nedenleri, Sonu\u00e7lar\u0131 ve \u00c7areleri"},"content":{"rendered":"<p>1.      Adaletsiz Y\u00f6netim 2.      \u0130leti\u015fimsizlik 3.      \u0130\u015f G\u00fcvencesizli\u011fi 4.      Mobbing 5.      Bulan\u0131k Kurumsal \u015eeffafs\u0131zl\u0131k 6.      \u00d6l\u00e7\u00fcs\u00fcz Y\u00f6netim ve Yal\u0131ns\u0131zl\u0131k 7.      \u00d6rg\u00fctsel \u00c7at\u0131\u015fma 8.      \u0130\u015fletmelerde \u00d6rg\u00fctsel De\u011fi\u015fim ve Yenili\u011fe Diren\u00e7 9.      \u00d6\u011frenmeyi \u00d6\u011frenememek 10.  \u00d6rg\u00fctsel Esnek(siz)lik 11.  \u0130\u015fletmelerde Y\u00f6ns\u00fczl\u00fck: Ama\u00e7s\u0131z Y\u00f6netim 12.  \u0130\u015f Ya\u015fam\u0131nda G\u00f6r\u00fclen Yapay (Samimiyetsiz) \u0130li\u015fkiler <\/p>\n","protected":false},"excerpt":{"rendered":"<p>1. Adaletsiz Y\u00f6netim 2. \u0130leti\u015fimsizlik 3. \u0130\u015f G\u00fcvencesizli\u011fi 4. Mobbing 5. Bulan\u0131k Kurumsal \u015eeffafs\u0131zl\u0131k 6. \u00d6l\u00e7\u00fcs\u00fcz Y\u00f6netim ve Yal\u0131ns\u0131zl\u0131k 7. \u00d6rg\u00fctsel \u00c7at\u0131\u015fma 8. \u0130\u015fletmelerde \u00d6rg\u00fctsel De\u011fi\u015fim<span class=\"excerpt-hellip\"> [\u2026]<\/span><\/p>\n","protected":false},"featured_media":0,"template":"","meta":{"_monsterinsights_skip_tracking":false,"_monsterinsights_sitenote_active":false,"_monsterinsights_sitenote_note":"","_monsterinsights_sitenote_category":0},"product_brand":[],"product_cat":[13043,14381],"product_tag":[],"class_list":{"0":"post-736171","1":"product","2":"type-product","3":"status-publish","5":"product_cat-ekonomi","6":"product_cat-isletme-muhasebe-maliye","7":"pa_cilt-ciltsiz","8":"pa_tur-kitap","9":"pa_yayinevi-gazi-kitabevi","10":"pa_yazar-gazi-kitabevi-kolektif","12":"first","13":"instock","14":"sale","15":"shipping-taxable","16":"purchasable","17":"product-type-simple"},"_links":{"self":[{"href":"https:\/\/roveyayinevi.com.tr\/index.php\/wp-json\/wp\/v2\/product\/736171","targetHints":{"allow":["GET"]}}],"collection":[{"href":"https:\/\/roveyayinevi.com.tr\/index.php\/wp-json\/wp\/v2\/product"}],"about":[{"href":"https:\/\/roveyayinevi.com.tr\/index.php\/wp-json\/wp\/v2\/types\/product"}],"wp:attachment":[{"href":"https:\/\/roveyayinevi.com.tr\/index.php\/wp-json\/wp\/v2\/media?parent=736171"}],"wp:term":[{"taxonomy":"product_brand","embeddable":true,"href":"https:\/\/roveyayinevi.com.tr\/index.php\/wp-json\/wp\/v2\/product_brand?post=736171"},{"taxonomy":"product_cat","embeddable":true,"href":"https:\/\/roveyayinevi.com.tr\/index.php\/wp-json\/wp\/v2\/product_cat?post=736171"},{"taxonomy":"product_tag","embeddable":true,"href":"https:\/\/roveyayinevi.com.tr\/index.php\/wp-json\/wp\/v2\/product_tag?post=736171"}],"curies":[{"name":"wp","href":"https:\/\/api.w.org\/{rel}","templated":true}]}}