{"id":736170,"date":"2025-08-27T23:02:03","date_gmt":"2025-08-27T20:02:03","guid":{"rendered":"https:\/\/roveyayinevi.com.tr\/index.php\/urun\/cernobilin-son-cocuklari\/"},"modified":"2026-04-16T02:44:51","modified_gmt":"2026-04-15T23:44:51","slug":"cernobilin-son-cocuklari","status":"publish","type":"product","link":"https:\/\/roveyayinevi.com.tr\/index.php\/urun\/cernobilin-son-cocuklari\/","title":{"rendered":"\u00c7ernobil&#8217;in Son \u00c7ocuklar\u0131"},"content":{"rendered":"<p>\u00c7a\u011f\u0131m\u0131z\u0131n en b\u00fcy\u00fck \u00e7evre felaketlerinden birini, \u00c7ernobil N\u00fckleer Santrali\u2019ndeki patlamay\u0131 konu edinen bir kitap bu. Ku\u015fkusuz ki ele al\u0131nmas\u0131 zor bir konu. Ama hatalar\u0131m\u0131zdan ders \u00e7\u0131karmak i\u00e7in onlar\u0131 \u00f6\u011frenmek de, an\u0131msamak da zorunlu\u2026N\u00fckleer fizik\u00e7i Deniz Mert \u0130\u00e7\u00f6z\u2019\u00fcn yazd\u0131\u011f\u0131 bu \u00f6yk\u00fc, b\u00f6ylesi felaketlerin bir daha ya\u015fanmamas\u0131 i\u00e7in bir bilin\u00e7 uyand\u0131rmay\u0131 ama\u00e7l\u0131yor. D\u00f6nd\u00fc \u0130\u00e7\u00f6z\u2019\u00fcn \u00f6zg\u00fcn foto\u011fraflarla birle\u015fen \u00fc\u00e7 boyutlu maketleri, her \u015feye ra\u011fmen umudun hep var oldu\u011funu f\u0131s\u0131ld\u0131yor.<\/p>\n","protected":false},"excerpt":{"rendered":"<p>\u00c7a\u011f\u0131m\u0131z\u0131n en b\u00fcy\u00fck \u00e7evre felaketlerinden birini, \u00c7ernobil N\u00fckleer Santrali\u2019ndeki patlamay\u0131 konu edinen bir kitap bu. Ku\u015fkusuz ki ele al\u0131nmas\u0131 zor bir konu. Ama hatalar\u0131m\u0131zdan ders \u00e7\u0131karmak<span class=\"excerpt-hellip\"> [\u2026]<\/span><\/p>\n","protected":false},"featured_media":0,"template":"","meta":{"_monsterinsights_skip_tracking":false,"_monsterinsights_sitenote_active":false,"_monsterinsights_sitenote_note":"","_monsterinsights_sitenote_category":0},"product_brand":[],"product_cat":[12274,12284],"product_tag":[],"class_list":{"0":"post-736170","1":"product","2":"type-product","3":"status-publish","5":"product_cat-cocuk-ve-genclik-kitaplari","6":"product_cat-hikayeler","7":"pa_cilt-ciltsiz","8":"pa_tur-kitap","9":"pa_yayinevi-nesin-yayinlari","10":"pa_yazar-deniz-mert-icoz","12":"first","13":"instock","14":"sale","15":"shipping-taxable","16":"purchasable","17":"product-type-simple"},"_links":{"self":[{"href":"https:\/\/roveyayinevi.com.tr\/index.php\/wp-json\/wp\/v2\/product\/736170","targetHints":{"allow":["GET"]}}],"collection":[{"href":"https:\/\/roveyayinevi.com.tr\/index.php\/wp-json\/wp\/v2\/product"}],"about":[{"href":"https:\/\/roveyayinevi.com.tr\/index.php\/wp-json\/wp\/v2\/types\/product"}],"wp:attachment":[{"href":"https:\/\/roveyayinevi.com.tr\/index.php\/wp-json\/wp\/v2\/media?parent=736170"}],"wp:term":[{"taxonomy":"product_brand","embeddable":true,"href":"https:\/\/roveyayinevi.com.tr\/index.php\/wp-json\/wp\/v2\/product_brand?post=736170"},{"taxonomy":"product_cat","embeddable":true,"href":"https:\/\/roveyayinevi.com.tr\/index.php\/wp-json\/wp\/v2\/product_cat?post=736170"},{"taxonomy":"product_tag","embeddable":true,"href":"https:\/\/roveyayinevi.com.tr\/index.php\/wp-json\/wp\/v2\/product_tag?post=736170"}],"curies":[{"name":"wp","href":"https:\/\/api.w.org\/{rel}","templated":true}]}}