{"id":736168,"date":"2025-08-27T23:02:01","date_gmt":"2025-08-27T20:02:01","guid":{"rendered":"https:\/\/roveyayinevi.com.tr\/index.php\/urun\/salgin-istanbul\/"},"modified":"2026-04-16T02:44:51","modified_gmt":"2026-04-15T23:44:51","slug":"salgin-istanbul","status":"publish","type":"product","link":"https:\/\/roveyayinevi.com.tr\/index.php\/urun\/salgin-istanbul\/","title":{"rendered":"Salg\u0131n \u0130stanbul"},"content":{"rendered":"<p>Yazarlar bu kitapla gelece\u011fe mesaj g\u00f6nderiyor!\u201c\u0130nsanlar cehennemlerini kendileri yaratt\u0131lar\u201dGelece\u011fe Mesaj\u0131m\u0131z var!\u00c7in\u2019in Wuhan kentinde ba\u015flayan ve inan\u0131lmaz bir h\u0131zla d\u00fcnyaya yay\u0131lan Korona vir\u00fcs\u00fc hakk\u0131nda bu kitap bask\u0131ya haz\u0131rlan\u0131rken dahi \u00e7ok \u00e7e\u015fitli komplo teorileri \u00fcretilmeye devam ediliyor. Hen\u00fcz \u00e7\u0131k\u0131\u015f nedeni hi\u00e7bir resmi makamca onaylanmayan, tedavi s\u00fcreci bile h\u00e2l\u00e2 klinik deney a\u015famas\u0131nda olan ve Covid-19 Pandemisi olarak literat\u00fcre ge\u00e7en k\u00fcresel salg\u0131n hen\u00fcz \u00f6nlenememi\u015fken, Dark \u0130stanbul yazarlar\u0131 yak\u0131n ve uzak gelecek \u00f6ng\u00f6r\u00fclerini kurgulayarak Salg\u0131n \u0130stanbul Antoloji \u2019sinde toplad\u0131lar.Elbette ki bu teoriler tamamen edebiyat\u00e7\u0131lar\u0131n geni\u015f hayal g\u00fcc\u00fc eseri olsa da ge\u00e7mi\u015f zamanlarda benzer kurgular\u0131n ger\u00e7ekle\u015fti\u011fini, medeniyetlerin kesintiye u\u011frad\u0131\u011f\u0131n\u0131, tarihi bulgulardan g\u00f6ren bir toplum olarak \u201cya bu sefer de olursa?\u201d kayg\u0131s\u0131 ta\u015f\u0131m\u0131yor de\u011filiz. 2019 y\u0131l\u0131nda patlak veren COVID-19 isimli vir\u00fcs\u00fcn ak\u0131l almaz bir h\u0131zla d\u00fcnyan\u0131n tamam\u0131na yay\u0131lmas\u0131 sonras\u0131nda, ard\u0131 ard\u0131na \u00fcretilen komplo teorileri aras\u0131nda ger\u00e7ekle\u015fmekte olanlara belki de \u00e7ok yak\u0131n\u0131z. Bunun i\u00e7in haz\u0131rlad\u0131\u011f\u0131m\u0131z olas\u0131 felaket teorilerini g\u00f6rselle\u015ftiren videomuzu a\u015fa\u011f\u0131daki QR Code\u2019u okutarak izleyebilirsiniz. Ayr\u0131ca her \u00f6yk\u00fc ba\u015flarken yazarlar\u0131m\u0131z\u0131n mesajlar\u0131 da dijital video olarak kay\u0131t edildi. Onlar\u0131 da QR Code\u2019lar\u0131 okutarak izleyebilirsiniz. Zira kitaplar belki yok olur endi\u015fesiyle bu dijital dok\u00fcmanlar\u0131 uzay bo\u015flu\u011funa tutturmaya karar verdik.E\u011fer bu kitab\u0131 kitap\u00e7\u0131lardan sat\u0131n ald\u0131ysan\u0131z, hen\u00fcz sa\u011fl\u0131kl\u0131s\u0131n\u0131z demektir. E\u011fer i\u015f i\u015ften ge\u00e7tikten sonra bu kitab\u0131 bir yerlerde g\u00f6rd\u00fcyseniz, l\u00fctfen hangi yazar\u0131m\u0131z\u0131n teorisi do\u011fru \u00e7\u0131kt\u0131ysa onun sayfas\u0131n\u0131 i\u015faretleyiniz. Bunlar\u0131n hi\u00e7biri olmad\u0131 ve yaln\u0131zca uzay bo\u015flu\u011funa tutturulmu\u015f videolar\u0131m\u0131za eri\u015ftiyseniz, size sadece \u015funu s\u00f6ylemek istiyoruz: \u201c\u0130nsanlar cehennemlerini kendileri yaratt\u0131lar.\u201d (Salg\u0131n \u0130stanbul Yazarlar\u0131)<\/p>\n","protected":false},"excerpt":{"rendered":"<p>Yazarlar bu kitapla gelece\u011fe mesaj g\u00f6nderiyor!\u201c\u0130nsanlar cehennemlerini kendileri yaratt\u0131lar\u201dGelece\u011fe Mesaj\u0131m\u0131z var!\u00c7in\u2019in Wuhan kentinde ba\u015flayan ve inan\u0131lmaz bir h\u0131zla d\u00fcnyaya yay\u0131lan Korona vir\u00fcs\u00fc hakk\u0131nda bu kitap bask\u0131ya<span class=\"excerpt-hellip\"> [\u2026]<\/span><\/p>\n","protected":false},"featured_media":0,"template":"","meta":{"_monsterinsights_skip_tracking":false,"_monsterinsights_sitenote_active":false,"_monsterinsights_sitenote_note":"","_monsterinsights_sitenote_category":0},"product_brand":[],"product_cat":[14060,12291],"product_tag":[],"class_list":{"0":"post-736168","1":"product","2":"type-product","3":"status-publish","5":"product_cat-antoloji","6":"product_cat-edebiyat","7":"pa_cilt-ciltsiz","8":"pa_tur-kitap","9":"pa_yayinevi-dark-istanbul-yayinlari","10":"pa_yazar-dark-istanbul-yayinlari-kolektif","12":"first","13":"instock","14":"sale","15":"shipping-taxable","16":"purchasable","17":"product-type-simple"},"_links":{"self":[{"href":"https:\/\/roveyayinevi.com.tr\/index.php\/wp-json\/wp\/v2\/product\/736168","targetHints":{"allow":["GET"]}}],"collection":[{"href":"https:\/\/roveyayinevi.com.tr\/index.php\/wp-json\/wp\/v2\/product"}],"about":[{"href":"https:\/\/roveyayinevi.com.tr\/index.php\/wp-json\/wp\/v2\/types\/product"}],"wp:attachment":[{"href":"https:\/\/roveyayinevi.com.tr\/index.php\/wp-json\/wp\/v2\/media?parent=736168"}],"wp:term":[{"taxonomy":"product_brand","embeddable":true,"href":"https:\/\/roveyayinevi.com.tr\/index.php\/wp-json\/wp\/v2\/product_brand?post=736168"},{"taxonomy":"product_cat","embeddable":true,"href":"https:\/\/roveyayinevi.com.tr\/index.php\/wp-json\/wp\/v2\/product_cat?post=736168"},{"taxonomy":"product_tag","embeddable":true,"href":"https:\/\/roveyayinevi.com.tr\/index.php\/wp-json\/wp\/v2\/product_tag?post=736168"}],"curies":[{"name":"wp","href":"https:\/\/api.w.org\/{rel}","templated":true}]}}