{"id":736166,"date":"2025-08-27T23:01:59","date_gmt":"2025-08-27T20:01:59","guid":{"rendered":"https:\/\/roveyayinevi.com.tr\/index.php\/urun\/birlikte-muzik-yapalim\/"},"modified":"2026-04-03T02:51:22","modified_gmt":"2026-04-02T23:51:22","slug":"birlikte-muzik-yapalim","status":"publish","type":"product","link":"https:\/\/roveyayinevi.com.tr\/index.php\/urun\/birlikte-muzik-yapalim\/","title":{"rendered":"Birlikte M\u00fczik Yapal\u0131m"},"content":{"rendered":"<p>Kahraman\u0131m\u0131z \u00f6rdek kumsalda yaln\u0131z ya\u015far, tek ba\u015f\u0131na konser verir ve g\u00fcn\u00fcn kalan k\u0131sm\u0131n\u0131 bal\u0131k tutarak ge\u00e7irir. Arkada\u015f edinmeyi endi\u015fe verici bulan \u00f6rdek, hik\u00e2yenin ilerleyen b\u00f6l\u00fcm\u00fcnde orkestras\u0131 olan Ay\u0131, Tilki ve Mart\u0131 ile m\u00fczik yapacak m\u0131?   Tek ba\u015f\u0131na ya\u015fayan \u00f6rdek, kumsaldaki evinde y\u0131ld\u0131zlar\u0131n alt\u0131nda ukulele \u00e7alarken sessizli\u011fin ve huzurun keyfini \u00e7\u0131kar\u0131r. G\u00fcn\u00fcn birinde orkestras\u0131 olan Ay\u0131, Tilki ve Mart\u0131 ile kar\u015f\u0131la\u015f\u0131r. Ay\u0131, Tilki ve Mart\u0131\u2019dan beklenmedik bir teklif alan \u00f6rdek, sizce cesaretini toplay\u0131p orkestraya kat\u0131lacak m\u0131? \u00d6rdek, arkada\u015f edinme endi\u015fenin \u00fcstesinden gelip yeni arkada\u015flar\u0131yla birlikte m\u00fczik yapacak m\u0131?   Yazar Hakk\u0131nda Chloe Douglass, evindeki st\u00fcdyoda \u00e7izimler, karakterler ve hik\u00e2yeler \u00fczerine \u00e7al\u0131\u015fmaktad\u0131r. 2012\u2019de Kingston \u00dcniversitesi \u00e7izim b\u00f6l\u00fcm\u00fcnden y\u00fcksek lisans derecesiyle mezun oldu. Daha fazla bilgi i\u00e7in internet sitesi, Twitter ya da Instagram hesaplar\u0131n\u0131 ziyaret edebilirsiniz.   Sabri \u00dclker Vakf\u0131 Yay\u0131nlar\u0131 Hakk\u0131nda T\u00fcrk g\u0131da sekt\u00f6r\u00fcn\u00fcn efsane i\u015f insan\u0131 Sabri \u00dclker an\u0131s\u0131na kurulan Sabri \u00dclker Vakf\u0131, 2009 y\u0131l\u0131ndan bu yana toplumu beslenme ve sa\u011fl\u0131k alanlar\u0131nda bilimsel ve g\u00fcvenilir bilgiyle ayd\u0131nlatmak \u00fczere k\u00e2r amac\u0131 g\u00fctmeyen bir kurum olarak faaliyetlerini s\u00fcrd\u00fcr\u00fcyor. Sabri \u00dclker Vakf\u0131 Yay\u0131nlar\u0131, uluslararas\u0131 ve ulusal alanda ba\u015far\u0131l\u0131 \u00e7ocuk kitab\u0131 \u00f6rneklerini \u00e7ocuklar\u0131m\u0131z\u0131n geli\u015fimine katk\u0131 sunmak \u00fczere T\u00fcrk\u00e7eye kazand\u0131r\u0131yor, uyarl\u0131yor, faydal\u0131 olacaklar\u0131 yeniden yay\u0131mlayarak daha \u00e7ok \u00e7ocu\u011fun kitap okumas\u0131n\u0131 ama\u00e7l\u0131yor. Pop\u00fcler Bilim ve Akademik Yay\u0131nlar kategorilerinde ise bilim d\u00fcnyas\u0131n\u0131n \u00f6ne \u00e7\u0131kan eserlerini okuyucuyla bulu\u015fturuyor. <\/p>\n","protected":false},"excerpt":{"rendered":"<p>Kahraman\u0131m\u0131z \u00f6rdek kumsalda yaln\u0131z ya\u015far, tek ba\u015f\u0131na konser verir ve g\u00fcn\u00fcn kalan k\u0131sm\u0131n\u0131 bal\u0131k tutarak ge\u00e7irir. Arkada\u015f edinmeyi endi\u015fe verici bulan \u00f6rdek, hik\u00e2yenin ilerleyen b\u00f6l\u00fcm\u00fcnde orkestras\u0131<span class=\"excerpt-hellip\"> [\u2026]<\/span><\/p>\n","protected":false},"featured_media":0,"template":"","meta":{"_monsterinsights_skip_tracking":false,"_monsterinsights_sitenote_active":false,"_monsterinsights_sitenote_note":"","_monsterinsights_sitenote_category":0},"product_brand":[],"product_cat":[12274,12284],"product_tag":[],"class_list":{"0":"post-736166","1":"product","2":"type-product","3":"status-publish","5":"product_cat-cocuk-ve-genclik-kitaplari","6":"product_cat-hikayeler","7":"pa_cilt-ciltsiz","8":"pa_tur-kitap","9":"pa_yayinevi-sabri-ulker-vakfi-yayinlari","10":"pa_yazar-chloe-douglass","12":"first","13":"instock","14":"sale","15":"shipping-taxable","16":"purchasable","17":"product-type-simple"},"_links":{"self":[{"href":"https:\/\/roveyayinevi.com.tr\/index.php\/wp-json\/wp\/v2\/product\/736166","targetHints":{"allow":["GET"]}}],"collection":[{"href":"https:\/\/roveyayinevi.com.tr\/index.php\/wp-json\/wp\/v2\/product"}],"about":[{"href":"https:\/\/roveyayinevi.com.tr\/index.php\/wp-json\/wp\/v2\/types\/product"}],"wp:attachment":[{"href":"https:\/\/roveyayinevi.com.tr\/index.php\/wp-json\/wp\/v2\/media?parent=736166"}],"wp:term":[{"taxonomy":"product_brand","embeddable":true,"href":"https:\/\/roveyayinevi.com.tr\/index.php\/wp-json\/wp\/v2\/product_brand?post=736166"},{"taxonomy":"product_cat","embeddable":true,"href":"https:\/\/roveyayinevi.com.tr\/index.php\/wp-json\/wp\/v2\/product_cat?post=736166"},{"taxonomy":"product_tag","embeddable":true,"href":"https:\/\/roveyayinevi.com.tr\/index.php\/wp-json\/wp\/v2\/product_tag?post=736166"}],"curies":[{"name":"wp","href":"https:\/\/api.w.org\/{rel}","templated":true}]}}