{"id":736164,"date":"2025-08-27T23:01:57","date_gmt":"2025-08-27T20:01:57","guid":{"rendered":"https:\/\/roveyayinevi.com.tr\/index.php\/urun\/kirmizi-kurabiye\/"},"modified":"2026-04-16T02:44:51","modified_gmt":"2026-04-15T23:44:51","slug":"kirmizi-kurabiye","status":"publish","type":"product","link":"https:\/\/roveyayinevi.com.tr\/index.php\/urun\/kirmizi-kurabiye\/","title":{"rendered":"K\u0131rm\u0131z\u0131 Kurabiye"},"content":{"rendered":"<p>\u201cBu; a\u015fk\u0131 kovalayan kelebeklerin kendini bulma hik\u00e2yesi\u2026\u201d   Verona sokaklar\u0131nda \u00e2\u015f\u0131k oldu\u011fu adam\u0131 bekleyen Sahra, hi\u00e7 ummad\u0131\u011f\u0131 anda Romeo\u2019sunu kar\u015f\u0131s\u0131nda buldu\u011funda, sonunda mutlu sonlar\u0131na kavu\u015ftuklar\u0131n\u0131 d\u00fc\u015f\u00fcn\u00fcr. Fakat \u00e7ok ge\u00e7meden ortaya \u00e7\u0131kan s\u0131rlar, Sahra ve Emir\u2019in a\u015fklar\u0131n\u0131n bir kez daha s\u0131nanmas\u0131na sebep olur.   \u00c2\u015f\u0131k oldu\u011fu kad\u0131ndan uzakla\u015f\u0131p inzivaya \u00e7ekilen Emir Hanzade, bir d\u00fc\u011f\u00fcne davetsiz misafir olarak kat\u0131ld\u0131\u011f\u0131nda a\u015f\u0131rd\u0131\u011f\u0131 tek \u015feyin d\u00fc\u011f\u00fcndeki ikramlar oldu\u011funu d\u00fc\u015f\u00fcn\u00fcrken, g\u00fcn\u00fcn sonunda kendini gelini ka\u00e7\u0131r\u0131rken bulur. Yan\u0131ndaki kad\u0131na yard\u0131m etmekten ba\u015fka \u00e7aresi kalmayan Emir Hanzade, yakas\u0131n\u0131 bu beladan nas\u0131l kurtaraca\u011f\u0131n\u0131 d\u00fc\u015f\u00fcn\u00fcrken i\u015fler iyice kontrolden \u00e7\u0131kar. \u00c7\u00fcnk\u00fc \u00f6\u011frendiklerinden sonra Rosa\u2019ya verdi\u011fi s\u00f6z\u00fc tutmak zorundad\u0131r.   Ay\u00e7\u00f6re\u011fi ve Elmal\u0131 Turta\u2019n\u0131n ard\u0131ndan h\u0131z kesmeden devam eden hik\u00e2yede sona gelinirken, Sahra ve Emir\u2019in kaderini ba\u015fkas\u0131na ait bir kalp de\u011fi\u015ftirecektir.   \u201cS\u00f6z veriyorum, bu \u00e7ekti\u011fimiz ac\u0131lar \u0130leride anlataca\u011f\u0131m\u0131z tatl\u0131 an\u0131lar olacak\u2026\u201d  <\/p>\n","protected":false},"excerpt":{"rendered":"<p>\u201cBu; a\u015fk\u0131 kovalayan kelebeklerin kendini bulma hik\u00e2yesi\u2026\u201d Verona sokaklar\u0131nda \u00e2\u015f\u0131k oldu\u011fu adam\u0131 bekleyen Sahra, hi\u00e7 ummad\u0131\u011f\u0131 anda Romeo\u2019sunu kar\u015f\u0131s\u0131nda buldu\u011funda, sonunda mutlu sonlar\u0131na kavu\u015ftuklar\u0131n\u0131 d\u00fc\u015f\u00fcn\u00fcr. Fakat<span class=\"excerpt-hellip\"> [\u2026]<\/span><\/p>\n","protected":false},"featured_media":0,"template":"","meta":{"_monsterinsights_skip_tracking":false,"_monsterinsights_sitenote_active":false,"_monsterinsights_sitenote_note":"","_monsterinsights_sitenote_category":0},"product_brand":[],"product_cat":[12291,12711],"product_tag":[],"class_list":{"0":"post-736164","1":"product","2":"type-product","3":"status-publish","5":"product_cat-edebiyat","6":"product_cat-roman-oyku","7":"pa_cilt-ciltsiz","8":"pa_tur-kitap","9":"pa_yayinevi-ren-kitap","10":"pa_yazar-zeynep-sahra","12":"first","13":"instock","14":"sale","15":"shipping-taxable","16":"purchasable","17":"product-type-simple"},"_links":{"self":[{"href":"https:\/\/roveyayinevi.com.tr\/index.php\/wp-json\/wp\/v2\/product\/736164","targetHints":{"allow":["GET"]}}],"collection":[{"href":"https:\/\/roveyayinevi.com.tr\/index.php\/wp-json\/wp\/v2\/product"}],"about":[{"href":"https:\/\/roveyayinevi.com.tr\/index.php\/wp-json\/wp\/v2\/types\/product"}],"wp:attachment":[{"href":"https:\/\/roveyayinevi.com.tr\/index.php\/wp-json\/wp\/v2\/media?parent=736164"}],"wp:term":[{"taxonomy":"product_brand","embeddable":true,"href":"https:\/\/roveyayinevi.com.tr\/index.php\/wp-json\/wp\/v2\/product_brand?post=736164"},{"taxonomy":"product_cat","embeddable":true,"href":"https:\/\/roveyayinevi.com.tr\/index.php\/wp-json\/wp\/v2\/product_cat?post=736164"},{"taxonomy":"product_tag","embeddable":true,"href":"https:\/\/roveyayinevi.com.tr\/index.php\/wp-json\/wp\/v2\/product_tag?post=736164"}],"curies":[{"name":"wp","href":"https:\/\/api.w.org\/{rel}","templated":true}]}}