{"id":736162,"date":"2025-08-27T23:01:55","date_gmt":"2025-08-27T20:01:55","guid":{"rendered":"https:\/\/roveyayinevi.com.tr\/index.php\/urun\/devin\/"},"modified":"2026-04-08T02:53:44","modified_gmt":"2026-04-07T23:53:44","slug":"devin","status":"publish","type":"product","link":"https:\/\/roveyayinevi.com.tr\/index.php\/urun\/devin\/","title":{"rendered":"Devin"},"content":{"rendered":"<p>\u00b7         8 ADET FOTOKART HED\u0130YEL\u0130   \u201cBu ya\u015fanan olay da k\u00e2busumun bir par\u00e7as\u0131yd\u0131 ve ben bu k\u00e2busu peri masal\u0131na d\u00f6nd\u00fcrmek i\u00e7in elimden geleni yapmaya haz\u0131rd\u0131m.\u201d   Menfaat u\u011fruna babas\u0131 taraf\u0131ndan hayat\u0131 ba\u015fka birinin ellerine b\u0131rak\u0131lan Devin, hayattaki yeg\u00e2ne varl\u0131\u011f\u0131 k\u0131z\u0131 Alya i\u00e7in y\u0131llarca s\u00fcren zulme boyun e\u011fer. Gen\u00e7 kad\u0131n\u0131n tahamm\u00fcl\u00fc t\u00fckenir; art\u0131k o hem bir katil hem de bir ka\u00e7akt\u0131r! Devin, kadere boyun e\u011fmekten vazge\u00e7ip kendi yolunu \u00e7izmeye karar verir. Hayat\u0131n\u0131n en b\u00fcy\u00fck ad\u0131m\u0131n\u0131 atarak a\u015fk\u0131n ger\u00e7ek anlam\u0131n\u0131 g\u00fcnden g\u00fcne ke\u015ffederken \u015f\u00fcphesiz hayat\u0131n\u0131n en \u00e7aresiz sava\u015f\u0131n\u0131 verir. K\u0131z\u0131 Alya \u00f6l\u00fcmc\u00fcl bir hastal\u0131\u011fa sahiptir. Ya\u015fanan her \u015feyle m\u00fccadele eden gen\u00e7 anne, k\u0131z\u0131n\u0131n iyile\u015fece\u011fini d\u00fc\u015f\u00fcnerek yanl\u0131\u015f bir tedaviye ba\u015fvurur ve kendilerini hedef tahtas\u0131 h\u00e2line getirir. <\/p>\n","protected":false},"excerpt":{"rendered":"<p>\u00b7 8 ADET FOTOKART HED\u0130YEL\u0130 \u201cBu ya\u015fanan olay da k\u00e2busumun bir par\u00e7as\u0131yd\u0131 ve ben bu k\u00e2busu peri masal\u0131na d\u00f6nd\u00fcrmek i\u00e7in elimden geleni yapmaya haz\u0131rd\u0131m.\u201d Menfaat u\u011fruna<span class=\"excerpt-hellip\"> [\u2026]<\/span><\/p>\n","protected":false},"featured_media":0,"template":"","meta":{"_monsterinsights_skip_tracking":false,"_monsterinsights_sitenote_active":false,"_monsterinsights_sitenote_note":"","_monsterinsights_sitenote_category":0},"product_brand":[],"product_cat":[12291,12711],"product_tag":[],"class_list":{"0":"post-736162","1":"product","2":"type-product","3":"status-publish","5":"product_cat-edebiyat","6":"product_cat-roman-oyku","7":"pa_cilt-ciltsiz","8":"pa_tur-kitap","9":"pa_yayinevi-dokuz-yayinlari","10":"pa_yazar-can-dikmenli","12":"first","13":"instock","14":"sale","15":"shipping-taxable","16":"purchasable","17":"product-type-simple"},"_links":{"self":[{"href":"https:\/\/roveyayinevi.com.tr\/index.php\/wp-json\/wp\/v2\/product\/736162","targetHints":{"allow":["GET"]}}],"collection":[{"href":"https:\/\/roveyayinevi.com.tr\/index.php\/wp-json\/wp\/v2\/product"}],"about":[{"href":"https:\/\/roveyayinevi.com.tr\/index.php\/wp-json\/wp\/v2\/types\/product"}],"wp:attachment":[{"href":"https:\/\/roveyayinevi.com.tr\/index.php\/wp-json\/wp\/v2\/media?parent=736162"}],"wp:term":[{"taxonomy":"product_brand","embeddable":true,"href":"https:\/\/roveyayinevi.com.tr\/index.php\/wp-json\/wp\/v2\/product_brand?post=736162"},{"taxonomy":"product_cat","embeddable":true,"href":"https:\/\/roveyayinevi.com.tr\/index.php\/wp-json\/wp\/v2\/product_cat?post=736162"},{"taxonomy":"product_tag","embeddable":true,"href":"https:\/\/roveyayinevi.com.tr\/index.php\/wp-json\/wp\/v2\/product_tag?post=736162"}],"curies":[{"name":"wp","href":"https:\/\/api.w.org\/{rel}","templated":true}]}}