{"id":736160,"date":"2025-08-27T23:01:52","date_gmt":"2025-08-27T20:01:52","guid":{"rendered":"https:\/\/roveyayinevi.com.tr\/index.php\/urun\/kutsal-tecrit\/"},"modified":"2026-04-16T02:44:51","modified_gmt":"2026-04-15T23:44:51","slug":"kutsal-tecrit","status":"publish","type":"product","link":"https:\/\/roveyayinevi.com.tr\/index.php\/urun\/kutsal-tecrit\/","title":{"rendered":"Kutsal Tecrit"},"content":{"rendered":"<p>Meliha sekiz ya\u015f\u0131nda, beyaz minik \u00e7i\u00e7ekli, a\u00e7\u0131k mavi bir elbisesi var\u2026Meliha ortaokulda, en \u00e7ok resim dersini seviyor\u2026Meliha lisede, tiyatro grubuna kat\u0131l\u0131yor, yepyeni d\u00fcnyalara a\u00e7\u0131l\u0131yor\u2026Meliha \u00fcniversitede, Meliha i\u015fe girdi, evlendi; Meliha\u2019n\u0131n bir k\u0131z\u0131 var\u2026Meliha d\u00fcnyan\u0131n, T\u00fcrkiye\u2019nin herhangi bir yerinde ya\u015fayan bir \u00e7ocuk-kad\u0131n. Bir \u00f6m\u00fcr boyu yaln\u0131z b\u0131rak\u0131lm\u0131\u015f \u00e7ocuklardan sadece biri ve b\u00fcy\u00fck bir s\u0131rr\u0131 var. Babas\u0131 \u201cSak\u0131n kimseye s\u00f6yleme\u201d demi\u015f. Meliha, onu korumayan annesini korumak i\u00e7in susmu\u015f y\u0131llarca. Onu korumayan \u201ckutsal\u201d ailesini korumak i\u00e7in susmu\u015f; onu korumas\u0131 gereken toplum ve devlet ya\u015fad\u0131klar\u0131n\u0131 duymak bile istemedi\u011fi i\u00e7in susmu\u015f.Biliyordum insanlar\u0131n bu konuyu ne kadar zorlanarak dinlediklerini. Duymak istemediklerini, duymad\u0131klar\u0131n\u0131. \u00c7ok s\u00f6yleyen oldu \u201cFarz et bunu bana anlatmad\u0131n.\u201d \u00dcstelik insanlara s\u00f6yledi\u011fim en fazla iki c\u00fcmleydi. \u201c\u00c7ocukken tecav\u00fcze u\u011frad\u0131m.\u201d \u201cYapan babamd\u0131.\u201d Ben art\u0131k bu iki c\u00fcmleyle s\u0131n\u0131rland\u0131r\u0131lmak, duyulmamakla susturulmak istemiyordum. Sessizlik bir tecritti.Bir zamanlar birilerini korumak i\u00e7in susan, anlatt\u0131\u011f\u0131ndaysa sessizlikle bo\u011fulan Meliha, \u015fimdi ba\u015fka \u00e7ocuklar\u0131 korumak i\u00e7in konu\u015fuyor.<\/p>\n","protected":false},"excerpt":{"rendered":"<p>Meliha sekiz ya\u015f\u0131nda, beyaz minik \u00e7i\u00e7ekli, a\u00e7\u0131k mavi bir elbisesi var\u2026Meliha ortaokulda, en \u00e7ok resim dersini seviyor\u2026Meliha lisede, tiyatro grubuna kat\u0131l\u0131yor, yepyeni d\u00fcnyalara a\u00e7\u0131l\u0131yor\u2026Meliha \u00fcniversitede, Meliha<span class=\"excerpt-hellip\"> [\u2026]<\/span><\/p>\n","protected":false},"featured_media":0,"template":"","meta":{"_monsterinsights_skip_tracking":false,"_monsterinsights_sitenote_active":false,"_monsterinsights_sitenote_note":"","_monsterinsights_sitenote_category":0},"product_brand":[],"product_cat":[12291,12711],"product_tag":[],"class_list":{"0":"post-736160","1":"product","2":"type-product","3":"status-publish","5":"product_cat-edebiyat","6":"product_cat-roman-oyku","7":"pa_cilt-ciltsiz","8":"pa_tur-kitap","9":"pa_yayinevi-kirmizi-kedi-yayinevi","10":"pa_yazar-meliha-yildiz","12":"first","13":"instock","14":"sale","15":"shipping-taxable","16":"purchasable","17":"product-type-simple"},"_links":{"self":[{"href":"https:\/\/roveyayinevi.com.tr\/index.php\/wp-json\/wp\/v2\/product\/736160","targetHints":{"allow":["GET"]}}],"collection":[{"href":"https:\/\/roveyayinevi.com.tr\/index.php\/wp-json\/wp\/v2\/product"}],"about":[{"href":"https:\/\/roveyayinevi.com.tr\/index.php\/wp-json\/wp\/v2\/types\/product"}],"wp:attachment":[{"href":"https:\/\/roveyayinevi.com.tr\/index.php\/wp-json\/wp\/v2\/media?parent=736160"}],"wp:term":[{"taxonomy":"product_brand","embeddable":true,"href":"https:\/\/roveyayinevi.com.tr\/index.php\/wp-json\/wp\/v2\/product_brand?post=736160"},{"taxonomy":"product_cat","embeddable":true,"href":"https:\/\/roveyayinevi.com.tr\/index.php\/wp-json\/wp\/v2\/product_cat?post=736160"},{"taxonomy":"product_tag","embeddable":true,"href":"https:\/\/roveyayinevi.com.tr\/index.php\/wp-json\/wp\/v2\/product_tag?post=736160"}],"curies":[{"name":"wp","href":"https:\/\/api.w.org\/{rel}","templated":true}]}}