{"id":736159,"date":"2025-08-27T23:01:51","date_gmt":"2025-08-27T20:01:51","guid":{"rendered":"https:\/\/roveyayinevi.com.tr\/index.php\/urun\/limit-3-cilt\/"},"modified":"2026-04-16T02:44:51","modified_gmt":"2026-04-15T23:44:51","slug":"limit-3-cilt","status":"publish","type":"product","link":"https:\/\/roveyayinevi.com.tr\/index.php\/urun\/limit-3-cilt\/","title":{"rendered":"Limit 3. Cilt"},"content":{"rendered":"<p>Yaras\u0131 gittik\u00e7e a\u011f\u0131rla\u015fan ve grupta hi\u00e7bir i\u015fe yaramad\u0131\u011f\u0131n\u0131, bu y\u00fczden kendisini g\u00f6zden \u00e7\u0131kard\u0131klar\u0131n\u0131 d\u00fc\u015f\u00fcnen \u00c7ikage Usui, Mori\u015fige&#8217;nin gruptakiler \u00fczerinde bask\u0131 kurmas\u0131n\u0131 sa\u011flayan t\u0131rpan\u0131n\u0131 da alarak ka\u00e7\u0131yor. Gruptaki di\u011fer k\u0131zlar hayat\u0131ndan endi\u015fe ettikleri Usui\u2019yi aramaya koyuluyorlar hemen. Konno ve arkada\u015flar\u0131 onun iyi oldu\u011fundan emin olmak isterken, Mori\u015fige sadece silah\u0131n\u0131 ve g\u00fcc\u00fcn\u00fc ne pahas\u0131na olursa olsun yeniden kazanma derdinde.   Eve d\u00f6n\u00fc\u015f yolu aramak i\u00e7in birlik olmak yerine, birbirlerine tam olarak g\u00fcvenememeleri y\u00fcz\u00fcnden hepsi kendi d\u00fcnyas\u0131na \u00e7ekiliyor. Ama yeni bir geli\u015fme her \u015feyi alt \u00fcst edecek!   Limit, bir grup gencin ya\u015fad\u0131\u011f\u0131 zorlu hayatta kalma m\u00fccadelesinin hik\u00e2yesi! <\/p>\n","protected":false},"excerpt":{"rendered":"<p>Yaras\u0131 gittik\u00e7e a\u011f\u0131rla\u015fan ve grupta hi\u00e7bir i\u015fe yaramad\u0131\u011f\u0131n\u0131, bu y\u00fczden kendisini g\u00f6zden \u00e7\u0131kard\u0131klar\u0131n\u0131 d\u00fc\u015f\u00fcnen \u00c7ikage Usui, Mori\u015fige&#8217;nin gruptakiler \u00fczerinde bask\u0131 kurmas\u0131n\u0131 sa\u011flayan t\u0131rpan\u0131n\u0131 da alarak ka\u00e7\u0131yor.<span class=\"excerpt-hellip\"> [\u2026]<\/span><\/p>\n","protected":false},"featured_media":0,"template":"","meta":{"_monsterinsights_skip_tracking":false,"_monsterinsights_sitenote_active":false,"_monsterinsights_sitenote_note":"","_monsterinsights_sitenote_category":0},"product_brand":[],"product_cat":[12416,12291],"product_tag":[],"class_list":{"0":"post-736159","1":"product","2":"type-product","3":"status-publish","5":"product_cat-cizgi-roman","6":"product_cat-edebiyat","7":"pa_cilt-ciltsiz","8":"pa_tur-kitap","9":"pa_yayinevi-akil-celen-kitaplar","10":"pa_yazar-keiko-suenobu","12":"first","13":"instock","14":"sale","15":"shipping-taxable","16":"purchasable","17":"product-type-simple"},"_links":{"self":[{"href":"https:\/\/roveyayinevi.com.tr\/index.php\/wp-json\/wp\/v2\/product\/736159","targetHints":{"allow":["GET"]}}],"collection":[{"href":"https:\/\/roveyayinevi.com.tr\/index.php\/wp-json\/wp\/v2\/product"}],"about":[{"href":"https:\/\/roveyayinevi.com.tr\/index.php\/wp-json\/wp\/v2\/types\/product"}],"wp:attachment":[{"href":"https:\/\/roveyayinevi.com.tr\/index.php\/wp-json\/wp\/v2\/media?parent=736159"}],"wp:term":[{"taxonomy":"product_brand","embeddable":true,"href":"https:\/\/roveyayinevi.com.tr\/index.php\/wp-json\/wp\/v2\/product_brand?post=736159"},{"taxonomy":"product_cat","embeddable":true,"href":"https:\/\/roveyayinevi.com.tr\/index.php\/wp-json\/wp\/v2\/product_cat?post=736159"},{"taxonomy":"product_tag","embeddable":true,"href":"https:\/\/roveyayinevi.com.tr\/index.php\/wp-json\/wp\/v2\/product_tag?post=736159"}],"curies":[{"name":"wp","href":"https:\/\/api.w.org\/{rel}","templated":true}]}}