{"id":736156,"date":"2025-08-27T23:01:49","date_gmt":"2025-08-27T20:01:49","guid":{"rendered":"https:\/\/roveyayinevi.com.tr\/index.php\/urun\/adan-zye-dinler-tarihi\/"},"modified":"2026-04-16T02:44:50","modified_gmt":"2026-04-15T23:44:50","slug":"adan-zye-dinler-tarihi","status":"publish","type":"product","link":"https:\/\/roveyayinevi.com.tr\/index.php\/urun\/adan-zye-dinler-tarihi\/","title":{"rendered":"A&#8217;dan Z&#8217;ye Dinler Tarihi"},"content":{"rendered":"<p>40 y\u0131l\u0131 a\u015fk\u0131n e\u011fitim ve \u00f6\u011fretim deneyimine sahip John Renard taraf\u0131ndan kaleme al\u0131nan A\u2019dan Z\u2019ye Dinler Tarihi d\u00fcnyadaki sekiz b\u00fcy\u00fck dini gelene\u011fin (Yahudilik, H\u0131ristiyanl\u0131k,M\u00fcsl\u00fcmanl\u0131k, Budizm, Hinduizm, Taoculuk, Konf\u00fc\u00e7y\u00fcs\u00e7\u00fcl\u00fck ve \u015einto) tarihi, inan\u00e7lar\u0131, sembolleri, rit\u00fcelleri, liderleri ve gelenekleri hakk\u0131nda 1000\u2019i a\u015fk\u0131n soruya yan\u0131t vermektedir. Davut Y\u0131ld\u0131z\u0131 nedir?Bu kadar \u00e7ok farkl\u0131 H\u0131ristiyan kilisesi nas\u0131l ortaya \u00e7\u0131kt\u0131?Ahiretle ilgili \u0130slami kavramlar nelerdir? Taoculukta cennet ve cehennem inan\u00e7lar\u0131 var m\u0131d\u0131r?Dalay Lama kimdir ve neden Budistlerin g\u00f6z\u00fcnde b\u00fcy\u00fck \u00f6nem ta\u015f\u0131r? Ayd\u0131nlat\u0131c\u0131 ve e\u011fitici A\u2019dan Z\u2019ye Dinler Tarihi kitab\u0131 yanl\u0131\u015f bilgileri ve yanl\u0131\u015f anlamalar\u0131 ortadan kald\u0131racak, k\u00fclt\u00fcrel ve tarihsel farkl\u0131l\u0131klar\u0131 a\u00e7\u0131klamaya yard\u0131mc\u0131 olarak okuyucuya d\u00fcnyan\u0131n b\u00fcy\u00fck dinleri hakk\u0131nda kapsaml\u0131 bir kavray\u0131\u015f sa\u011flayacakt\u0131r.<\/p>\n","protected":false},"excerpt":{"rendered":"<p>40 y\u0131l\u0131 a\u015fk\u0131n e\u011fitim ve \u00f6\u011fretim deneyimine sahip John Renard taraf\u0131ndan kaleme al\u0131nan A\u2019dan Z\u2019ye Dinler Tarihi d\u00fcnyadaki sekiz b\u00fcy\u00fck dini gelene\u011fin (Yahudilik, H\u0131ristiyanl\u0131k,M\u00fcsl\u00fcmanl\u0131k, Budizm, Hinduizm,<span class=\"excerpt-hellip\"> [\u2026]<\/span><\/p>\n","protected":false},"featured_media":0,"template":"","meta":{"_monsterinsights_skip_tracking":false,"_monsterinsights_sitenote_active":false,"_monsterinsights_sitenote_note":"","_monsterinsights_sitenote_category":0},"product_brand":[],"product_cat":[12718,16794],"product_tag":[],"class_list":{"0":"post-736156","1":"product","2":"type-product","3":"status-publish","5":"product_cat-din","6":"product_cat-dinler-tarihi","7":"pa_cilt-ciltsiz","8":"pa_tur-kitap","9":"pa_yayinevi-say-yayinlari","10":"pa_yazar-john-renard","12":"first","13":"instock","14":"sale","15":"shipping-taxable","16":"purchasable","17":"product-type-simple"},"_links":{"self":[{"href":"https:\/\/roveyayinevi.com.tr\/index.php\/wp-json\/wp\/v2\/product\/736156","targetHints":{"allow":["GET"]}}],"collection":[{"href":"https:\/\/roveyayinevi.com.tr\/index.php\/wp-json\/wp\/v2\/product"}],"about":[{"href":"https:\/\/roveyayinevi.com.tr\/index.php\/wp-json\/wp\/v2\/types\/product"}],"wp:attachment":[{"href":"https:\/\/roveyayinevi.com.tr\/index.php\/wp-json\/wp\/v2\/media?parent=736156"}],"wp:term":[{"taxonomy":"product_brand","embeddable":true,"href":"https:\/\/roveyayinevi.com.tr\/index.php\/wp-json\/wp\/v2\/product_brand?post=736156"},{"taxonomy":"product_cat","embeddable":true,"href":"https:\/\/roveyayinevi.com.tr\/index.php\/wp-json\/wp\/v2\/product_cat?post=736156"},{"taxonomy":"product_tag","embeddable":true,"href":"https:\/\/roveyayinevi.com.tr\/index.php\/wp-json\/wp\/v2\/product_tag?post=736156"}],"curies":[{"name":"wp","href":"https:\/\/api.w.org\/{rel}","templated":true}]}}