{"id":736154,"date":"2025-08-27T23:01:46","date_gmt":"2025-08-27T20:01:46","guid":{"rendered":"https:\/\/roveyayinevi.com.tr\/index.php\/urun\/inanilmaz\/"},"modified":"2026-04-16T02:44:50","modified_gmt":"2026-04-15T23:44:50","slug":"inanilmaz","status":"publish","type":"product","link":"https:\/\/roveyayinevi.com.tr\/index.php\/urun\/inanilmaz\/","title":{"rendered":"\u0130nan\u0131lmaz"},"content":{"rendered":"<p>\u201cBu derin, rahats\u0131z edici, zorlay\u0131c\u0131, \u00f6nemli bir kitap\u2026 B\u00fcy\u00fcleyici ve keskin bir dille yaz\u0131lm\u0131\u015f bu hik\u00e2ye sizi saracak ve ayn\u0131 zamanda \u015fa\u015f\u0131rtacak.\u201d\u2014Susan Orlean, The Library Book [K\u00fct\u00fcphanelerin Bilinmeyen D\u00fcnyas\u0131] ve The Orchid Thief\u2019in [Orkide H\u0131rs\u0131z\u0131] yazar\u013111 A\u011fustos 2008\u2019de on sekiz ya\u015f\u0131ndaki Marie, Washington, Seattle yak\u0131nlar\u0131ndaki dairesinde maskeli bir adam\u0131n kendisine tecav\u00fcz etti\u011fini bildirdi. Birka\u00e7 g\u00fcn i\u00e7inde polis ve Marie\u2019nin en ya k\u0131nlar\u0131 onun hik\u00e2yesinden \u015f\u00fcphelenmeye ba\u015flad\u0131. Polis y\u00f6n de\u011fi\u015ftirerek Marie\u2019yi ara\u015ft\u0131rmaya koyuldu. Hik\u00e2yesindeki tutars\u0131zl\u0131klar ve ba\u015fkalar\u0131n\u0131n \u015f\u00fcpheleriyle y\u00fczle\u015fen Marie, kendini kaybetti ve anlatt\u0131klar\u0131n\u0131n yalan oldu\u011funu s\u00f6yledi. Polis, onu yalan ve yan\u0131lt\u0131c\u0131 ifade vermekten su\u00e7lu buldu.\u0130ki y\u0131l sonra bir cinsel sald\u0131r\u0131 vakas\u0131n\u0131 ara\u015ft\u0131rmakla g\u00f6revli iki dedektif, bir seri tecav\u00fczc\u00fcyle kar\u015f\u0131 kar\u015f\u0131ya olduklar\u0131n\u0131 ke\u015ffetti: Kurbanlar\u0131n\u0131 foto\u011fraflayan, g\u00f6r\u00fcnt\u00fcleri \u00e7evrimi\u00e7i olarak yay\u0131nlamakla tehdit eden ve t\u00fcm fiziksel kan\u0131tlar\u0131 silmek i\u00e7in hesaplanm\u0131\u015f ad\u0131mlar atan bir adamla.Soru\u015fturma dosyalar\u0131na, kapsaml\u0131 r\u00f6portajlara dayanan \u0130nan\u0131lmaz, \u015f\u00fcphenin, yalanlar\u0131n ve adaletin pe\u015finden giden ve rahats\u0131z edici ger\u00e7ekleri g\u00fcn y\u00fcz\u00fcne \u00e7\u0131karmaktan bir ad\u0131m bile geri durmayan sars\u0131c\u0131 bir s\u00fcreci g\u00f6zler \u00f6n\u00fcne sermektedir.\u201cBu, ara\u015ft\u0131rmac\u0131 gazetecilik ustalar\u0131 taraf\u0131ndan yaz\u0131lm\u0131\u015f, y\u0131k\u0131c\u0131 ancak gerekli bir eser.\u201d\u2014Bryan Stevenson, Just Mercy\u2019nin [Sadece Merhamet] yazar\u0131<\/p>\n","protected":false},"excerpt":{"rendered":"<p>\u201cBu derin, rahats\u0131z edici, zorlay\u0131c\u0131, \u00f6nemli bir kitap\u2026 B\u00fcy\u00fcleyici ve keskin bir dille yaz\u0131lm\u0131\u015f bu hik\u00e2ye sizi saracak ve ayn\u0131 zamanda \u015fa\u015f\u0131rtacak.\u201d\u2014Susan Orlean, The Library Book<span class=\"excerpt-hellip\"> [\u2026]<\/span><\/p>\n","protected":false},"featured_media":0,"template":"","meta":{"_monsterinsights_skip_tracking":false,"_monsterinsights_sitenote_active":false,"_monsterinsights_sitenote_note":"","_monsterinsights_sitenote_category":0},"product_brand":[],"product_cat":[12291,12711],"product_tag":[],"class_list":{"0":"post-736154","1":"product","2":"type-product","3":"status-publish","5":"product_cat-edebiyat","6":"product_cat-roman-oyku","7":"pa_cilt-ciltsiz","8":"pa_tur-kitap","9":"pa_yayinevi-marti-yayinlari","10":"pa_yazar-t-christian-miller-ken-armstrong","12":"first","13":"instock","14":"sale","15":"shipping-taxable","16":"purchasable","17":"product-type-simple"},"_links":{"self":[{"href":"https:\/\/roveyayinevi.com.tr\/index.php\/wp-json\/wp\/v2\/product\/736154","targetHints":{"allow":["GET"]}}],"collection":[{"href":"https:\/\/roveyayinevi.com.tr\/index.php\/wp-json\/wp\/v2\/product"}],"about":[{"href":"https:\/\/roveyayinevi.com.tr\/index.php\/wp-json\/wp\/v2\/types\/product"}],"wp:attachment":[{"href":"https:\/\/roveyayinevi.com.tr\/index.php\/wp-json\/wp\/v2\/media?parent=736154"}],"wp:term":[{"taxonomy":"product_brand","embeddable":true,"href":"https:\/\/roveyayinevi.com.tr\/index.php\/wp-json\/wp\/v2\/product_brand?post=736154"},{"taxonomy":"product_cat","embeddable":true,"href":"https:\/\/roveyayinevi.com.tr\/index.php\/wp-json\/wp\/v2\/product_cat?post=736154"},{"taxonomy":"product_tag","embeddable":true,"href":"https:\/\/roveyayinevi.com.tr\/index.php\/wp-json\/wp\/v2\/product_tag?post=736154"}],"curies":[{"name":"wp","href":"https:\/\/api.w.org\/{rel}","templated":true}]}}