{"id":736153,"date":"2025-08-27T23:01:45","date_gmt":"2025-08-27T20:01:45","guid":{"rendered":"https:\/\/roveyayinevi.com.tr\/index.php\/urun\/neredeyse-siradan-bir-aile\/"},"modified":"2026-04-16T02:44:50","modified_gmt":"2026-04-15T23:44:50","slug":"neredeyse-siradan-bir-aile","status":"publish","type":"product","link":"https:\/\/roveyayinevi.com.tr\/index.php\/urun\/neredeyse-siradan-bir-aile\/","title":{"rendered":"Neredeyse S\u0131radan Bir Aile"},"content":{"rendered":"<p>Bir zamanlar \u201cbiz\u201d olan\u0131n \u00e7atlaklar\u0131na huzursuzluk ve sessizlik dolmu\u015ftu.Ortak tek konumuz verdi\u011fimiz sava\u015ft\u0131.On sekiz ya\u015f\u0131ndaki Stella Sandell kendisinden neredeyse on be\u015f ya\u015f b\u00fcy\u00fck bir adam\u0131n vah\u015fice \u00f6ld\u00fcr\u00fclmesinden sorumlu tutulur. Sayg\u0131n bir ailenin s\u0131radan k\u0131z\u0131d\u0131r. Karanl\u0131k i\u015fler pe\u015findeki bir i\u015f adam\u0131n\u0131 b\u0131rak\u0131n \u00f6ld\u00fcrmeyi, tan\u0131mas\u0131 i\u00e7in bile nedeni yok gibidir.Baba, ortaya konan onca kan\u0131ta ra\u011fmen, k\u0131z\u0131n\u0131n masum oldu\u011funa inan\u0131yor. Anne ise kimsenin do\u011fruyu s\u00f6ylemedi\u011fini d\u00fc\u015f\u00fcn\u00fcyor. Ve gelece\u011fe dair hayalleri konusunda umutsuzlu\u011fa kap\u0131lan gen\u00e7 k\u0131z, ne kadar ileri gidebilece\u011fini kimsenin anlamad\u0131\u011f\u0131na inan\u0131yor\u2026S\u00fcr\u00fckleyici hik\u00e2yesiyle ba\u015ftan sona heyecanl\u0131 bir okuma sunan Neredeyse S\u0131radan Bir Aile, bizleri bir arada tutan \u015feyin sevgi mi yoksa yalanlar m\u0131 oldu\u011funa, al\u0131\u015ft\u0131\u011f\u0131m\u0131z hayatlar\u0131m\u0131z\u0131 korumak i\u00e7in neleri g\u00f6zden \u00e7\u0131karabilece\u011fimize dair ailedeki sadakat ve ahlaki de\u011ferler \u00fczerine \u00f6nemli bir okuma sunuyor.\u201cM. T. Edvardsson aldat\u0131c\u0131 ve s\u00fcr\u00fckleyici bir roman yazd\u0131. Neredeyse S\u0131radan Bir Aile size en yak\u0131nlar\u0131n\u0131z hakk\u0131nda bildi\u011finiz her \u015feyi sorgulatacakt\u0131r.\u201d- Karin Slaughter<\/p>\n","protected":false},"excerpt":{"rendered":"<p>Bir zamanlar \u201cbiz\u201d olan\u0131n \u00e7atlaklar\u0131na huzursuzluk ve sessizlik dolmu\u015ftu.Ortak tek konumuz verdi\u011fimiz sava\u015ft\u0131.On sekiz ya\u015f\u0131ndaki Stella Sandell kendisinden neredeyse on be\u015f ya\u015f b\u00fcy\u00fck bir adam\u0131n vah\u015fice<span class=\"excerpt-hellip\"> [\u2026]<\/span><\/p>\n","protected":false},"featured_media":0,"template":"","meta":{"_monsterinsights_skip_tracking":false,"_monsterinsights_sitenote_active":false,"_monsterinsights_sitenote_note":"","_monsterinsights_sitenote_category":0},"product_brand":[],"product_cat":[12291,17033],"product_tag":[],"class_list":{"0":"post-736153","1":"product","2":"type-product","3":"status-publish","5":"product_cat-edebiyat","6":"product_cat-korku-gerilim","7":"pa_cilt-ciltsiz","8":"pa_tur-kitap","9":"pa_yayinevi-marti-yayinlari","10":"pa_yazar-m-t-edvardsson","12":"first","13":"instock","14":"sale","15":"shipping-taxable","16":"purchasable","17":"product-type-simple"},"_links":{"self":[{"href":"https:\/\/roveyayinevi.com.tr\/index.php\/wp-json\/wp\/v2\/product\/736153","targetHints":{"allow":["GET"]}}],"collection":[{"href":"https:\/\/roveyayinevi.com.tr\/index.php\/wp-json\/wp\/v2\/product"}],"about":[{"href":"https:\/\/roveyayinevi.com.tr\/index.php\/wp-json\/wp\/v2\/types\/product"}],"wp:attachment":[{"href":"https:\/\/roveyayinevi.com.tr\/index.php\/wp-json\/wp\/v2\/media?parent=736153"}],"wp:term":[{"taxonomy":"product_brand","embeddable":true,"href":"https:\/\/roveyayinevi.com.tr\/index.php\/wp-json\/wp\/v2\/product_brand?post=736153"},{"taxonomy":"product_cat","embeddable":true,"href":"https:\/\/roveyayinevi.com.tr\/index.php\/wp-json\/wp\/v2\/product_cat?post=736153"},{"taxonomy":"product_tag","embeddable":true,"href":"https:\/\/roveyayinevi.com.tr\/index.php\/wp-json\/wp\/v2\/product_tag?post=736153"}],"curies":[{"name":"wp","href":"https:\/\/api.w.org\/{rel}","templated":true}]}}