{"id":736152,"date":"2025-08-27T23:01:44","date_gmt":"2025-08-27T20:01:44","guid":{"rendered":"https:\/\/roveyayinevi.com.tr\/index.php\/urun\/kazanirsak-kaybederiz-cevrimici\/"},"modified":"2026-04-16T02:44:50","modified_gmt":"2026-04-15T23:44:50","slug":"kazanirsak-kaybederiz-cevrimici","status":"publish","type":"product","link":"https:\/\/roveyayinevi.com.tr\/index.php\/urun\/kazanirsak-kaybederiz-cevrimici\/","title":{"rendered":"Kazan\u0131rsak Kaybederiz &#8211; \u00c7evrimi\u00e7i"},"content":{"rendered":"<p>\u201cBir ev, seni pop\u00fclerlik merdiveninde bir \u00fcst basama\u011fa ta\u015f\u0131yacak bir yar\u0131\u015fma ve birbirinden zorlu g\u00f6revler!\u201dFame Evi, sosyal medya fenomenlerinin b\u00fcy\u00fck \u00f6d\u00fcl\u00fc kazanmak i\u00e7in kat\u0131ld\u0131\u011f\u0131 bir yar\u0131\u015fma program\u0131d\u0131r. Frame adl\u0131 sosyal medya platformunda pop\u00fcler olan yar\u0131\u015fmac\u0131lara her hafta bir g\u00f6rev verilir ve kameralar kayda ge\u00e7er. Her yar\u0131\u015fmac\u0131 her an izleniyor olabilir! Kat\u0131l\u0131mc\u0131lar\u0131n kulaklar\u0131na nas\u0131l davranmalar\u0131 gerekti\u011fini f\u0131s\u0131ldayan yap\u0131mc\u0131lar\u0131n as\u0131l istedi\u011fi ise en \u00e7ok etkile\u015fimin toplanmas\u0131d\u0131r.Hayallerine bu yar\u0131\u015fmaya kat\u0131larak ula\u015faca\u011f\u0131n\u0131 d\u00fc\u015f\u00fcnen Eva Durusoy, eve girdi\u011fi andan itibaren hi\u00e7bir \u015feyin d\u00fc\u015fledi\u011fi gibi olmayaca\u011f\u0131n\u0131 anlar. Fame Evi, sand\u0131\u011f\u0131ndan \u00e7ok daha ak\u0131l almaz bir yerdir. Kamera \u00f6n\u00fcnde ve arkas\u0131nda ba\u015fka kimliklere b\u00fcr\u00fcnen yar\u0131\u015fmac\u0131lar, kazanmak i\u00e7in her \u015feyi yapmaya haz\u0131rd\u0131r. \u00dcstelik y\u0131llard\u0131r hayranl\u0131kla takip etti\u011fi fenomen de bu yar\u0131\u015fmac\u0131lardan biridir.Peki ya Eva, girdi\u011fi bu pop\u00fclerlik yar\u0131\u015f\u0131n\u0131 kazanmak i\u00e7in sava\u015f\u0131rken hem kendini hem de a\u015fk\u0131n\u0131 koruyabilecek midir?<\/p>\n","protected":false},"excerpt":{"rendered":"<p>\u201cBir ev, seni pop\u00fclerlik merdiveninde bir \u00fcst basama\u011fa ta\u015f\u0131yacak bir yar\u0131\u015fma ve birbirinden zorlu g\u00f6revler!\u201dFame Evi, sosyal medya fenomenlerinin b\u00fcy\u00fck \u00f6d\u00fcl\u00fc kazanmak i\u00e7in kat\u0131ld\u0131\u011f\u0131 bir yar\u0131\u015fma<span class=\"excerpt-hellip\"> [\u2026]<\/span><\/p>\n","protected":false},"featured_media":0,"template":"","meta":{"_monsterinsights_skip_tracking":false,"_monsterinsights_sitenote_active":false,"_monsterinsights_sitenote_note":"","_monsterinsights_sitenote_category":0},"product_brand":[],"product_cat":[12291,12711],"product_tag":[],"class_list":{"0":"post-736152","1":"product","2":"type-product","3":"status-publish","5":"product_cat-edebiyat","6":"product_cat-roman-oyku","7":"pa_cilt-ciltli","8":"pa_tur-kitap","9":"pa_yayinevi-marti-yayinlari","10":"pa_yazar-zeynep-sayin","12":"first","13":"instock","14":"sale","15":"shipping-taxable","16":"purchasable","17":"product-type-simple"},"_links":{"self":[{"href":"https:\/\/roveyayinevi.com.tr\/index.php\/wp-json\/wp\/v2\/product\/736152","targetHints":{"allow":["GET"]}}],"collection":[{"href":"https:\/\/roveyayinevi.com.tr\/index.php\/wp-json\/wp\/v2\/product"}],"about":[{"href":"https:\/\/roveyayinevi.com.tr\/index.php\/wp-json\/wp\/v2\/types\/product"}],"wp:attachment":[{"href":"https:\/\/roveyayinevi.com.tr\/index.php\/wp-json\/wp\/v2\/media?parent=736152"}],"wp:term":[{"taxonomy":"product_brand","embeddable":true,"href":"https:\/\/roveyayinevi.com.tr\/index.php\/wp-json\/wp\/v2\/product_brand?post=736152"},{"taxonomy":"product_cat","embeddable":true,"href":"https:\/\/roveyayinevi.com.tr\/index.php\/wp-json\/wp\/v2\/product_cat?post=736152"},{"taxonomy":"product_tag","embeddable":true,"href":"https:\/\/roveyayinevi.com.tr\/index.php\/wp-json\/wp\/v2\/product_tag?post=736152"}],"curies":[{"name":"wp","href":"https:\/\/api.w.org\/{rel}","templated":true}]}}